{"id":12,"date":"2019-08-27T12:32:18","date_gmt":"2019-08-27T10:32:18","guid":{"rendered":"https:\/\/culturayciencia.org\/litterae\/?page_id=12"},"modified":"2026-03-02T07:58:25","modified_gmt":"2026-03-02T06:58:25","slug":"litterae","status":"publish","type":"page","link":"https:\/\/culturayciencia.org\/litterae\/","title":{"rendered":"LITTERAE"},"content":{"rendered":"\n<div class=\"wp-block-uagb-advanced-heading uagb-block-d7175dcf\" id=\"uagb-adv-heading-949330ca-72a7-4c90-8b31-af5c20851c80\"><h2 class=\"uagb-heading-text\"> <strong>\u00bfQu\u00e9 es Litterae?<\/strong> <\/h2><\/div>\n\n\n\n<div><div class=\"wp-block-image\">\n<figure class=\"aligncenter size-full is-resized\"><img loading=\"lazy\" decoding=\"async\" width=\"2457\" height=\"984\" src=\"https:\/\/culturayciencia.org\/litterae\/wp-content\/uploads\/2025\/11\/Banner-web-principal-2026.webp\" alt=\"\" class=\"wp-image-5608\" style=\"width:837px;height:auto\" srcset=\"https:\/\/culturayciencia.org\/litterae\/wp-content\/uploads\/2025\/11\/Banner-web-principal-2026.webp 2457w, https:\/\/culturayciencia.org\/litterae\/wp-content\/uploads\/2025\/11\/Banner-web-principal-2026-300x120.webp 300w, https:\/\/culturayciencia.org\/litterae\/wp-content\/uploads\/2025\/11\/Banner-web-principal-2026-1024x410.webp 1024w, https:\/\/culturayciencia.org\/litterae\/wp-content\/uploads\/2025\/11\/Banner-web-principal-2026-768x308.webp 768w, https:\/\/culturayciencia.org\/litterae\/wp-content\/uploads\/2025\/11\/Banner-web-principal-2026-1536x615.webp 1536w, https:\/\/culturayciencia.org\/litterae\/wp-content\/uploads\/2025\/11\/Banner-web-principal-2026-2048x820.webp 2048w\" sizes=\"auto, (max-width: 2457px) 100vw, 2457px\" \/><\/figure>\n<\/div><\/div>\n\n\n\n<div class=\"gb-element-f331efad\">\n<div class=\"gb-element-af845153\">\n<div>\n<a class=\"gb-text gb-text-45ae0b7b\" href=\"https:\/\/docs.google.com\/forms\/d\/e\/1FAIpQLSfWl8Q1rFJc6BFbRZ157iX_ZYkInQFdZ7QVP0vS0RK2lwwWRw\/viewform\" target=\"_blank\" rel=\"noopener\">Inscripci\u00f3n 2026<\/a>\n<\/div>\n\n\n\n<div>\n<a class=\"gb-text gb-text-0c98cb8f\" href=\"https:\/\/culturayciencia.org\/litterae\/programa-2026\/\">Programa 2026<\/a>\n<\/div>\n\n\n\n<div>\n<a class=\"gb-text gb-text-2db59729\" href=\"https:\/\/culturayciencia.org\/litterae\/ponentes-2026\/\">Invitados\/as 2026<\/a>\n<\/div>\n\n\n\n<div>\n<a class=\"gb-text gb-text-b659a8cf\" href=\"https:\/\/culturayciencia.org\/litterae\/fechas-importantes-litterae-2026\/\">Fechas importantes<\/a>\n<\/div>\n\n\n\n<div>\n<a class=\"gb-text gb-text-ebbacb5a\" href=\"https:\/\/culturayciencia.org\/litterae\/micro-abierto-litterae-2026\/\">Micro Abierto 2026<\/a>\n<\/div>\n\n\n\n<div>\n<a class=\"gb-text gb-text-a69d7a3c\" href=\"https:\/\/docs.google.com\/forms\/d\/e\/1FAIpQLScwEkm1SUm62NwtKu05uwFmQoGom_dsFjLlxSMkdrYPUK5FxA\/closedform\" target=\"_blank\" rel=\"noopener\">Networking<\/a>\n<\/div>\n<\/div>\n<\/div>\n\n\n\n<p class=\"gb-text gb-text-1f204745\"><strong>Litterae 2026 se celebra los d\u00edas 6 y 7 marzo en la C\u00e1mara de Comercio de Ciudad Real.<\/strong> Inscripci\u00f3n gratuita.<\/p>\n\n\n\n<p>Es un<strong> <\/strong>encuentro que pretende reunir a los\/as distintos\/as agentes del mundo del libro, con el fin de analizar el sector editorial, facilitar la creaci\u00f3n de redes de colaboraci\u00f3n nacional e internacional, conocer nuevas tendencias en la producci\u00f3n y promoci\u00f3n del libro, fomentar la modernizaci\u00f3n del sector y el uso de las nuevas tecnolog\u00edas y apoyar la profesionalizaci\u00f3n de nuevos\/as y j\u00f3venes autores\/as.<\/p>\n\n\n\n<h2 class=\"wp-block-heading has-text-align-center has-vivid-red-color has-text-color\" id=\"experiencias-litterae\" style=\"font-size:25px\"><strong>Experiencias Litterae<\/strong><\/h2>\n\n\n\n<div class=\"wp-block-columns is-layout-flex wp-container-core-columns-is-layout-9d6595d7 wp-block-columns-is-layout-flex\">\n<div class=\"wp-block-column is-layout-flow wp-block-column-is-layout-flow\">\n<figure class=\"wp-block-video\"><video height=\"720\" style=\"aspect-ratio: 1280 \/ 720;\" width=\"1280\" controls poster=\"https:\/\/culturayciencia.org\/litterae\/wp-content\/uploads\/2021\/01\/Veronikke_Video_Litterae.jpg\" src=\"https:\/\/culturayciencia.org\/litterae\/wp-content\/uploads\/2021\/01\/LITTERAE-5-VERONICA-KIRCHHOFF.mp4\"><\/video><\/figure>\n<\/div>\n\n\n\n<div class=\"wp-block-column is-layout-flow wp-block-column-is-layout-flow\">\n<figure class=\"wp-block-video\"><video height=\"720\" style=\"aspect-ratio: 1280 \/ 720;\" width=\"1280\" controls poster=\"https:\/\/culturayciencia.org\/litterae\/wp-content\/uploads\/2021\/01\/Erivan_Video_Litterae.jpg\" src=\"https:\/\/culturayciencia.org\/litterae\/wp-content\/uploads\/2021\/01\/LITTERAE-6-ANTONIO-ERIVAN.mp4\"><\/video><\/figure>\n<\/div>\n\n\n\n<div class=\"wp-block-column is-layout-flow wp-block-column-is-layout-flow\">\n<figure class=\"wp-block-video\"><video height=\"720\" style=\"aspect-ratio: 1280 \/ 720;\" width=\"1280\" controls poster=\"https:\/\/culturayciencia.org\/litterae\/wp-content\/uploads\/2021\/01\/Martina_Video_Litterae.jpg\" src=\"https:\/\/culturayciencia.org\/litterae\/wp-content\/uploads\/2021\/01\/LITTERAE-4-MARTINA-RICCI-Y-ASUN-SARRADO.mp4\"><\/video><\/figure>\n<\/div>\n\n\n\n<div class=\"wp-block-column is-layout-flow wp-block-column-is-layout-flow\">\n<figure class=\"wp-block-video\"><video height=\"720\" style=\"aspect-ratio: 1280 \/ 720;\" width=\"1280\" controls poster=\"https:\/\/culturayciencia.org\/litterae\/wp-content\/uploads\/2021\/01\/Eva_Video_Litterae.jpg\" src=\"https:\/\/culturayciencia.org\/litterae\/wp-content\/uploads\/2021\/01\/LITTERAE-3-EVA-BOJ-Y-PEPE-RODRIGUEZ.mp4\"><\/video><\/figure>\n<\/div>\n<\/div>\n\n\n\n<div class=\"wp-block-columns is-layout-flex wp-container-core-columns-is-layout-9d6595d7 wp-block-columns-is-layout-flex\">\n<div class=\"wp-block-column is-layout-flow wp-block-column-is-layout-flow\">\n<figure class=\"wp-block-video\"><video height=\"720\" style=\"aspect-ratio: 1280 \/ 720;\" width=\"1280\" controls poster=\"https:\/\/culturayciencia.org\/litterae\/wp-content\/uploads\/2021\/01\/Angel_Video_Litterae.jpg\" src=\"https:\/\/culturayciencia.org\/litterae\/wp-content\/uploads\/2021\/01\/LITTERAE-7-ANGEL-JIMENEZ-Y-AMELIA-DIAZ.mp4\"><\/video><\/figure>\n<\/div>\n\n\n\n<div class=\"wp-block-column is-layout-flow wp-block-column-is-layout-flow\">\n<figure class=\"wp-block-video\"><video height=\"720\" style=\"aspect-ratio: 1280 \/ 720;\" width=\"1280\" controls poster=\"https:\/\/culturayciencia.org\/litterae\/wp-content\/uploads\/2021\/01\/Sebastian_Video_Litterae.png\" src=\"https:\/\/culturayciencia.org\/litterae\/wp-content\/uploads\/2021\/01\/LITTERAE-2-SEBASTIAN-LOZANO.mp4\"><\/video><\/figure>\n<\/div>\n\n\n\n<div class=\"wp-block-column is-layout-flow wp-block-column-is-layout-flow\">\n<figure class=\"wp-block-video\"><video height=\"720\" style=\"aspect-ratio: 1280 \/ 720;\" width=\"1280\" controls src=\"https:\/\/culturayciencia.org\/litterae\/wp-content\/uploads\/2021\/01\/LITTERAE-1-ISAAC-LOPEZ.mp4\"><\/video><\/figure>\n<\/div>\n\n\n\n<div class=\"wp-block-column is-layout-flow wp-block-column-is-layout-flow\">\n<figure class=\"wp-block-video\"><video height=\"720\" style=\"aspect-ratio: 1280 \/ 720;\" width=\"1280\" controls src=\"https:\/\/culturayciencia.org\/litterae\/wp-content\/uploads\/2021\/01\/LITTERAE-8-RAUL-HERRERO-Y-Mo-PAZ-NAVARRO.mp4\"><\/video><\/figure>\n<\/div>\n<\/div>\n\n\n\n<p>Durante 6 y 7 marzo de 2026, Litterae nos permitir\u00e1 conocer de primera mano los desaf\u00edos a los que se enfrenta el sector y nos brindar\u00e1 la oportunidad de compartir distintos puntos de vista para afrontarlos.<\/p>\n\n\n\n<p><\/p>\n","protected":false},"excerpt":{"rendered":"","protected":false},"author":4,"featured_media":5608,"parent":0,"menu_order":0,"comment_status":"closed","ping_status":"closed","template":"","meta":{"_acf_changed":false,"om_disable_all_campaigns":false,"_uag_custom_page_level_css":"","_monsterinsights_skip_tracking":false,"_monsterinsights_sitenote_active":false,"_monsterinsights_sitenote_note":"","_monsterinsights_sitenote_category":0,"_uf_show_specific_survey":0,"_uf_disable_surveys":false,"footnotes":""},"class_list":{"0":"post-12","1":"page","2":"type-page","3":"status-publish","4":"has-post-thumbnail","6":"no-featured-image-padding"},"acf":[],"aioseo_notices":[],"uagb_featured_image_src":{"full":["https:\/\/culturayciencia.org\/litterae\/wp-content\/uploads\/2025\/11\/Banner-web-principal-2026.webp",2457,984,false],"thumbnail":["https:\/\/culturayciencia.org\/litterae\/wp-content\/uploads\/2025\/11\/Banner-web-principal-2026-150x150.webp",150,150,true],"medium":["https:\/\/culturayciencia.org\/litterae\/wp-content\/uploads\/2025\/11\/Banner-web-principal-2026-300x120.webp",300,120,true],"medium_large":["https:\/\/culturayciencia.org\/litterae\/wp-content\/uploads\/2025\/11\/Banner-web-principal-2026-768x308.webp",768,308,true],"large":["https:\/\/culturayciencia.org\/litterae\/wp-content\/uploads\/2025\/11\/Banner-web-principal-2026-1024x410.webp",1024,410,true],"1536x1536":["https:\/\/culturayciencia.org\/litterae\/wp-content\/uploads\/2025\/11\/Banner-web-principal-2026-1536x615.webp",1536,615,true],"2048x2048":["https:\/\/culturayciencia.org\/litterae\/wp-content\/uploads\/2025\/11\/Banner-web-principal-2026-2048x820.webp",2048,820,true]},"uagb_author_info":{"display_name":false,"author_link":"https:\/\/culturayciencia.org\/litterae\/author\/librerae\/"},"uagb_comment_info":0,"uagb_excerpt":null,"_links":{"self":[{"href":"https:\/\/culturayciencia.org\/litterae\/wp-json\/wp\/v2\/pages\/12","targetHints":{"allow":["GET"]}}],"collection":[{"href":"https:\/\/culturayciencia.org\/litterae\/wp-json\/wp\/v2\/pages"}],"about":[{"href":"https:\/\/culturayciencia.org\/litterae\/wp-json\/wp\/v2\/types\/page"}],"author":[{"embeddable":true,"href":"https:\/\/culturayciencia.org\/litterae\/wp-json\/wp\/v2\/users\/4"}],"replies":[{"embeddable":true,"href":"https:\/\/culturayciencia.org\/litterae\/wp-json\/wp\/v2\/comments?post=12"}],"version-history":[{"count":0,"href":"https:\/\/culturayciencia.org\/litterae\/wp-json\/wp\/v2\/pages\/12\/revisions"}],"wp:featuredmedia":[{"embeddable":true,"href":"https:\/\/culturayciencia.org\/litterae\/wp-json\/wp\/v2\/media\/5608"}],"wp:attachment":[{"href":"https:\/\/culturayciencia.org\/litterae\/wp-json\/wp\/v2\/media?parent=12"}],"curies":[{"name":"wp","href":"https:\/\/api.w.org\/{rel}","templated":true}]}}