{"id":1337,"date":"2020-12-29T18:38:55","date_gmt":"2020-12-29T16:38:55","guid":{"rendered":"https:\/\/culturayciencia.org\/litterae\/?page_id=1337"},"modified":"2021-01-11T14:08:25","modified_gmt":"2021-01-11T12:08:25","slug":"miguel-alayrach","status":"publish","type":"page","link":"https:\/\/culturayciencia.org\/litterae\/miguel-alayrach\/","title":{"rendered":"Miguel Alayrach"},"content":{"rendered":"\n<section class=\"wp-block-uagb-columns uagb-columns__wrap uagb-columns__background-undefined uagb-columns__stack-mobile uagb-columns__valign-top uagb-columns__gap-10 alignundefined uagb-block-9542e424\"><div class=\"uagb-columns__overlay\"><\/div><div class=\"uagb-columns__inner-wrap uagb-columns__columns-2\">\n<div class=\"wp-block-uagb-column uagb-column__wrap uagb-column__background-color uagb-block-0b5d0349\"><div class=\"uagb-column__overlay\"><\/div><div class=\"uagb-column__inner-wrap\">\n<figure class=\"wp-block-image size-large is-style-rounded\"><img loading=\"lazy\" decoding=\"async\" width=\"400\" height=\"400\" src=\"https:\/\/culturayciencia.org\/litterae\/wp-content\/uploads\/2020\/12\/Miguel-Alayrach.jpg\" alt=\"\" class=\"wp-image-1371\" srcset=\"https:\/\/culturayciencia.org\/litterae\/wp-content\/uploads\/2020\/12\/Miguel-Alayrach.jpg 400w, https:\/\/culturayciencia.org\/litterae\/wp-content\/uploads\/2020\/12\/Miguel-Alayrach-300x300.jpg 300w, https:\/\/culturayciencia.org\/litterae\/wp-content\/uploads\/2020\/12\/Miguel-Alayrach-150x150.jpg 150w\" sizes=\"auto, (max-width: 400px) 100vw, 400px\" \/><\/figure>\n\n\n\n<h2 class=\"has-text-align-center has-medium-font-size wp-block-heading\"><strong>Miguel Alayrach<\/strong> <strong>Mart\u00ednez\u00a0<\/strong><\/h2>\n\n\n\n<p class=\"has-text-align-center has-vivid-red-color has-text-color\">Escritor<\/p>\n<\/div><\/div>\n\n\n\n<div class=\"wp-block-uagb-column uagb-column__wrap uagb-column__background-undefined uagb-block-247b8a63\"><div class=\"uagb-column__overlay\"><\/div><div class=\"uagb-column__inner-wrap\">\n<p>Naci\u00f3 en Segorbe (Castell\u00f3n), aunque es oriundo de Geldo. Licenciado en Periodismo y Documentaci\u00f3n por la Facultad de Ciencias de la Informaci\u00f3n de la Universidad Complutense de Madrid, ha escrito numerosos relatos y microrrelatos entre los que destaca \u00abUna docena de historias y verdades\u00bb, con el que gan\u00f3 el concurso de cuentos Max Aub en 2013. <\/p>\n\n\n\n<p>Respecto a su faceta como escritor de g\u00e9nero infantil, ha publicado 17 t\u00edtulos: \u00abLled\u00f3 la bombera y Pau el enfermero\u00bb (2014), \u00abUn universo bajo el sof\u00e1\u00bb (2014), \u00ab\u00c1lex y el misterioso Clokin\u00bb (2015), \u00abGilico el caracol\u00bb (2016), \u00abEl mago Vicent\u00edn\u00bb (2017), \u00abBlanquito no pinta nada\u00bb (2017), \u00abLa caquita Margarita\u00bb (2018), \u00abLa Leyenda de Boquilandia, la ciudad esmaltada\u00bb (2018), \u00ab\u00a1Mi cama es muy el\u00e1\u00e1\u00e1\u00e1\u00e1\u00e1\u00e1sticaaa!\u00bb (2018), \u00abEl salto de Kowin\u00bb (2019), \u00abLa revoluci\u00f3n de los animales feos\u00bb (2019), \u00abMauricio y los inventores del corcho\u00bb (2019), \u00abLled\u00f3 la polic\u00eda y Quim el cajero del s\u00faper\u00bb (2019), \u00abQui ha matat el meu peluix?\u00bb (2020) y \u00ab\u00a1Yo no pienso as\u00ed!\u00bb (2020). <\/p>\n\n\n\n<p>Adem\u00e1s, es el \u00fanico autor que ha logrado adjudicarse dos veces el prestigioso premio Tombatossals de Literatura Infantil con \u00abEls puntets brillants del cel\u00bb (2015) y \u00abEl pet volador\u00bb (2018).<\/p>\n<\/div><\/div>\n<\/div><\/section>\n\n\n","protected":false},"excerpt":{"rendered":"","protected":false},"author":4,"featured_media":0,"parent":0,"menu_order":0,"comment_status":"closed","ping_status":"closed","template":"","meta":{"_acf_changed":false,"om_disable_all_campaigns":false,"_uag_custom_page_level_css":"","_monsterinsights_skip_tracking":false,"_monsterinsights_sitenote_active":false,"_monsterinsights_sitenote_note":"","_monsterinsights_sitenote_category":0,"_uf_show_specific_survey":0,"_uf_disable_surveys":false,"footnotes":""},"class_list":{"0":"post-1337","1":"page","2":"type-page","3":"status-publish","5":"no-featured-image-padding"},"acf":[],"aioseo_notices":[],"uagb_featured_image_src":{"full":false,"thumbnail":false,"medium":false,"medium_large":false,"large":false,"1536x1536":false,"2048x2048":false},"uagb_author_info":{"display_name":false,"author_link":"https:\/\/culturayciencia.org\/litterae\/author\/librerae\/"},"uagb_comment_info":0,"uagb_excerpt":null,"_links":{"self":[{"href":"https:\/\/culturayciencia.org\/litterae\/wp-json\/wp\/v2\/pages\/1337","targetHints":{"allow":["GET"]}}],"collection":[{"href":"https:\/\/culturayciencia.org\/litterae\/wp-json\/wp\/v2\/pages"}],"about":[{"href":"https:\/\/culturayciencia.org\/litterae\/wp-json\/wp\/v2\/types\/page"}],"author":[{"embeddable":true,"href":"https:\/\/culturayciencia.org\/litterae\/wp-json\/wp\/v2\/users\/4"}],"replies":[{"embeddable":true,"href":"https:\/\/culturayciencia.org\/litterae\/wp-json\/wp\/v2\/comments?post=1337"}],"version-history":[{"count":0,"href":"https:\/\/culturayciencia.org\/litterae\/wp-json\/wp\/v2\/pages\/1337\/revisions"}],"wp:attachment":[{"href":"https:\/\/culturayciencia.org\/litterae\/wp-json\/wp\/v2\/media?parent=1337"}],"curies":[{"name":"wp","href":"https:\/\/api.w.org\/{rel}","templated":true}]}}