{"id":1399,"date":"2020-12-29T19:11:25","date_gmt":"2020-12-29T17:11:25","guid":{"rendered":"https:\/\/culturayciencia.org\/litterae\/?page_id=1399"},"modified":"2022-03-16T15:00:13","modified_gmt":"2022-03-16T13:00:13","slug":"alfonso-gonzalez-calero","status":"publish","type":"page","link":"https:\/\/culturayciencia.org\/litterae\/alfonso-gonzalez-calero\/","title":{"rendered":"Alfonso Gonz\u00e1lez Calero"},"content":{"rendered":"\n<section class=\"wp-block-uagb-columns uagb-columns__wrap uagb-columns__background-undefined uagb-columns__stack-mobile uagb-columns__valign-top uagb-columns__gap-10 alignundefined uagb-block-05e0a884\"><div class=\"uagb-columns__overlay\"><\/div><div class=\"uagb-columns__inner-wrap uagb-columns__columns-2\">\n<div class=\"wp-block-uagb-column uagb-column__wrap uagb-column__background-color uagb-block-9da65cab\"><div class=\"uagb-column__overlay\"><\/div><div class=\"uagb-column__inner-wrap\">\n<div class=\"wp-block-image is-style-rounded\"><figure class=\"aligncenter size-large\"><img loading=\"lazy\" decoding=\"async\" width=\"393\" height=\"393\" src=\"https:\/\/culturayciencia.org\/litterae\/wp-content\/uploads\/2019\/09\/Alfonso_Almud_Litterae.png\" alt=\"\" class=\"wp-image-380\" srcset=\"https:\/\/culturayciencia.org\/litterae\/wp-content\/uploads\/2019\/09\/Alfonso_Almud_Litterae.png 393w, https:\/\/culturayciencia.org\/litterae\/wp-content\/uploads\/2019\/09\/Alfonso_Almud_Litterae-150x150.png 150w, https:\/\/culturayciencia.org\/litterae\/wp-content\/uploads\/2019\/09\/Alfonso_Almud_Litterae-300x300.png 300w\" sizes=\"auto, (max-width: 393px) 100vw, 393px\" \/><\/figure><\/div>\n\n\n\n<h2 class=\"has-text-align-center has-medium-font-size wp-block-heading\"><strong><strong>Alfonso Gonz\u00e1lez Calero<\/strong><\/strong><\/h2>\n\n\n\n<p class=\"has-text-align-center has-vivid-red-color has-text-color\">Editor<br>Editorial Almud<\/p>\n<\/div><\/div>\n\n\n\n<div class=\"wp-block-uagb-column uagb-column__wrap uagb-column__background-undefined uagb-block-3d7a52b5\"><div class=\"uagb-column__overlay\"><\/div><div class=\"uagb-column__inner-wrap\">\n<p>Nacido en Ciudad Real en 1951. Periodista; funcionario de la JCCM jubilado. En ella trabajo siempre en el \u00e1mbito cultural (Consejer\u00eda de Cultura; Servicio de Publicaciones; Biblioteca Regional de CLM, etc.).<br><br>En el \u00e1mbito privado, crea con otros amigos la revista Almud en 1980 y posteriormente, en 1993, A\u00f1il Cuadernos de Castilla-La Mancha. Como extensi\u00f3n de esta \u00faltima surge, en 1998, Almud ediciones de CLM que a\u00fan sigue editando. Han publicado en torno a 200 t\u00edtulos de tem\u00e1tica regional y local, creaci\u00f3n literaria, feminismo, biograf\u00edas, etc.<br><br>A t\u00edtulo particular \u00e9l ha publicado un libro de poemas \u201cIda y vuelta\u201d (en 2017); una antolog\u00eda de poetas de esta Regi\u00f3n: \u201cBr\u00fajula\u201d (en 2020) y ha coordinado varias recopilaciones sobre cultura en Castilla-La Mancha en los siglos XX (2007) XIX (2012) y XVIII (2016).<br><br>Al margen de ello, edita semanalmente el bolet\u00edn \u00abLibros y nombres de Castilla-La Mancha\u00bb.<\/p>\n<\/div><\/div>\n<\/div><\/section>\n\n\n","protected":false},"excerpt":{"rendered":"","protected":false},"author":4,"featured_media":0,"parent":0,"menu_order":0,"comment_status":"closed","ping_status":"closed","template":"","meta":{"_acf_changed":false,"om_disable_all_campaigns":false,"_uag_custom_page_level_css":"","_monsterinsights_skip_tracking":false,"_monsterinsights_sitenote_active":false,"_monsterinsights_sitenote_note":"","_monsterinsights_sitenote_category":0,"_uf_show_specific_survey":0,"_uf_disable_surveys":false,"footnotes":""},"class_list":{"0":"post-1399","1":"page","2":"type-page","3":"status-publish","5":"no-featured-image-padding"},"acf":[],"aioseo_notices":[],"uagb_featured_image_src":{"full":false,"thumbnail":false,"medium":false,"medium_large":false,"large":false,"1536x1536":false,"2048x2048":false},"uagb_author_info":{"display_name":false,"author_link":"https:\/\/culturayciencia.org\/litterae\/author\/librerae\/"},"uagb_comment_info":0,"uagb_excerpt":null,"_links":{"self":[{"href":"https:\/\/culturayciencia.org\/litterae\/wp-json\/wp\/v2\/pages\/1399","targetHints":{"allow":["GET"]}}],"collection":[{"href":"https:\/\/culturayciencia.org\/litterae\/wp-json\/wp\/v2\/pages"}],"about":[{"href":"https:\/\/culturayciencia.org\/litterae\/wp-json\/wp\/v2\/types\/page"}],"author":[{"embeddable":true,"href":"https:\/\/culturayciencia.org\/litterae\/wp-json\/wp\/v2\/users\/4"}],"replies":[{"embeddable":true,"href":"https:\/\/culturayciencia.org\/litterae\/wp-json\/wp\/v2\/comments?post=1399"}],"version-history":[{"count":0,"href":"https:\/\/culturayciencia.org\/litterae\/wp-json\/wp\/v2\/pages\/1399\/revisions"}],"wp:attachment":[{"href":"https:\/\/culturayciencia.org\/litterae\/wp-json\/wp\/v2\/media?parent=1399"}],"curies":[{"name":"wp","href":"https:\/\/api.w.org\/{rel}","templated":true}]}}