{"id":1408,"date":"2020-12-29T19:20:13","date_gmt":"2020-12-29T17:20:13","guid":{"rendered":"https:\/\/culturayciencia.org\/litterae\/?page_id=1408"},"modified":"2021-01-27T19:52:07","modified_gmt":"2021-01-27T17:52:07","slug":"alejandra-camacho-palomo","status":"publish","type":"page","link":"https:\/\/culturayciencia.org\/litterae\/alejandra-camacho-palomo\/","title":{"rendered":"Alejandra Camacho Palomo"},"content":{"rendered":"\n<section class=\"wp-block-uagb-columns uagb-columns__wrap uagb-columns__background-undefined uagb-columns__stack-mobile uagb-columns__valign-top uagb-columns__gap-10 alignundefined uagb-block-dbf9e52d\"><div class=\"uagb-columns__overlay\"><\/div><div class=\"uagb-columns__inner-wrap uagb-columns__columns-2\">\n<div class=\"wp-block-uagb-column uagb-column__wrap uagb-column__background-color uagb-block-f73bc597\"><div class=\"uagb-column__overlay\"><\/div><div class=\"uagb-column__inner-wrap\">\n<div class=\"wp-block-image is-style-rounded\"><figure class=\"aligncenter size-large\"><img loading=\"lazy\" decoding=\"async\" width=\"400\" height=\"400\" src=\"https:\/\/culturayciencia.org\/litterae\/wp-content\/uploads\/2021\/01\/Alejandra-Camacho.jpg\" alt=\"\" class=\"wp-image-1833\" srcset=\"https:\/\/culturayciencia.org\/litterae\/wp-content\/uploads\/2021\/01\/Alejandra-Camacho.jpg 400w, https:\/\/culturayciencia.org\/litterae\/wp-content\/uploads\/2021\/01\/Alejandra-Camacho-300x300.jpg 300w, https:\/\/culturayciencia.org\/litterae\/wp-content\/uploads\/2021\/01\/Alejandra-Camacho-150x150.jpg 150w\" sizes=\"auto, (max-width: 400px) 100vw, 400px\" \/><\/figure><\/div>\n\n\n\n<h2 class=\"has-text-align-center has-medium-font-size wp-block-heading\"><strong>Alejandra Camacho Palomo<\/strong><\/h2>\n\n\n\n<p class=\"has-text-align-center has-vivid-red-color has-text-color\">Bibliotecaria especializada en infantil-juvenil<\/p>\n<\/div><\/div>\n\n\n\n<div class=\"wp-block-uagb-column uagb-column__wrap uagb-column__background-undefined uagb-block-8a2e4c78\"><div class=\"uagb-column__overlay\"><\/div><div class=\"uagb-column__inner-wrap\">\n<p>Nacida en Madrid, se licenci\u00f3 en Filosof\u00eda y despu\u00e9s en Antropolog\u00eda Cultural. Siempre ha sido una apasionada de los libros, as\u00ed que a su formaci\u00f3n anterior sum\u00f3 estudios de biblioteconom\u00eda.&nbsp;<\/p>\n\n\n\n<p>Esto le permiti\u00f3 trabajar en la biblioteca de la Universidad Complutense de Madrid y posteriormente en un colegio privado con un programa internacional. Aqu\u00ed fue donde comenz\u00f3 su contacto con la literatura infantil y los proyectos de fomento lector desde edades tempranas hasta la adolescencia.<\/p>\n\n\n\n<p>En 2014 cambi\u00f3 la biblioteca por un sue\u00f1o personal maravilloso: una librer\u00eda especializada en libros infantiles y juveniles. Hasta este mismo a\u00f1o, ha sido propietaria de El Drag\u00f3n Lector, una de las librer\u00edas de referencia en Madrid y punto de encuentro cultural.<\/p>\n\n\n\n<p>En ese periodo de seis a\u00f1os ha tenido un conocimiento directo del mundo editorial infantil-juvenil, ha sido formadora de mediadores y bibliotecarios escolares, y ha participado en un sinf\u00edn de actividades culturales de animaci\u00f3n lectora.<\/p>\n\n\n\n<p>En la actualidad, dirige la biblioteca escolar de una instituci\u00f3n educativa con un proyecto ligado a la Instituci\u00f3n Libre de Ense\u00f1anza.<\/p>\n<\/div><\/div>\n<\/div><\/section>\n\n\n","protected":false},"excerpt":{"rendered":"","protected":false},"author":4,"featured_media":0,"parent":0,"menu_order":0,"comment_status":"closed","ping_status":"closed","template":"","meta":{"_acf_changed":false,"om_disable_all_campaigns":false,"_uag_custom_page_level_css":"","_monsterinsights_skip_tracking":false,"_monsterinsights_sitenote_active":false,"_monsterinsights_sitenote_note":"","_monsterinsights_sitenote_category":0,"_uf_show_specific_survey":0,"_uf_disable_surveys":false,"footnotes":""},"class_list":{"0":"post-1408","1":"page","2":"type-page","3":"status-publish","5":"no-featured-image-padding"},"acf":[],"aioseo_notices":[],"uagb_featured_image_src":{"full":false,"thumbnail":false,"medium":false,"medium_large":false,"large":false,"1536x1536":false,"2048x2048":false},"uagb_author_info":{"display_name":false,"author_link":"https:\/\/culturayciencia.org\/litterae\/author\/librerae\/"},"uagb_comment_info":0,"uagb_excerpt":null,"_links":{"self":[{"href":"https:\/\/culturayciencia.org\/litterae\/wp-json\/wp\/v2\/pages\/1408","targetHints":{"allow":["GET"]}}],"collection":[{"href":"https:\/\/culturayciencia.org\/litterae\/wp-json\/wp\/v2\/pages"}],"about":[{"href":"https:\/\/culturayciencia.org\/litterae\/wp-json\/wp\/v2\/types\/page"}],"author":[{"embeddable":true,"href":"https:\/\/culturayciencia.org\/litterae\/wp-json\/wp\/v2\/users\/4"}],"replies":[{"embeddable":true,"href":"https:\/\/culturayciencia.org\/litterae\/wp-json\/wp\/v2\/comments?post=1408"}],"version-history":[{"count":0,"href":"https:\/\/culturayciencia.org\/litterae\/wp-json\/wp\/v2\/pages\/1408\/revisions"}],"wp:attachment":[{"href":"https:\/\/culturayciencia.org\/litterae\/wp-json\/wp\/v2\/media?parent=1408"}],"curies":[{"name":"wp","href":"https:\/\/api.w.org\/{rel}","templated":true}]}}