{"id":1421,"date":"2020-12-29T19:40:06","date_gmt":"2020-12-29T17:40:06","guid":{"rendered":"https:\/\/culturayciencia.org\/litterae\/?page_id=1421"},"modified":"2021-01-12T13:02:04","modified_gmt":"2021-01-12T11:02:04","slug":"begona-perez-ruiz","status":"publish","type":"page","link":"https:\/\/culturayciencia.org\/litterae\/begona-perez-ruiz\/","title":{"rendered":"Bego\u00f1a P\u00e9rez Ruiz"},"content":{"rendered":"\n<section class=\"wp-block-uagb-columns uagb-columns__wrap uagb-columns__background-undefined uagb-columns__stack-mobile uagb-columns__valign-top uagb-columns__gap-10 alignundefined uagb-block-8091490a\"><div class=\"uagb-columns__overlay\"><\/div><div class=\"uagb-columns__inner-wrap uagb-columns__columns-2\">\n<div class=\"wp-block-uagb-column uagb-column__wrap uagb-column__background-color uagb-block-97b8b1b1\"><div class=\"uagb-column__overlay\"><\/div><div class=\"uagb-column__inner-wrap\">\n<div class=\"wp-block-image is-style-rounded\"><figure class=\"aligncenter size-large\"><img loading=\"lazy\" decoding=\"async\" width=\"400\" height=\"400\" src=\"https:\/\/culturayciencia.org\/litterae\/wp-content\/uploads\/2020\/12\/Begon\u0303a-Pe\u0301rez.jpg\" alt=\"\" class=\"wp-image-1422\" srcset=\"https:\/\/culturayciencia.org\/litterae\/wp-content\/uploads\/2020\/12\/Begon\u0303a-Pe\u0301rez.jpg 400w, https:\/\/culturayciencia.org\/litterae\/wp-content\/uploads\/2020\/12\/Begon\u0303a-Pe\u0301rez-300x300.jpg 300w, https:\/\/culturayciencia.org\/litterae\/wp-content\/uploads\/2020\/12\/Begon\u0303a-Pe\u0301rez-150x150.jpg 150w\" sizes=\"auto, (max-width: 400px) 100vw, 400px\" \/><\/figure><\/div>\n\n\n\n<h2 class=\"has-text-align-center has-medium-font-size wp-block-heading\"><strong><strong>Bego\u00f1a P\u00e9rez Ruiz<\/strong><\/strong><\/h2>\n\n\n\n<p class=\"has-text-align-center has-vivid-red-color has-text-color\">Escritora<\/p>\n<\/div><\/div>\n\n\n\n<div class=\"wp-block-uagb-column uagb-column__wrap uagb-column__background-undefined uagb-block-4351afd1\"><div class=\"uagb-column__overlay\"><\/div><div class=\"uagb-column__inner-wrap\">\n<p>Nacida en Colombes (Francia) en 1972, aunque desde bien peque\u00f1a afincada en Getafe (Madrid). Aficionada a todo tipo de lectura, especialmente a la literatura fant\u00e1stica. Esto le llev\u00f3 en su juventud a colaborar en diversos fanzines y a crear el suyo propio: Los diletantes de Lovecraft, as\u00ed como un club alrededor de dicho fanzine. Su diplomatura en la carrera de Biblioteconom\u00eda y Documentaci\u00f3n le permiti\u00f3 encauzar su carrera profesional para trabajar en distintas librer\u00edas, tanto generales como especializadas. Paralelamente a su trabajo de librera, en el que ya lleva m\u00e1s de veinte cinco a\u00f1os, ejerce como lectora profesional e imparte clubes de iniciaci\u00f3n a la lectura de Ci-Fi en bibliotecas p\u00fablicas de la Comunidad de Madrid.<\/p>\n\n\n\n<p>La mayor parte de su tiempo libre lo dedica a leer y escribir, sin descuidar a los integrantes de su matriarcado particular: dos hijos que la vuelven m\u00e1s loca de lo que est\u00e1, dos gatos y un marido que sufre con amor sus demencias. Adora crear historias de space-opera, su subg\u00e9nero de Ci-Fi favorito, as\u00ed como cuentos m\u00e1s reflexivos, porque el gran sentido de la maravilla de la Ci-Fi permite que ambos mundos tem\u00e1ticos sean necesarios e igualmente v\u00e1lidos. Adem\u00e1s de tener varios cuentos publicados en revistas del fandom (Ulthar, Revista Factoria, NGC 3660, Ficci\u00f3n Cient\u00edfica, SuperSonic\u2026) cuenta con cinco libros publicados: Azul, el poder de un nombre. Samidak (space-opera, h\u00edbrido de fantas\u00eda y ci-fi), Cuentos del ma\u00f1ana para ayer (antolog\u00eda de cuentos fant\u00e1sticos) y Cornis Bomper, cocinero ladr\u00f3n (cuentos de space-opera en torno a las aventuras de un mismo personaje).<\/p>\n\n\n\n<p>Su pen\u00faltimo libro publicado en febrero de 2019 en la editorial El Transbordador se titula El tercer intento y recoge dos novelas cortas: La verdadera historia de Cordwainer Smith (ganadora del segundo premio del cert\u00e1men XXX Alberto Magno) y El equilibrio en el desequilibrio. Ganadora de dos de los concursos de la revista online El taller de la Factor\u00eda (uno de ellos con el cuento El d\u00eda en que los dragones retornan), seleccionada en la primera convocatoria de relatos de terror Terror\u00edficas (Palabaristas 2018), seleccionada en la antolog\u00eda Quasar de steampunk (antolog\u00eda que publicar\u00e1 Nowevolution), seleccionada en Visiones (AEFCFT) 2019, ganadora del segundo premio del certamen XXX Alberto Magno, concurso m\u00e1s antiguo u prestigioso de Ci-Fi de Espa\u00f1a (primera mujer en conseguir ese segundo puesto en 30 a\u00f1os de certamen), ganadora del tercer premio del certamen XXXI Alberto Magno (primera mujer que repite en el palmar\u00e9s). Su \u00faltimo de libro de Ci-Fi, \u00abCa\u00edda y Auge\u00bb ha sido publicado por la Editorial Apache.<\/p>\n<\/div><\/div>\n<\/div><\/section>\n\n\n","protected":false},"excerpt":{"rendered":"","protected":false},"author":4,"featured_media":0,"parent":0,"menu_order":0,"comment_status":"closed","ping_status":"closed","template":"","meta":{"_acf_changed":false,"om_disable_all_campaigns":false,"_uag_custom_page_level_css":"","_monsterinsights_skip_tracking":false,"_monsterinsights_sitenote_active":false,"_monsterinsights_sitenote_note":"","_monsterinsights_sitenote_category":0,"_uf_show_specific_survey":0,"_uf_disable_surveys":false,"footnotes":""},"class_list":{"0":"post-1421","1":"page","2":"type-page","3":"status-publish","5":"no-featured-image-padding"},"acf":[],"aioseo_notices":[],"uagb_featured_image_src":{"full":false,"thumbnail":false,"medium":false,"medium_large":false,"large":false,"1536x1536":false,"2048x2048":false},"uagb_author_info":{"display_name":false,"author_link":"https:\/\/culturayciencia.org\/litterae\/author\/librerae\/"},"uagb_comment_info":0,"uagb_excerpt":null,"_links":{"self":[{"href":"https:\/\/culturayciencia.org\/litterae\/wp-json\/wp\/v2\/pages\/1421","targetHints":{"allow":["GET"]}}],"collection":[{"href":"https:\/\/culturayciencia.org\/litterae\/wp-json\/wp\/v2\/pages"}],"about":[{"href":"https:\/\/culturayciencia.org\/litterae\/wp-json\/wp\/v2\/types\/page"}],"author":[{"embeddable":true,"href":"https:\/\/culturayciencia.org\/litterae\/wp-json\/wp\/v2\/users\/4"}],"replies":[{"embeddable":true,"href":"https:\/\/culturayciencia.org\/litterae\/wp-json\/wp\/v2\/comments?post=1421"}],"version-history":[{"count":0,"href":"https:\/\/culturayciencia.org\/litterae\/wp-json\/wp\/v2\/pages\/1421\/revisions"}],"wp:attachment":[{"href":"https:\/\/culturayciencia.org\/litterae\/wp-json\/wp\/v2\/media?parent=1421"}],"curies":[{"name":"wp","href":"https:\/\/api.w.org\/{rel}","templated":true}]}}