{"id":1425,"date":"2020-12-29T19:45:47","date_gmt":"2020-12-29T17:45:47","guid":{"rendered":"https:\/\/culturayciencia.org\/litterae\/?page_id=1425"},"modified":"2021-01-11T13:23:21","modified_gmt":"2021-01-11T11:23:21","slug":"cesar-perez-gellida","status":"publish","type":"page","link":"https:\/\/culturayciencia.org\/litterae\/cesar-perez-gellida\/","title":{"rendered":"Cesar P\u00e9rez Gellida"},"content":{"rendered":"\n<section class=\"wp-block-uagb-columns uagb-columns__wrap uagb-columns__background-undefined uagb-columns__stack-mobile uagb-columns__valign-top uagb-columns__gap-10 alignundefined uagb-block-157b8887\"><div class=\"uagb-columns__overlay\"><\/div><div class=\"uagb-columns__inner-wrap uagb-columns__columns-2\">\n<div class=\"wp-block-uagb-column uagb-column__wrap uagb-column__background-color uagb-block-d1674c4d\"><div class=\"uagb-column__overlay\"><\/div><div class=\"uagb-column__inner-wrap\">\n<div class=\"wp-block-image is-style-rounded\"><figure class=\"aligncenter size-large\"><img loading=\"lazy\" decoding=\"async\" width=\"400\" height=\"400\" src=\"https:\/\/culturayciencia.org\/litterae\/wp-content\/uploads\/2020\/12\/Cesar-Perez-Gellida.jpg\" alt=\"\" class=\"wp-image-1426\" srcset=\"https:\/\/culturayciencia.org\/litterae\/wp-content\/uploads\/2020\/12\/Cesar-Perez-Gellida.jpg 400w, https:\/\/culturayciencia.org\/litterae\/wp-content\/uploads\/2020\/12\/Cesar-Perez-Gellida-300x300.jpg 300w, https:\/\/culturayciencia.org\/litterae\/wp-content\/uploads\/2020\/12\/Cesar-Perez-Gellida-150x150.jpg 150w\" sizes=\"auto, (max-width: 400px) 100vw, 400px\" \/><\/figure><\/div>\n\n\n\n<h2 class=\"has-text-align-center has-medium-font-size wp-block-heading\"><strong>Cesar P\u00e9rez Gellida<\/strong><\/h2>\n\n\n\n<p class=\"has-text-align-center has-vivid-red-color has-text-color\">Escritor<\/p>\n<\/div><\/div>\n\n\n\n<div class=\"wp-block-uagb-column uagb-column__wrap uagb-column__background-undefined uagb-block-d49e7e88\"><div class=\"uagb-column__overlay\"><\/div><div class=\"uagb-column__inner-wrap\">\n<p>Naci\u00f3 en Valladolid en 1974. Licenciado en Geograf\u00eda e Historia por la Universidad de Valladolid y M\u00e1ster en Direcci\u00f3n Comercial y Marketing por la C\u00e1mara de Comercio de Valladolid.<\/p>\n\n\n\n<p>Ha desarrollado su carrera profesional en distintos puestos de direcci\u00f3n comercial, marketing y comunicaci\u00f3n en empresas vinculadas con el mundo de las Telecomunicaciones (Retecal),&nbsp;outsourcing&nbsp;(Grupo Norte) y la Industria Audiovisual (Canal Ocio Europa), hasta que, en 2011 su mujer y \u00e9l deciden trasladarse a Madrid con su hijo para poder dedicarse, en exclusiva, a su carrera de escritor.<\/p>\n\n\n\n<p>Desde febrero del 2014 colabora con El Norte de Castilla con una columna semanal en su secci\u00f3n de cultura llamada, \u201c<a href=\"http:\/\/blogs.elnortedecastilla.es\/lacantinadelcalvo\/\" target=\"_blank\" rel=\"noreferrer noopener nofollow\">La Cantina del Calvo<\/a>\u201c.<\/p>\n<\/div><\/div>\n<\/div><\/section>\n\n\n","protected":false},"excerpt":{"rendered":"","protected":false},"author":4,"featured_media":0,"parent":0,"menu_order":0,"comment_status":"closed","ping_status":"closed","template":"","meta":{"_acf_changed":false,"om_disable_all_campaigns":false,"_uag_custom_page_level_css":"","_monsterinsights_skip_tracking":false,"_monsterinsights_sitenote_active":false,"_monsterinsights_sitenote_note":"","_monsterinsights_sitenote_category":0,"_uf_show_specific_survey":0,"_uf_disable_surveys":false,"footnotes":""},"class_list":{"0":"post-1425","1":"page","2":"type-page","3":"status-publish","5":"no-featured-image-padding"},"acf":[],"aioseo_notices":[],"uagb_featured_image_src":{"full":false,"thumbnail":false,"medium":false,"medium_large":false,"large":false,"1536x1536":false,"2048x2048":false},"uagb_author_info":{"display_name":false,"author_link":"https:\/\/culturayciencia.org\/litterae\/author\/librerae\/"},"uagb_comment_info":0,"uagb_excerpt":null,"_links":{"self":[{"href":"https:\/\/culturayciencia.org\/litterae\/wp-json\/wp\/v2\/pages\/1425","targetHints":{"allow":["GET"]}}],"collection":[{"href":"https:\/\/culturayciencia.org\/litterae\/wp-json\/wp\/v2\/pages"}],"about":[{"href":"https:\/\/culturayciencia.org\/litterae\/wp-json\/wp\/v2\/types\/page"}],"author":[{"embeddable":true,"href":"https:\/\/culturayciencia.org\/litterae\/wp-json\/wp\/v2\/users\/4"}],"replies":[{"embeddable":true,"href":"https:\/\/culturayciencia.org\/litterae\/wp-json\/wp\/v2\/comments?post=1425"}],"version-history":[{"count":0,"href":"https:\/\/culturayciencia.org\/litterae\/wp-json\/wp\/v2\/pages\/1425\/revisions"}],"wp:attachment":[{"href":"https:\/\/culturayciencia.org\/litterae\/wp-json\/wp\/v2\/media?parent=1425"}],"curies":[{"name":"wp","href":"https:\/\/api.w.org\/{rel}","templated":true}]}}