{"id":1434,"date":"2020-12-29T19:57:40","date_gmt":"2020-12-29T17:57:40","guid":{"rendered":"https:\/\/culturayciencia.org\/litterae\/?page_id=1434"},"modified":"2022-01-31T13:53:29","modified_gmt":"2022-01-31T11:53:29","slug":"daniela-maury","status":"publish","type":"page","link":"https:\/\/culturayciencia.org\/litterae\/daniela-maury\/","title":{"rendered":"Daniela Maury"},"content":{"rendered":"\n<section class=\"wp-block-uagb-columns uagb-columns__wrap uagb-columns__background-undefined uagb-columns__stack-mobile uagb-columns__valign-top uagb-columns__gap-10 alignundefined uagb-block-5154a237\"><div class=\"uagb-columns__overlay\"><\/div><div class=\"uagb-columns__inner-wrap uagb-columns__columns-2\">\n<div class=\"wp-block-uagb-column uagb-column__wrap uagb-column__background-color uagb-block-5cb6890a\"><div class=\"uagb-column__overlay\"><\/div><div class=\"uagb-column__inner-wrap\">\n<div class=\"wp-block-image is-style-rounded\"><figure class=\"aligncenter size-large\"><img loading=\"lazy\" decoding=\"async\" width=\"400\" height=\"400\" src=\"https:\/\/culturayciencia.org\/litterae\/wp-content\/uploads\/2020\/12\/Daniela-maury.jpg\" alt=\"\" class=\"wp-image-1435\" srcset=\"https:\/\/culturayciencia.org\/litterae\/wp-content\/uploads\/2020\/12\/Daniela-maury.jpg 400w, https:\/\/culturayciencia.org\/litterae\/wp-content\/uploads\/2020\/12\/Daniela-maury-300x300.jpg 300w, https:\/\/culturayciencia.org\/litterae\/wp-content\/uploads\/2020\/12\/Daniela-maury-150x150.jpg 150w\" sizes=\"auto, (max-width: 400px) 100vw, 400px\" \/><\/figure><\/div>\n\n\n\n<h2 class=\"has-text-align-center has-medium-font-size wp-block-heading\" id=\"daniela-maury\"><strong>Daniela Maury<\/strong><\/h2>\n\n\n\n<p class=\"has-text-align-center has-vivid-red-color has-text-color\">Comunicadora Audiovisual<\/p>\n<\/div><\/div>\n\n\n\n<div class=\"wp-block-uagb-column uagb-column__wrap uagb-column__background-undefined uagb-block-20a81936\"><div class=\"uagb-column__overlay\"><\/div><div class=\"uagb-column__inner-wrap\">\n<p>Comunicadora Audiovisual, con 7 a\u00f1os de experiencia en preproducci\u00f3n, producci\u00f3n y postproducci\u00f3n de videos musicales, programas de televisi\u00f3n, v\u00eddeos sociales e institucionales.<\/p>\n\n\n\n<p>Me desempe\u00f1\u00e9 durante 6 a\u00f1os como mediadora de Cultura Digital, en la implementaci\u00f3n de las TIC en las Unidades de Informaci\u00f3n del Sistema de Bibliotecas P\u00fablicas de Medell\u00edn y la Biblioteca P\u00fablica Piloto de Medell\u00edn para Am\u00e9rica Latina.<\/p>\n\n\n\n<p>Poseo conocimiento en el manejo de Sistema Braille para personas con discapacidad visual.<\/p>\n\n\n\n<p><strong>Logros:<\/strong><\/p>\n\n\n\n<p>-Propuesta y ejecuci\u00f3n del proyecto \u2018Incluteca&#8217;, ganador del Premio Red de Ideas<\/p>\n\n\n\n<p>2015, otorgado por la Red de Bibliotecas de la Fundaci\u00f3n EPM.<\/p>\n\n\n\n<p>-Propuesta y ejecuci\u00f3n del proyecto Creando Soluciones para personas con discapacidad. \u201cCSPD\u201d, ganadora del Proyecto Uso y apropiaci\u00f3n de TIC en bibliotecas p\u00fablicas en el marco del Plan Nacional de Lectura y Escritura \u201cLeer es mi cuento\u201d del Ministerio de Cultura de Colombia.<\/p>\n\n\n\n<p>-Postulaci\u00f3n del proyecto Creando Soluciones para personas con discapacidad CSPD a la 2a Convocatoria de Pasant\u00edas Internacionales S\u00e3o Paulo, Brasil 2017 quedando como ganadora, donde pude participar en actividades sobre Accesibilidad, Diversidad e Inclusi\u00f3n en Bibliotecas P\u00fablicas.<\/p>\n\n\n\n<p>-Proyecto \u2018Covid19INTeRMeDIA\u2019 del Programa Biblioteca Solidaria ganador en la 8\u00aa Convocatoria de Ayudas 2020 del programa Iberoamericano de Bibliotecas P\u00fablicas (IBERBIBLIOTECAS), como \u00fanico proyecto seleccionado para realizar en distintos pa\u00edses.<\/p>\n\n\n\n<p>*Fundadora de M\u00edrame, emprendimiento que beneficia principalmente a las personas con discapacidad visual, con elementos de uso cotidiano donde se implementa el Sistema Braille y el Lenguaje del Color que se toca.<\/p>\n\n\n\n<p><strong>Logros:&nbsp;<\/strong><\/p>\n\n\n\n<p>-Posicionar a M\u00edrame en diferentes medios nacionales, proyecciones de presupuesto y desarrollo de planes de negocios.<\/p>\n<\/div><\/div>\n<\/div><\/section>\n\n\n","protected":false},"excerpt":{"rendered":"","protected":false},"author":4,"featured_media":0,"parent":0,"menu_order":0,"comment_status":"closed","ping_status":"closed","template":"","meta":{"_acf_changed":false,"om_disable_all_campaigns":false,"_uag_custom_page_level_css":"","_monsterinsights_skip_tracking":false,"_monsterinsights_sitenote_active":false,"_monsterinsights_sitenote_note":"","_monsterinsights_sitenote_category":0,"_uf_show_specific_survey":0,"_uf_disable_surveys":false,"footnotes":""},"class_list":{"0":"post-1434","1":"page","2":"type-page","3":"status-publish","5":"no-featured-image-padding"},"acf":[],"aioseo_notices":[],"uagb_featured_image_src":{"full":false,"thumbnail":false,"medium":false,"medium_large":false,"large":false,"1536x1536":false,"2048x2048":false},"uagb_author_info":{"display_name":false,"author_link":"https:\/\/culturayciencia.org\/litterae\/author\/librerae\/"},"uagb_comment_info":0,"uagb_excerpt":null,"_links":{"self":[{"href":"https:\/\/culturayciencia.org\/litterae\/wp-json\/wp\/v2\/pages\/1434","targetHints":{"allow":["GET"]}}],"collection":[{"href":"https:\/\/culturayciencia.org\/litterae\/wp-json\/wp\/v2\/pages"}],"about":[{"href":"https:\/\/culturayciencia.org\/litterae\/wp-json\/wp\/v2\/types\/page"}],"author":[{"embeddable":true,"href":"https:\/\/culturayciencia.org\/litterae\/wp-json\/wp\/v2\/users\/4"}],"replies":[{"embeddable":true,"href":"https:\/\/culturayciencia.org\/litterae\/wp-json\/wp\/v2\/comments?post=1434"}],"version-history":[{"count":0,"href":"https:\/\/culturayciencia.org\/litterae\/wp-json\/wp\/v2\/pages\/1434\/revisions"}],"wp:attachment":[{"href":"https:\/\/culturayciencia.org\/litterae\/wp-json\/wp\/v2\/media?parent=1434"}],"curies":[{"name":"wp","href":"https:\/\/api.w.org\/{rel}","templated":true}]}}