{"id":1444,"date":"2020-12-29T20:16:41","date_gmt":"2020-12-29T18:16:41","guid":{"rendered":"https:\/\/culturayciencia.org\/litterae\/?page_id=1444"},"modified":"2022-02-15T20:30:55","modified_gmt":"2022-02-15T18:30:55","slug":"david-martinez-ayllon","status":"publish","type":"page","link":"https:\/\/culturayciencia.org\/litterae\/david-martinez-ayllon\/","title":{"rendered":"David Mart\u00ednez Ayll\u00f3n"},"content":{"rendered":"\n<section class=\"wp-block-uagb-columns uagb-columns__wrap uagb-columns__background-undefined uagb-columns__stack-mobile uagb-columns__valign-top uagb-columns__gap-10 alignundefined uagb-block-769182ff\"><div class=\"uagb-columns__overlay\"><\/div><div class=\"uagb-columns__inner-wrap uagb-columns__columns-2\">\n<div class=\"wp-block-uagb-column uagb-column__wrap uagb-column__background-color uagb-block-b8b17e53\"><div class=\"uagb-column__overlay\"><\/div><div class=\"uagb-column__inner-wrap\">\n<div class=\"wp-block-image is-style-rounded\"><figure class=\"aligncenter size-large\"><img loading=\"lazy\" decoding=\"async\" width=\"400\" height=\"400\" src=\"https:\/\/culturayciencia.org\/litterae\/wp-content\/uploads\/2021\/01\/David-Martinez.jpg\" alt=\"\" class=\"wp-image-1836\" srcset=\"https:\/\/culturayciencia.org\/litterae\/wp-content\/uploads\/2021\/01\/David-Martinez.jpg 400w, https:\/\/culturayciencia.org\/litterae\/wp-content\/uploads\/2021\/01\/David-Martinez-300x300.jpg 300w, https:\/\/culturayciencia.org\/litterae\/wp-content\/uploads\/2021\/01\/David-Martinez-150x150.jpg 150w\" sizes=\"auto, (max-width: 400px) 100vw, 400px\" \/><\/figure><\/div>\n\n\n\n<h2 class=\"has-text-align-center has-medium-font-size wp-block-heading\" id=\"david-martinez-ayllon\"><strong>David Mart\u00ednez Ayll\u00f3n<\/strong><\/h2>\n\n\n\n<p class=\"has-text-align-center has-vivid-red-color has-text-color\">Gestor cultural<br>Fundaci\u00f3n IMPULSA CLM<\/p>\n<\/div><\/div>\n\n\n\n<div class=\"wp-block-uagb-column uagb-column__wrap uagb-column__background-undefined uagb-block-c154da8a\"><div class=\"uagb-column__overlay\"><\/div><div class=\"uagb-column__inner-wrap\">\n<p>Responsable Biblioteca Solidaria de CLM.<br><br>Grado en RR.LL. y Recursos Humanos. Menci\u00f3n Direcci\u00f3n de Talento y Capital Humano (Universidad Francisco de Vitoria. Madrid), Diplomado en Relaciones Laborales (Universidad de Castilla-La Mancha (UCLM) Cuenca) y Educador Social (Colegio de Educ. Sociales de Galicia) Santiago de Compostela.<br><br>Coordinador T\u00e9cnico Programa Biblioteca Solidaria en Red de BP de C-LM (desde 2009) y Gestor T\u00e9cnico Cultural en la Biblioteca P\u00fablica del Estado BPE Cuenca (desde 2001). Gerente de la Feria del Libro, la Lectura y las Industrias Culturales de C-LM (2008-2013), Profesor de Lecturas reflexivas y escritura creativa en el Programa 50 plus Universidad de mayores Jos\u00e9 Saramago -UCLM (desde 2015). Imparte formaci\u00f3n y participa como comunicador en foros profesionales en materia de Acci\u00f3n social en la Biblioteca, Voluntariado en Bibliotecas P\u00fablicas, Formatos accesibles o Gesti\u00f3n cultural, con los referentes m\u00e1s destacados del \u00e1mbito FGSR, SEDIC, ANABAD, FESABID, Ministerio de Cultura MECD, Escuelas de Administraci\u00f3n Regional y asociaciones de bibliotecarios de distintas Comunidades aut\u00f3nomas.<\/p>\n<\/div><\/div>\n<\/div><\/section>\n\n\n","protected":false},"excerpt":{"rendered":"","protected":false},"author":4,"featured_media":0,"parent":0,"menu_order":0,"comment_status":"closed","ping_status":"closed","template":"","meta":{"_acf_changed":false,"om_disable_all_campaigns":false,"_uag_custom_page_level_css":"","_monsterinsights_skip_tracking":false,"_monsterinsights_sitenote_active":false,"_monsterinsights_sitenote_note":"","_monsterinsights_sitenote_category":0,"_uf_show_specific_survey":0,"_uf_disable_surveys":false,"footnotes":""},"class_list":{"0":"post-1444","1":"page","2":"type-page","3":"status-publish","5":"no-featured-image-padding"},"acf":[],"aioseo_notices":[],"uagb_featured_image_src":{"full":false,"thumbnail":false,"medium":false,"medium_large":false,"large":false,"1536x1536":false,"2048x2048":false},"uagb_author_info":{"display_name":false,"author_link":"https:\/\/culturayciencia.org\/litterae\/author\/librerae\/"},"uagb_comment_info":0,"uagb_excerpt":null,"_links":{"self":[{"href":"https:\/\/culturayciencia.org\/litterae\/wp-json\/wp\/v2\/pages\/1444","targetHints":{"allow":["GET"]}}],"collection":[{"href":"https:\/\/culturayciencia.org\/litterae\/wp-json\/wp\/v2\/pages"}],"about":[{"href":"https:\/\/culturayciencia.org\/litterae\/wp-json\/wp\/v2\/types\/page"}],"author":[{"embeddable":true,"href":"https:\/\/culturayciencia.org\/litterae\/wp-json\/wp\/v2\/users\/4"}],"replies":[{"embeddable":true,"href":"https:\/\/culturayciencia.org\/litterae\/wp-json\/wp\/v2\/comments?post=1444"}],"version-history":[{"count":0,"href":"https:\/\/culturayciencia.org\/litterae\/wp-json\/wp\/v2\/pages\/1444\/revisions"}],"wp:attachment":[{"href":"https:\/\/culturayciencia.org\/litterae\/wp-json\/wp\/v2\/media?parent=1444"}],"curies":[{"name":"wp","href":"https:\/\/api.w.org\/{rel}","templated":true}]}}