{"id":1449,"date":"2020-12-29T20:20:10","date_gmt":"2020-12-29T18:20:10","guid":{"rendered":"https:\/\/culturayciencia.org\/litterae\/?page_id=1449"},"modified":"2021-01-12T12:48:54","modified_gmt":"2021-01-12T10:48:54","slug":"david-luna","status":"publish","type":"page","link":"https:\/\/culturayciencia.org\/litterae\/david-luna\/","title":{"rendered":"David Luna Lorenzo"},"content":{"rendered":"\n<section class=\"wp-block-uagb-columns uagb-columns__wrap uagb-columns__background-undefined uagb-columns__stack-mobile uagb-columns__valign-top uagb-columns__gap-10 alignundefined uagb-block-b13af494\"><div class=\"uagb-columns__overlay\"><\/div><div class=\"uagb-columns__inner-wrap uagb-columns__columns-2\">\n<div class=\"wp-block-uagb-column uagb-column__wrap uagb-column__background-color uagb-block-588a462e\"><div class=\"uagb-column__overlay\"><\/div><div class=\"uagb-column__inner-wrap\">\n<div class=\"wp-block-image is-style-rounded\"><figure class=\"aligncenter size-large\"><img loading=\"lazy\" decoding=\"async\" width=\"400\" height=\"400\" src=\"https:\/\/culturayciencia.org\/litterae\/wp-content\/uploads\/2020\/12\/David-Luna.jpg\" alt=\"\" class=\"wp-image-1450\" srcset=\"https:\/\/culturayciencia.org\/litterae\/wp-content\/uploads\/2020\/12\/David-Luna.jpg 400w, https:\/\/culturayciencia.org\/litterae\/wp-content\/uploads\/2020\/12\/David-Luna-300x300.jpg 300w, https:\/\/culturayciencia.org\/litterae\/wp-content\/uploads\/2020\/12\/David-Luna-150x150.jpg 150w\" sizes=\"auto, (max-width: 400px) 100vw, 400px\" \/><\/figure><\/div>\n\n\n\n<h2 class=\"has-text-align-center has-medium-font-size wp-block-heading\"><strong>David Luna Lorenzo<\/strong><\/h2>\n\n\n\n<p class=\"has-text-align-center has-vivid-red-color has-text-color\">Escritor<\/p>\n<\/div><\/div>\n\n\n\n<div class=\"wp-block-uagb-column uagb-column__wrap uagb-column__background-undefined uagb-block-cc30f624\"><div class=\"uagb-column__overlay\"><\/div><div class=\"uagb-column__inner-wrap\">\n<p>Naci\u00f3 en Toledo en 1976 y es escritor de ciencia ficci\u00f3n oscura, fantas\u00eda y terror.<\/p>\n\n\n\n<p>Su primera novela, <em>El Ojo de Dios<\/em> (Apache Libros, 2016), result\u00f3 finalista del \u00abCertamen Alberto Magno de Ciencia Ficci\u00f3n\u00bb de la Universidad del Pa\u00eds Vasco y fue nominada al \u00abPremio Ignotus\u00bb a mejor novela corta.<\/p>\n\n\n\n<p>Su segunda obra, <em>Laberinto Tennen<\/em> (Ediciones El Transbordador, 2016), en la que se a\u00fana el g\u00e9nero fant\u00e1stico con el de la ciencia ficci\u00f3n, fue finalista del \u00abPremio Ignotus\u00bb a mejor novela y del \u00abPremio Guillermo de Baskerville\u00bb a mejor novela independiente, y su \u00e9xito de ventas dio lugar a una nueva entrega recientemente publicada con muy buena acogida: <em>Sombras Tennen<\/em> (Ediciones El Transbordador, 2019).<\/p>\n\n\n\n<p><em>Con \u00c9xodo (o c\u00f3mo salvar a la reina)<\/em> (Apache Libros, 2017), obtuvo el prestigioso \u00abPremio UPC de Ciencia Ficci\u00f3n\u00bb que otorga la Universidad Polit\u00e9cnica de Catalu\u00f1a y fue finalista tanto del \u00abPremio Ignotus\u00bb en la categor\u00eda de novela corta como del \u00abPremio Amaltea\u00bb en la categor\u00eda de Ciencia Ficci\u00f3n.<\/p>\n\n\n\n<p>Adem\u00e1s, su relato<em> La fiebre<\/em> obtuvo el \u00abPremio Domingo Santos\u00bb durante la EuroCon (Convenci\u00f3n Europea de Ciencia Ficci\u00f3n) de 2016.<\/p>\n\n\n\n<p>Como consecuencia de todo lo anterior, fue galardonado con el \u00abChrysalis Award\u00bb a autor emergente por parte de la ESFS (Sociedad Europea de la Ciencia Ficci\u00f3n) en la EuroCon 2017 celebrada en Dortmund. Su \u00faltima novela, Ponzo\u00f1a (Premium, 2019), gan\u00f3 el \u00abPremio Ciudad de Utrera de Terror\u00bb, el m\u00e1s importante de este g\u00e9nero en nuestro pa\u00eds.<\/p>\n<\/div><\/div>\n<\/div><\/section>\n\n\n","protected":false},"excerpt":{"rendered":"","protected":false},"author":4,"featured_media":0,"parent":0,"menu_order":0,"comment_status":"closed","ping_status":"closed","template":"","meta":{"_acf_changed":false,"om_disable_all_campaigns":false,"_uag_custom_page_level_css":"","_monsterinsights_skip_tracking":false,"_monsterinsights_sitenote_active":false,"_monsterinsights_sitenote_note":"","_monsterinsights_sitenote_category":0,"_uf_show_specific_survey":0,"_uf_disable_surveys":false,"footnotes":""},"class_list":{"0":"post-1449","1":"page","2":"type-page","3":"status-publish","5":"no-featured-image-padding"},"acf":[],"aioseo_notices":[],"uagb_featured_image_src":{"full":false,"thumbnail":false,"medium":false,"medium_large":false,"large":false,"1536x1536":false,"2048x2048":false},"uagb_author_info":{"display_name":false,"author_link":"https:\/\/culturayciencia.org\/litterae\/author\/librerae\/"},"uagb_comment_info":0,"uagb_excerpt":null,"_links":{"self":[{"href":"https:\/\/culturayciencia.org\/litterae\/wp-json\/wp\/v2\/pages\/1449","targetHints":{"allow":["GET"]}}],"collection":[{"href":"https:\/\/culturayciencia.org\/litterae\/wp-json\/wp\/v2\/pages"}],"about":[{"href":"https:\/\/culturayciencia.org\/litterae\/wp-json\/wp\/v2\/types\/page"}],"author":[{"embeddable":true,"href":"https:\/\/culturayciencia.org\/litterae\/wp-json\/wp\/v2\/users\/4"}],"replies":[{"embeddable":true,"href":"https:\/\/culturayciencia.org\/litterae\/wp-json\/wp\/v2\/comments?post=1449"}],"version-history":[{"count":0,"href":"https:\/\/culturayciencia.org\/litterae\/wp-json\/wp\/v2\/pages\/1449\/revisions"}],"wp:attachment":[{"href":"https:\/\/culturayciencia.org\/litterae\/wp-json\/wp\/v2\/media?parent=1449"}],"curies":[{"name":"wp","href":"https:\/\/api.w.org\/{rel}","templated":true}]}}