{"id":1457,"date":"2020-12-29T20:25:11","date_gmt":"2020-12-29T18:25:11","guid":{"rendered":"https:\/\/culturayciencia.org\/litterae\/?page_id=1457"},"modified":"2021-01-11T13:23:56","modified_gmt":"2021-01-11T11:23:56","slug":"dioni-arroyo-merino","status":"publish","type":"page","link":"https:\/\/culturayciencia.org\/litterae\/dioni-arroyo-merino\/","title":{"rendered":"Dioni Arroyo Merino"},"content":{"rendered":"\n<section class=\"wp-block-uagb-columns uagb-columns__wrap uagb-columns__background-undefined uagb-columns__stack-mobile uagb-columns__valign-top uagb-columns__gap-10 alignundefined uagb-block-a4fc482e\"><div class=\"uagb-columns__overlay\"><\/div><div class=\"uagb-columns__inner-wrap uagb-columns__columns-2\">\n<div class=\"wp-block-uagb-column uagb-column__wrap uagb-column__background-color uagb-block-9a4db06e\"><div class=\"uagb-column__overlay\"><\/div><div class=\"uagb-column__inner-wrap\">\n<div class=\"wp-block-image is-style-rounded\"><figure class=\"aligncenter size-large\"><img loading=\"lazy\" decoding=\"async\" width=\"400\" height=\"400\" src=\"https:\/\/culturayciencia.org\/litterae\/wp-content\/uploads\/2020\/12\/Dioni-Arroyo.jpg\" alt=\"\" class=\"wp-image-1458\" srcset=\"https:\/\/culturayciencia.org\/litterae\/wp-content\/uploads\/2020\/12\/Dioni-Arroyo.jpg 400w, https:\/\/culturayciencia.org\/litterae\/wp-content\/uploads\/2020\/12\/Dioni-Arroyo-300x300.jpg 300w, https:\/\/culturayciencia.org\/litterae\/wp-content\/uploads\/2020\/12\/Dioni-Arroyo-150x150.jpg 150w\" sizes=\"auto, (max-width: 400px) 100vw, 400px\" \/><\/figure><\/div>\n\n\n\n<h2 class=\"has-text-align-center has-medium-font-size wp-block-heading\"><strong>Dioni Arroyo Merino<\/strong><\/h2>\n\n\n\n<p class=\"has-text-align-center has-vivid-red-color has-text-color\">Escritor<\/p>\n<\/div><\/div>\n\n\n\n<div class=\"wp-block-uagb-column uagb-column__wrap uagb-column__background-undefined uagb-block-bf509acb\"><div class=\"uagb-column__overlay\"><\/div><div class=\"uagb-column__inner-wrap\">\n<p>Diplomado en Educaci\u00f3n Social y licenciado en Antropolog\u00eda Social y Cultural, ha publicado nueve novelas de g\u00e9nero, recibiendo el reconocimiento por algunas, como el \u00c9ride 2013 por su \u00f3pera prima \u201cLos \u00c1ngeles Ca\u00eddos de la Eternidad\u201d y por la distop\u00eda \u201cMetanoia\u201d, y una nominaci\u00f3n a los Premios Ignotus en la Categor\u00eda Mejor Novela 2017 por \u201cFractura\u201d, en la que realiza una dura cr\u00edtica al fracking.<\/p>\n\n\n\n<p>Ha cultivado el terror g\u00f3tico con \u201cEl Sabor de tu Sangre\u201d y \u201cG\u00f3tica y Er\u00f3tica, y la ciencia ficci\u00f3n transhumanista y con trasfondo social, con \u201cFracasamos al So\u00f1ar\u201d, primera entrega de sus Cr\u00f3nicas Cibern\u00e9ticas.<\/p>\n\n\n\n<p>En 2014 fue seleccionado por la editorial de Estados Unidos Babel books, Inc. para actualizar una versi\u00f3n de \u201cEl Busc\u00f3n de Quevedo\u201d, que public\u00f3 en aquel pa\u00eds.<\/p>\n\n\n\n<p>Con \u201cLa Maquilladora de Cad\u00e1veres\u201d se reedita su primera novela, debido al inter\u00e9s suscitado por la cr\u00edtica y por la tem\u00e1tica negra y bizarra.<\/p>\n\n\n\n<p>En 2018 publica \u201cCuando se Extinga la Luz\u201d, una ucron\u00eda con toques g\u00f3ticos y lovecraftianos, y en el presente a\u00f1o, ve la luz su segunda entrega de las Cr\u00f3nicas Cibern\u00e9ticas, que lleva por t\u00edtulo, \u00abUn Mundo para el Olvido\u00bb y presenta en el Celsius 2020, su novela apocal\u00edptica \u201cEl \u00daltimo de la Fiesta\u201d.<\/p>\n\n\n\n<p>Ha sido vicepresidente de la Asociaci\u00f3n Espa\u00f1ola de Fantas\u00eda, Ciencia Ficci\u00f3n y Terror (AEFCFT) desde el 2016 hasta finales del 2019, a\u00f1o en el que recibe el emblem\u00e1tico Premio Literario Rosa Chacel por la Asociaci\u00f3n Cultural Eclipse, galard\u00f3n que reconoce su carrera literaria, su proyecci\u00f3n nacional y su aportaci\u00f3n al g\u00e9nero fant\u00e1stico en las letras espa\u00f1olas.<\/p>\n<\/div><\/div>\n<\/div><\/section>\n\n\n","protected":false},"excerpt":{"rendered":"","protected":false},"author":4,"featured_media":0,"parent":0,"menu_order":0,"comment_status":"closed","ping_status":"closed","template":"","meta":{"_acf_changed":false,"om_disable_all_campaigns":false,"_uag_custom_page_level_css":"","_monsterinsights_skip_tracking":false,"_monsterinsights_sitenote_active":false,"_monsterinsights_sitenote_note":"","_monsterinsights_sitenote_category":0,"_uf_show_specific_survey":0,"_uf_disable_surveys":false,"footnotes":""},"class_list":{"0":"post-1457","1":"page","2":"type-page","3":"status-publish","5":"no-featured-image-padding"},"acf":[],"aioseo_notices":[],"uagb_featured_image_src":{"full":false,"thumbnail":false,"medium":false,"medium_large":false,"large":false,"1536x1536":false,"2048x2048":false},"uagb_author_info":{"display_name":false,"author_link":"https:\/\/culturayciencia.org\/litterae\/author\/librerae\/"},"uagb_comment_info":0,"uagb_excerpt":null,"_links":{"self":[{"href":"https:\/\/culturayciencia.org\/litterae\/wp-json\/wp\/v2\/pages\/1457","targetHints":{"allow":["GET"]}}],"collection":[{"href":"https:\/\/culturayciencia.org\/litterae\/wp-json\/wp\/v2\/pages"}],"about":[{"href":"https:\/\/culturayciencia.org\/litterae\/wp-json\/wp\/v2\/types\/page"}],"author":[{"embeddable":true,"href":"https:\/\/culturayciencia.org\/litterae\/wp-json\/wp\/v2\/users\/4"}],"replies":[{"embeddable":true,"href":"https:\/\/culturayciencia.org\/litterae\/wp-json\/wp\/v2\/comments?post=1457"}],"version-history":[{"count":0,"href":"https:\/\/culturayciencia.org\/litterae\/wp-json\/wp\/v2\/pages\/1457\/revisions"}],"wp:attachment":[{"href":"https:\/\/culturayciencia.org\/litterae\/wp-json\/wp\/v2\/media?parent=1457"}],"curies":[{"name":"wp","href":"https:\/\/api.w.org\/{rel}","templated":true}]}}