{"id":1461,"date":"2020-12-29T20:29:37","date_gmt":"2020-12-29T18:29:37","guid":{"rendered":"https:\/\/culturayciencia.org\/litterae\/?page_id=1461"},"modified":"2021-01-22T14:21:18","modified_gmt":"2021-01-22T12:21:18","slug":"eduardo-moyano","status":"publish","type":"page","link":"https:\/\/culturayciencia.org\/litterae\/eduardo-moyano\/","title":{"rendered":"Eduardo Moyano"},"content":{"rendered":"\n<section class=\"wp-block-uagb-columns uagb-columns__wrap uagb-columns__background-undefined uagb-columns__stack-mobile uagb-columns__valign-top uagb-columns__gap-10 alignundefined uagb-block-44344095\"><div class=\"uagb-columns__overlay\"><\/div><div class=\"uagb-columns__inner-wrap uagb-columns__columns-2\">\n<div class=\"wp-block-uagb-column uagb-column__wrap uagb-column__background-color uagb-block-67b868b2\"><div class=\"uagb-column__overlay\"><\/div><div class=\"uagb-column__inner-wrap\">\n<figure class=\"wp-block-image size-large is-style-rounded\"><img loading=\"lazy\" decoding=\"async\" width=\"400\" height=\"400\" src=\"https:\/\/culturayciencia.org\/litterae\/wp-content\/uploads\/2020\/12\/Eduardo-Moyano.jpg\" alt=\"\" class=\"wp-image-1462\" srcset=\"https:\/\/culturayciencia.org\/litterae\/wp-content\/uploads\/2020\/12\/Eduardo-Moyano.jpg 400w, https:\/\/culturayciencia.org\/litterae\/wp-content\/uploads\/2020\/12\/Eduardo-Moyano-300x300.jpg 300w, https:\/\/culturayciencia.org\/litterae\/wp-content\/uploads\/2020\/12\/Eduardo-Moyano-150x150.jpg 150w\" sizes=\"auto, (max-width: 400px) 100vw, 400px\" \/><\/figure>\n\n\n\n<h2 class=\"has-text-align-center has-medium-font-size wp-block-heading\"><strong>Eduardo Moyano<\/strong><\/h2>\n\n\n\n<p class=\"has-text-align-center has-vivid-red-color has-text-color\">Periodista<\/p>\n<\/div><\/div>\n\n\n\n<div class=\"wp-block-uagb-column uagb-column__wrap uagb-column__background-undefined uagb-block-ec2646c4\"><div class=\"uagb-column__overlay\"><\/div><div class=\"uagb-column__inner-wrap\">\n<p>Durante m\u00e1s de treinta a\u00f1os trabaj\u00f3 en RNE ocupando, entre otros cargos, la direcci\u00f3n de Radio Exterior de Espa\u00f1a y la edici\u00f3n y presentaci\u00f3n del informativo cultural El Ojo Cr\u00edtico. Durante ese tiempo tambi\u00e9n ejerci\u00f3 como comentarista cinematogr\u00e1fico en las diferentes emisoras de RNE y en varios medios escritos.<\/p>\n\n\n\n<p>&nbsp;Ha sido durante veinte a\u00f1os profesor de guion radiof\u00f3nico en el M\u00e1ster de Radio Nacional y la Universidad Complutense. Fue tambi\u00e9n responsable del m\u00f3dulo de Producci\u00f3n Radiof\u00f3nica en el M\u00e1ster promovido por la empresa Editrain, FAPAE y la Universidad de Alcal\u00e1.<\/p>\n\n\n\n<p>As\u00ed mismo ha organizado ciclos cinematogr\u00e1ficos sobre emigraci\u00f3n y exilio en diversas ciudades espa\u00f1olas, en otros pa\u00edses europeos (Francia y Alemania) y Latinoam\u00e9rica, concretamente Argentina, Chile, M\u00e9xico y Rep\u00fablica Dominicana<\/p>\n\n\n\n<p>Ha publicado los libros \u00abConcierto de una vida\u201d (Planeta), biograf\u00eda del compositor Joaqu\u00edn Rodrigo; \u201cLa memoria escondida\u201d (Tabla Rasa), que analiza el fen\u00f3meno migratorio en Espa\u00f1a a trav\u00e9s del cine y que mereci\u00f3 el premio \u201cTirant lo blanc\u201d a la difusi\u00f3n cinematogr\u00e1fica en 2006. Es autor, asimismo del audio-cuento \u201cEl ni\u00f1o que so\u00f1\u00f3 la m\u00fasica\u201d (Universal Music), que intenta acercar el mundo creativo de Joaqu\u00edn Rodrigo a los m\u00e1s peque\u00f1os.<\/p>\n\n\n\n<p>En 2016 public\u00f3 \u00abLa piel quemada\u00bb(Ediciones de la Torre), en que ampli\u00f3 su estudio sobre el fen\u00f3meno migratorio en el cine, no solo espa\u00f1ol, sino internacional, tanto a nivel econ\u00f3mico como pol\u00edtico. Dos a\u00f1os despu\u00e9s, en 2018, edit\u00f3 con Ediciones Arkadin, \u201cCon nombre de mujer\u201d, en que analiza diversas pel\u00edculas solo con t\u00edtulos femeninos (\u201cCleopatra\u201d, \u201cRebeca\u201d, \u201cGilda\u201d, \u201cLaura\u201d, etc) y la personalidad de las actrices que las representaron.<\/p>\n\n\n\n<p>Actualmente colabora con art\u00edculos cinematogr\u00e1ficos y culturales en La Voz (Vocento) y elabora el blog techo-del-mundo.blogspot.com con especial dedicaci\u00f3n a la cinematograf\u00eda.<\/p>\n\n\n\n<p>En su \u00faltimo libro \u201c\u00a1\u00a1\u00a1\u00a1\u00a1Peligro, refugiados!!!!! analiza la situaci\u00f3n de los refugiados en el mundo a trav\u00e9s del cine.<\/p>\n<\/div><\/div>\n<\/div><\/section>\n\n\n","protected":false},"excerpt":{"rendered":"","protected":false},"author":4,"featured_media":0,"parent":0,"menu_order":0,"comment_status":"closed","ping_status":"closed","template":"","meta":{"_acf_changed":false,"om_disable_all_campaigns":false,"_uag_custom_page_level_css":"","_monsterinsights_skip_tracking":false,"_monsterinsights_sitenote_active":false,"_monsterinsights_sitenote_note":"","_monsterinsights_sitenote_category":0,"_uf_show_specific_survey":0,"_uf_disable_surveys":false,"footnotes":""},"class_list":{"0":"post-1461","1":"page","2":"type-page","3":"status-publish","5":"no-featured-image-padding"},"acf":[],"aioseo_notices":[],"uagb_featured_image_src":{"full":false,"thumbnail":false,"medium":false,"medium_large":false,"large":false,"1536x1536":false,"2048x2048":false},"uagb_author_info":{"display_name":false,"author_link":"https:\/\/culturayciencia.org\/litterae\/author\/librerae\/"},"uagb_comment_info":0,"uagb_excerpt":null,"_links":{"self":[{"href":"https:\/\/culturayciencia.org\/litterae\/wp-json\/wp\/v2\/pages\/1461","targetHints":{"allow":["GET"]}}],"collection":[{"href":"https:\/\/culturayciencia.org\/litterae\/wp-json\/wp\/v2\/pages"}],"about":[{"href":"https:\/\/culturayciencia.org\/litterae\/wp-json\/wp\/v2\/types\/page"}],"author":[{"embeddable":true,"href":"https:\/\/culturayciencia.org\/litterae\/wp-json\/wp\/v2\/users\/4"}],"replies":[{"embeddable":true,"href":"https:\/\/culturayciencia.org\/litterae\/wp-json\/wp\/v2\/comments?post=1461"}],"version-history":[{"count":0,"href":"https:\/\/culturayciencia.org\/litterae\/wp-json\/wp\/v2\/pages\/1461\/revisions"}],"wp:attachment":[{"href":"https:\/\/culturayciencia.org\/litterae\/wp-json\/wp\/v2\/media?parent=1461"}],"curies":[{"name":"wp","href":"https:\/\/api.w.org\/{rel}","templated":true}]}}