{"id":1465,"date":"2020-12-29T20:33:07","date_gmt":"2020-12-29T18:33:07","guid":{"rendered":"https:\/\/culturayciencia.org\/litterae\/?page_id=1465"},"modified":"2021-01-13T14:14:48","modified_gmt":"2021-01-13T12:14:48","slug":"elena-pasoli","status":"publish","type":"page","link":"https:\/\/culturayciencia.org\/litterae\/elena-pasoli\/","title":{"rendered":"Elena Pasoli"},"content":{"rendered":"\n<section class=\"wp-block-uagb-columns uagb-columns__wrap uagb-columns__background-undefined uagb-columns__stack-mobile uagb-columns__valign-top uagb-columns__gap-10 alignundefined uagb-block-b80f6da7\"><div class=\"uagb-columns__overlay\"><\/div><div class=\"uagb-columns__inner-wrap uagb-columns__columns-2\">\n<div class=\"wp-block-uagb-column uagb-column__wrap uagb-column__background-color uagb-block-bb9adf2f\"><div class=\"uagb-column__overlay\"><\/div><div class=\"uagb-column__inner-wrap\">\n<div class=\"wp-block-image is-style-rounded\"><figure class=\"aligncenter size-large\"><img loading=\"lazy\" decoding=\"async\" width=\"400\" height=\"400\" src=\"https:\/\/culturayciencia.org\/litterae\/wp-content\/uploads\/2020\/12\/Elena-Pasoli.jpg\" alt=\"\" class=\"wp-image-1466\" srcset=\"https:\/\/culturayciencia.org\/litterae\/wp-content\/uploads\/2020\/12\/Elena-Pasoli.jpg 400w, https:\/\/culturayciencia.org\/litterae\/wp-content\/uploads\/2020\/12\/Elena-Pasoli-300x300.jpg 300w, https:\/\/culturayciencia.org\/litterae\/wp-content\/uploads\/2020\/12\/Elena-Pasoli-150x150.jpg 150w\" sizes=\"auto, (max-width: 400px) 100vw, 400px\" \/><\/figure><\/div>\n\n\n\n<h2 class=\"has-text-align-center has-medium-font-size wp-block-heading\"><strong>Elena Pasoli<\/strong><\/h2>\n\n\n\n<p class=\"has-text-align-center has-vivid-red-color has-text-color\">Manager Bologna Children&#8217;s Book Fair<\/p>\n<\/div><\/div>\n\n\n\n<div class=\"wp-block-uagb-column uagb-column__wrap uagb-column__background-undefined uagb-block-706634ba\"><div class=\"uagb-column__overlay\"><\/div><div class=\"uagb-column__inner-wrap\">\n<p>Gerente de la Feria del Libro Infantil y juvenil de Bolonia. (Bologna Children&#8217;s Book Fair)<\/p>\n\n\n\n<p>Ha participado en la publicaci\u00f3n para j\u00f3venes durante m\u00e1s de veinte a\u00f1os.<br>En 2005 promovi\u00f3 la secci\u00f3n italiana de Ibby \u2013 International Board on Books para j\u00f3venes.<\/p>\n\n\n\n<p>En 2015 fund\u00f3 en Nueva York, en colaboraci\u00f3n con Publishers Weekly (la revista m\u00e1s importante estadounidense para la industria editorial), el programa de conferencia internacional Global Kids Connect; Este inicio condujo al nacimiento, en 2018, de la Feria de Derechos de Nueva York, una manifestaci\u00f3n de Bologna Fiere se dedica al mercado de derechos de autor de contenido para adultos y ni\u00f1os.<\/p>\n\n\n\n<p>En 2016 cre\u00f3 el Premio Strega con la Fundaci\u00f3n Bellonci y el Centro para el Libro y LeGura (Cepell).<\/p>\n\n\n\n<p>En 2017, recibi\u00f3 el premio internacional Eric Carle Honors para la Feria del Libro Infantil en la Categor\u00eda puente.<\/p>\n\n\n\n<p>En 2019 comenz\u00f3 una nueva colaboraci\u00f3n con la Feria Internacional del Libro de Mosc\u00fa.<\/p>\n\n\n\n<p>Imparte maestr\u00edas en edici\u00f3n, cursos para libreros, museos de arte; Fue tambi\u00e9n miembro del jurado de los premios de legery e ilustraci\u00f3n.<\/p>\n\n\n\n<p>Es miembro del Comit\u00e9 Nacional para las celebraciones del centenario del nacimiento de Gianni Rodari.<br>Representa la Feria del Libro Infantil de Bolonia como parte de ALDUS, la red europea de Ferias del Libro, coordinado por la AIE, cuidando la internacionalizaci\u00f3n de las empresas editoriales.<\/p>\n\n\n\n<p>Es parte de PublisHer, la red internacional de profesionales del mundo editorial fundada por Bodour AlQasimi, editor de Kalimat (EAU) y vicepresidenta de IPA &#8211; InternaOonal Publishers AssociaOon.<\/p>\n<\/div><\/div>\n<\/div><\/section>\n\n\n","protected":false},"excerpt":{"rendered":"","protected":false},"author":4,"featured_media":0,"parent":0,"menu_order":0,"comment_status":"closed","ping_status":"closed","template":"","meta":{"_acf_changed":false,"om_disable_all_campaigns":false,"_uag_custom_page_level_css":"","_monsterinsights_skip_tracking":false,"_monsterinsights_sitenote_active":false,"_monsterinsights_sitenote_note":"","_monsterinsights_sitenote_category":0,"_uf_show_specific_survey":0,"_uf_disable_surveys":false,"footnotes":""},"class_list":{"0":"post-1465","1":"page","2":"type-page","3":"status-publish","5":"no-featured-image-padding"},"acf":[],"aioseo_notices":[],"uagb_featured_image_src":{"full":false,"thumbnail":false,"medium":false,"medium_large":false,"large":false,"1536x1536":false,"2048x2048":false},"uagb_author_info":{"display_name":false,"author_link":"https:\/\/culturayciencia.org\/litterae\/author\/librerae\/"},"uagb_comment_info":0,"uagb_excerpt":null,"_links":{"self":[{"href":"https:\/\/culturayciencia.org\/litterae\/wp-json\/wp\/v2\/pages\/1465","targetHints":{"allow":["GET"]}}],"collection":[{"href":"https:\/\/culturayciencia.org\/litterae\/wp-json\/wp\/v2\/pages"}],"about":[{"href":"https:\/\/culturayciencia.org\/litterae\/wp-json\/wp\/v2\/types\/page"}],"author":[{"embeddable":true,"href":"https:\/\/culturayciencia.org\/litterae\/wp-json\/wp\/v2\/users\/4"}],"replies":[{"embeddable":true,"href":"https:\/\/culturayciencia.org\/litterae\/wp-json\/wp\/v2\/comments?post=1465"}],"version-history":[{"count":0,"href":"https:\/\/culturayciencia.org\/litterae\/wp-json\/wp\/v2\/pages\/1465\/revisions"}],"wp:attachment":[{"href":"https:\/\/culturayciencia.org\/litterae\/wp-json\/wp\/v2\/media?parent=1465"}],"curies":[{"name":"wp","href":"https:\/\/api.w.org\/{rel}","templated":true}]}}