{"id":1470,"date":"2020-12-29T20:39:05","date_gmt":"2020-12-29T18:39:05","guid":{"rendered":"https:\/\/culturayciencia.org\/litterae\/?page_id=1470"},"modified":"2022-02-18T12:29:49","modified_gmt":"2022-02-18T10:29:49","slug":"erika-i-olvera","status":"publish","type":"page","link":"https:\/\/culturayciencia.org\/litterae\/erika-i-olvera\/","title":{"rendered":"Erika I. Olvera"},"content":{"rendered":"\n<section class=\"wp-block-uagb-columns uagb-columns__wrap uagb-columns__background-undefined uagb-columns__stack-mobile uagb-columns__valign-top uagb-columns__gap-10 alignundefined uagb-block-1c8a208e\"><div class=\"uagb-columns__overlay\"><\/div><div class=\"uagb-columns__inner-wrap uagb-columns__columns-2\">\n<div class=\"wp-block-uagb-column uagb-column__wrap uagb-column__background-color uagb-block-4799fccb\"><div class=\"uagb-column__overlay\"><\/div><div class=\"uagb-column__inner-wrap\">\n<div class=\"wp-block-image is-style-rounded\"><figure class=\"aligncenter size-full\"><img loading=\"lazy\" decoding=\"async\" width=\"393\" height=\"393\" src=\"https:\/\/culturayciencia.org\/litterae\/wp-content\/uploads\/2022\/01\/Erika_Olvera_Litterae.png\" alt=\"\" class=\"wp-image-3179\" srcset=\"https:\/\/culturayciencia.org\/litterae\/wp-content\/uploads\/2022\/01\/Erika_Olvera_Litterae.png 393w, https:\/\/culturayciencia.org\/litterae\/wp-content\/uploads\/2022\/01\/Erika_Olvera_Litterae-300x300.png 300w, https:\/\/culturayciencia.org\/litterae\/wp-content\/uploads\/2022\/01\/Erika_Olvera_Litterae-150x150.png 150w\" sizes=\"auto, (max-width: 393px) 100vw, 393px\" \/><\/figure><\/div>\n\n\n\n<h2 class=\"has-text-align-center has-medium-font-size wp-block-heading\" id=\"erika-i-olvera-diaz\"><strong><strong>Erika I. Olvera D\u00edaz<\/strong><\/strong><\/h2>\n\n\n\n<p class=\"has-text-align-center has-vivid-red-color has-text-color\">Editora en jefe Infantil La Cigarra<\/p>\n<\/div><\/div>\n\n\n\n<div class=\"wp-block-uagb-column uagb-column__wrap uagb-column__background-undefined uagb-block-ff058335\"><div class=\"uagb-column__overlay\"><\/div><div class=\"uagb-column__inner-wrap\">\n<p>Estudi\u00f3 Ciencias de la Comunicaci\u00f3n en el Instituto Tecnol\u00f3gico de Estudios Superiores de Monterrey, Campus Ciudad de M\u00e9xico y una especializaci\u00f3n en Semi\u00f3tica. Desde hace m\u00e1s de 15 a\u00f1os se dedica a la promoci\u00f3n y edici\u00f3n de Literatura Infantil y Juvenil, desempe\u00f1ando diferentes cargos en varias casas editoriales. A la par, pertenece a varios colectivos dedicados a la promoci\u00f3n cultural, en los cuales escribe, compone m\u00fasica, toca instrumentos y canta. Se ha dedicado a la producci\u00f3n radiof\u00f3nica por m\u00e1s de diez a\u00f1os. Es traductora del espa\u00f1ol, ingl\u00e9s y alem\u00e1n.<\/p>\n<\/div><\/div>\n<\/div><\/section>\n\n\n","protected":false},"excerpt":{"rendered":"","protected":false},"author":4,"featured_media":0,"parent":0,"menu_order":0,"comment_status":"closed","ping_status":"closed","template":"","meta":{"_acf_changed":false,"om_disable_all_campaigns":false,"_uag_custom_page_level_css":"","_monsterinsights_skip_tracking":false,"_monsterinsights_sitenote_active":false,"_monsterinsights_sitenote_note":"","_monsterinsights_sitenote_category":0,"_uf_show_specific_survey":0,"_uf_disable_surveys":false,"footnotes":""},"class_list":{"0":"post-1470","1":"page","2":"type-page","3":"status-publish","5":"no-featured-image-padding"},"acf":[],"aioseo_notices":[],"uagb_featured_image_src":{"full":false,"thumbnail":false,"medium":false,"medium_large":false,"large":false,"1536x1536":false,"2048x2048":false},"uagb_author_info":{"display_name":false,"author_link":"https:\/\/culturayciencia.org\/litterae\/author\/librerae\/"},"uagb_comment_info":0,"uagb_excerpt":null,"_links":{"self":[{"href":"https:\/\/culturayciencia.org\/litterae\/wp-json\/wp\/v2\/pages\/1470","targetHints":{"allow":["GET"]}}],"collection":[{"href":"https:\/\/culturayciencia.org\/litterae\/wp-json\/wp\/v2\/pages"}],"about":[{"href":"https:\/\/culturayciencia.org\/litterae\/wp-json\/wp\/v2\/types\/page"}],"author":[{"embeddable":true,"href":"https:\/\/culturayciencia.org\/litterae\/wp-json\/wp\/v2\/users\/4"}],"replies":[{"embeddable":true,"href":"https:\/\/culturayciencia.org\/litterae\/wp-json\/wp\/v2\/comments?post=1470"}],"version-history":[{"count":0,"href":"https:\/\/culturayciencia.org\/litterae\/wp-json\/wp\/v2\/pages\/1470\/revisions"}],"wp:attachment":[{"href":"https:\/\/culturayciencia.org\/litterae\/wp-json\/wp\/v2\/media?parent=1470"}],"curies":[{"name":"wp","href":"https:\/\/api.w.org\/{rel}","templated":true}]}}