{"id":1481,"date":"2020-12-29T21:12:39","date_gmt":"2020-12-29T19:12:39","guid":{"rendered":"https:\/\/culturayciencia.org\/litterae\/?page_id=1481"},"modified":"2025-03-26T18:37:43","modified_gmt":"2025-03-26T17:37:43","slug":"gisele-correa-ferreira","status":"publish","type":"page","link":"https:\/\/culturayciencia.org\/litterae\/gisele-correa-ferreira\/","title":{"rendered":"Gisele Corr\u00eaa Ferreira"},"content":{"rendered":"\n<section class=\"wp-block-uagb-columns uagb-columns__wrap uagb-columns__stack-mobile uagb-columns__valign-top uagb-columns__gap-10 align uagb-block-c13b6d00 uagb-columns__columns-2 uagb-columns__max_width-theme\"><div class=\"uagb-columns__overlay\"><\/div><div class=\"uagb-columns__inner-wrap uagb-columns__columns-2\">\n<div class=\"wp-block-uagb-column uagb-column__wrap uagb-column__background-color uagb-block-b54078ef\"><div class=\"uagb-column__overlay\"><\/div>\n<figure class=\"wp-block-image size-large is-style-rounded\"><img loading=\"lazy\" decoding=\"async\" width=\"936\" height=\"1024\" src=\"https:\/\/culturayciencia.org\/litterae\/wp-content\/uploads\/2025\/03\/Gisele-Correa-Ferreira-936x1024.webp\" alt=\"\" class=\"wp-image-5039\" style=\"aspect-ratio:1;object-fit:cover\" srcset=\"https:\/\/culturayciencia.org\/litterae\/wp-content\/uploads\/2025\/03\/Gisele-Correa-Ferreira-936x1024.webp 936w, https:\/\/culturayciencia.org\/litterae\/wp-content\/uploads\/2025\/03\/Gisele-Correa-Ferreira-274x300.webp 274w, https:\/\/culturayciencia.org\/litterae\/wp-content\/uploads\/2025\/03\/Gisele-Correa-Ferreira-768x840.webp 768w, https:\/\/culturayciencia.org\/litterae\/wp-content\/uploads\/2025\/03\/Gisele-Correa-Ferreira-1405x1536.webp 1405w, https:\/\/culturayciencia.org\/litterae\/wp-content\/uploads\/2025\/03\/Gisele-Correa-Ferreira-1873x2048.webp 1873w\" sizes=\"auto, (max-width: 936px) 100vw, 936px\" \/><\/figure>\n\n\n\n<h2 class=\"wp-block-heading has-text-align-center has-medium-font-size\"><strong>Gisele Corr\u00eaa Ferreira<\/strong><\/h2>\n\n\n\n<p class=\"has-text-align-center has-vivid-red-color has-text-color\">Promotora del Festival Literario Internacional Po\u00e7os de Caldas &#8211; Flipo\u00e7os<\/p>\n<\/div>\n\n\n\n<div class=\"wp-block-uagb-column uagb-column__wrap uagb-column__background-undefined uagb-block-066a2f54\"><div class=\"uagb-column__overlay\"><\/div>\n<p><strong>Gisele Corr\u00eaa Ferreira<\/strong><\/p>\n\n\n\n<p>Trabaj\u00f3 como relaciones p\u00fablicas en varias compa\u00f1\u00edas privadas en Brasil hasta que fund\u00f3 GSC Eventos&nbsp;Especiais, que cumpli\u00f3 31 a\u00f1os, una compa\u00f1\u00eda en el segmento de planificaci\u00f3n y organizaci\u00f3n de eventos en&nbsp;Po\u00e7os&nbsp;de Caldas, al sur de Minas, Brasil.<\/p>\n\n\n\n<p>Vivi\u00f3 durante seis a\u00f1os en Suiza, donde trabaj\u00f3 en la organizaci\u00f3n de grandes eventos, especialmente los relacionados con la literatura y los libros. Al regresar a Brasil en 2003, reactiv\u00f3 el GSC y lanz\u00f3 su propio calendario de importantes eventos culturales, cient\u00edficos y comerciales. En 2006, lanz\u00f3 en particular el Festival Literario Internacional&nbsp;Po\u00e7os&nbsp;de Caldas \u2013&nbsp;Flipo\u00e7os&nbsp;y la Feria Nacional del Libro, que&nbsp;acabam&nbsp;de cumplir 15 a\u00f1os y que en 2018 recibi\u00f3 el Premio Nacional de Lectura en Brasil, en el sector de la Cadena Productiva por su trabajo, referencia en el pa\u00eds en desarrollo y promoci\u00f3n de libros, lectura y literatura y capacitaci\u00f3n de nuevos lectores.<\/p>\n\n\n\n<p>GSC tambi\u00e9n es responsable de los eventos: el Congreso Nacional de Medio Ambiente de&nbsp;Po\u00e7os&nbsp;de Caldas, el Congreso Nacional de Educaci\u00f3n y el Festival de Jazz y Literatura. Asuntos de gran relevancia a nivel nacional e internacional.<\/p>\n<\/div>\n<\/div><\/section>\n\n\n","protected":false},"excerpt":{"rendered":"","protected":false},"author":4,"featured_media":0,"parent":0,"menu_order":0,"comment_status":"closed","ping_status":"closed","template":"","meta":{"_acf_changed":false,"om_disable_all_campaigns":false,"_uag_custom_page_level_css":"","_monsterinsights_skip_tracking":false,"_monsterinsights_sitenote_active":false,"_monsterinsights_sitenote_note":"","_monsterinsights_sitenote_category":0,"_uf_show_specific_survey":0,"_uf_disable_surveys":false,"footnotes":""},"class_list":{"0":"post-1481","1":"page","2":"type-page","3":"status-publish","5":"no-featured-image-padding"},"acf":[],"aioseo_notices":[],"uagb_featured_image_src":{"full":false,"thumbnail":false,"medium":false,"medium_large":false,"large":false,"1536x1536":false,"2048x2048":false},"uagb_author_info":{"display_name":false,"author_link":"https:\/\/culturayciencia.org\/litterae\/author\/librerae\/"},"uagb_comment_info":0,"uagb_excerpt":null,"_links":{"self":[{"href":"https:\/\/culturayciencia.org\/litterae\/wp-json\/wp\/v2\/pages\/1481","targetHints":{"allow":["GET"]}}],"collection":[{"href":"https:\/\/culturayciencia.org\/litterae\/wp-json\/wp\/v2\/pages"}],"about":[{"href":"https:\/\/culturayciencia.org\/litterae\/wp-json\/wp\/v2\/types\/page"}],"author":[{"embeddable":true,"href":"https:\/\/culturayciencia.org\/litterae\/wp-json\/wp\/v2\/users\/4"}],"replies":[{"embeddable":true,"href":"https:\/\/culturayciencia.org\/litterae\/wp-json\/wp\/v2\/comments?post=1481"}],"version-history":[{"count":0,"href":"https:\/\/culturayciencia.org\/litterae\/wp-json\/wp\/v2\/pages\/1481\/revisions"}],"wp:attachment":[{"href":"https:\/\/culturayciencia.org\/litterae\/wp-json\/wp\/v2\/media?parent=1481"}],"curies":[{"name":"wp","href":"https:\/\/api.w.org\/{rel}","templated":true}]}}