{"id":1486,"date":"2020-12-29T21:16:50","date_gmt":"2020-12-29T19:16:50","guid":{"rendered":"https:\/\/culturayciencia.org\/litterae\/?page_id=1486"},"modified":"2021-01-11T13:40:45","modified_gmt":"2021-01-11T11:40:45","slug":"isidro-sanchez-sanchez","status":"publish","type":"page","link":"https:\/\/culturayciencia.org\/litterae\/isidro-sanchez-sanchez\/","title":{"rendered":"Isidro S\u00e1nchez S\u00e1nchez"},"content":{"rendered":"\n<section class=\"wp-block-uagb-columns uagb-columns__wrap uagb-columns__background-undefined uagb-columns__stack-mobile uagb-columns__valign-top uagb-columns__gap-10 alignundefined uagb-block-516ed9ba\"><div class=\"uagb-columns__overlay\"><\/div><div class=\"uagb-columns__inner-wrap uagb-columns__columns-2\">\n<div class=\"wp-block-uagb-column uagb-column__wrap uagb-column__background-color uagb-block-066e628e\"><div class=\"uagb-column__overlay\"><\/div><div class=\"uagb-column__inner-wrap\">\n<div class=\"wp-block-image is-style-rounded\"><figure class=\"aligncenter size-large\"><img loading=\"lazy\" decoding=\"async\" width=\"400\" height=\"400\" src=\"https:\/\/culturayciencia.org\/litterae\/wp-content\/uploads\/2020\/12\/Isidro-Sanchez.jpg\" alt=\"\" class=\"wp-image-1487\" srcset=\"https:\/\/culturayciencia.org\/litterae\/wp-content\/uploads\/2020\/12\/Isidro-Sanchez.jpg 400w, https:\/\/culturayciencia.org\/litterae\/wp-content\/uploads\/2020\/12\/Isidro-Sanchez-300x300.jpg 300w, https:\/\/culturayciencia.org\/litterae\/wp-content\/uploads\/2020\/12\/Isidro-Sanchez-150x150.jpg 150w\" sizes=\"auto, (max-width: 400px) 100vw, 400px\" \/><\/figure><\/div>\n\n\n\n<h2 class=\"has-text-align-center has-medium-font-size wp-block-heading\"><strong><strong>Isidro S\u00e1nchez S\u00e1nchez<\/strong><\/strong><\/h2>\n\n\n\n<p class=\"has-text-align-center has-vivid-red-color has-text-color\">Doctor en Historia por la UCM<\/p>\n<\/div><\/div>\n\n\n\n<div class=\"wp-block-uagb-column uagb-column__wrap uagb-column__background-undefined uagb-block-727affda\"><div class=\"uagb-column__overlay\"><\/div><div class=\"uagb-column__inner-wrap\">\n<p>Desde 1983 imparte clases en el Colegio Universitario de Ciudad Real y forma parte del claustro de profesores de la UCLM desde el primer momento. Es profesor de Historia Contempor\u00e1nea en la Facultad de Letras hasta su jubilaci\u00f3n en 2013. En dicha Instituci\u00f3n es, adem\u00e1s, vicerrector de Centros y Planificaci\u00f3n Econ\u00f3mica (1988-1996), vicerrector de Centros e Infraestructuras (1996-1997) y director del Centro de Estudios de Castilla-La Mancha (2000-2012).<\/p>\n\n\n\n<p>Fundador y miembro del consejo de redacci\u00f3n de Almud, revista de estudios regionales (Ciudad Real, 1980-1983). Tambi\u00e9n de la revista A\u00f1il, cuadernos de Castilla-La Mancha (Madrid, 1993-2011). <\/p>\n\n\n\n<p>Sus m\u00faltiples libros, art\u00edculos en revistas especializadas y obras colectivas tratan principalmente historia de la prensa y de la fotograf\u00eda, asociacionismo y sociabilidad e historia de Castilla-La Mancha. Asiste a congresos y seminarios diversos y organiza un buen n\u00famero de eventos cient\u00edficos y divulgativos. Asimismo, pronuncia numerosas conferencias, es autor de un considerable n\u00famero de art\u00edculos divulgativos en  diferentes medios de comunicaci\u00f3n escritos y colabora en distintas emisoras de radio.<\/p>\n\n\n\n<p>Actualmente es Profesor Colaborador Honor\u00edfico de la Universidad de Castilla-La Mancha, director de la Secci\u00f3n de Historia del Instituto de Estudios Albacetenses, miembro de la Comisi\u00f3n rectora del Centro de Estudios y Documentaci\u00f3n de las Brigadas Internacionales, vicepresidente de la Fundaci\u00f3n Simetr\u00edas, miembro del Comit\u00e9 de \u00c9tica Asistencial de la GAI Ciudad Real. Colabora en diversos medios de comunicaci\u00f3n, Editorial Almud y Centro de Estudios de Castilla-La Mancha<\/p>\n<\/div><\/div>\n<\/div><\/section>\n\n\n","protected":false},"excerpt":{"rendered":"","protected":false},"author":4,"featured_media":0,"parent":0,"menu_order":0,"comment_status":"closed","ping_status":"closed","template":"","meta":{"_acf_changed":false,"om_disable_all_campaigns":false,"_uag_custom_page_level_css":"","_monsterinsights_skip_tracking":false,"_monsterinsights_sitenote_active":false,"_monsterinsights_sitenote_note":"","_monsterinsights_sitenote_category":0,"_uf_show_specific_survey":0,"_uf_disable_surveys":false,"footnotes":""},"class_list":{"0":"post-1486","1":"page","2":"type-page","3":"status-publish","5":"no-featured-image-padding"},"acf":[],"aioseo_notices":[],"uagb_featured_image_src":{"full":false,"thumbnail":false,"medium":false,"medium_large":false,"large":false,"1536x1536":false,"2048x2048":false},"uagb_author_info":{"display_name":false,"author_link":"https:\/\/culturayciencia.org\/litterae\/author\/librerae\/"},"uagb_comment_info":0,"uagb_excerpt":null,"_links":{"self":[{"href":"https:\/\/culturayciencia.org\/litterae\/wp-json\/wp\/v2\/pages\/1486","targetHints":{"allow":["GET"]}}],"collection":[{"href":"https:\/\/culturayciencia.org\/litterae\/wp-json\/wp\/v2\/pages"}],"about":[{"href":"https:\/\/culturayciencia.org\/litterae\/wp-json\/wp\/v2\/types\/page"}],"author":[{"embeddable":true,"href":"https:\/\/culturayciencia.org\/litterae\/wp-json\/wp\/v2\/users\/4"}],"replies":[{"embeddable":true,"href":"https:\/\/culturayciencia.org\/litterae\/wp-json\/wp\/v2\/comments?post=1486"}],"version-history":[{"count":0,"href":"https:\/\/culturayciencia.org\/litterae\/wp-json\/wp\/v2\/pages\/1486\/revisions"}],"wp:attachment":[{"href":"https:\/\/culturayciencia.org\/litterae\/wp-json\/wp\/v2\/media?parent=1486"}],"curies":[{"name":"wp","href":"https:\/\/api.w.org\/{rel}","templated":true}]}}