{"id":1494,"date":"2020-12-29T21:23:36","date_gmt":"2020-12-29T19:23:36","guid":{"rendered":"https:\/\/culturayciencia.org\/litterae\/?page_id=1494"},"modified":"2021-01-21T17:49:12","modified_gmt":"2021-01-21T15:49:12","slug":"jordi-llobregat","status":"publish","type":"page","link":"https:\/\/culturayciencia.org\/litterae\/jordi-llobregat\/","title":{"rendered":"Jordi Llobregat"},"content":{"rendered":"\n<section class=\"wp-block-uagb-columns uagb-columns__wrap uagb-columns__background-undefined uagb-columns__stack-mobile uagb-columns__valign-top uagb-columns__gap-10 alignundefined uagb-block-ea96814a\"><div class=\"uagb-columns__overlay\"><\/div><div class=\"uagb-columns__inner-wrap uagb-columns__columns-2\">\n<div class=\"wp-block-uagb-column uagb-column__wrap uagb-column__background-color uagb-block-4cd3770b\"><div class=\"uagb-column__overlay\"><\/div><div class=\"uagb-column__inner-wrap\">\n<div class=\"wp-block-image is-style-rounded\"><figure class=\"aligncenter size-large\"><img loading=\"lazy\" decoding=\"async\" width=\"400\" height=\"400\" src=\"https:\/\/culturayciencia.org\/litterae\/wp-content\/uploads\/2020\/12\/Jordi-llobregat.jpg\" alt=\"\" class=\"wp-image-1495\" srcset=\"https:\/\/culturayciencia.org\/litterae\/wp-content\/uploads\/2020\/12\/Jordi-llobregat.jpg 400w, https:\/\/culturayciencia.org\/litterae\/wp-content\/uploads\/2020\/12\/Jordi-llobregat-300x300.jpg 300w, https:\/\/culturayciencia.org\/litterae\/wp-content\/uploads\/2020\/12\/Jordi-llobregat-150x150.jpg 150w\" sizes=\"auto, (max-width: 400px) 100vw, 400px\" \/><\/figure><\/div>\n\n\n\n<h2 class=\"has-text-align-center has-medium-font-size wp-block-heading\"><strong>Jordi Llobregat Mateu<\/strong><\/h2>\n\n\n\n<p class=\"has-text-align-center has-vivid-red-color has-text-color\">Escritor<\/p>\n<\/div><\/div>\n\n\n\n<div class=\"wp-block-uagb-column uagb-column__wrap uagb-column__background-undefined uagb-block-c0d9fc90\"><div class=\"uagb-column__overlay\"><\/div><div class=\"uagb-column__inner-wrap\">\n<p>Valencia, 1971. So\u00f1\u00f3 con ser escritor a la edad de doce a\u00f1os tras ver la pel\u00edcula Le magnifique, con Jean-Paul Belmondo y Jacqueline Bisset. <\/p>\n\n\n\n<p>Ha escrito numerosos relatos publicados en varias antolog\u00edas. Es el autor de la novela El secreto de Vesalio (Destino, 2015), traducida a diecinueve idiomas y vendida a m\u00e1s de cuarenta pa\u00edses.<\/p>\n\n\n\n<p><em>Socio de la empresa de servicios culturales AMUNDSEN y su inquietud por la difusi\u00f3n de la cultura le ha<\/em> llevado a crear y dirigir Valencia Negra, festival internacional de g\u00e9nero negro; Torrent Hist\u00f3rica, festival<strong> <\/strong><em>dedicado a susodicho g\u00e9nero; y el ciclo de encuentros culturales XATS en la Fundaci\u00f3n Bancaja.<\/em><\/p>\n\n\n\n<p>Ha publicado durante dos a\u00f1os en el diario Las Provincias la columna cultural&nbsp;Atasco en la mesita de noche&nbsp;y colabora habitualmente con medios especializados. Pertenece al grupo literario El Cuaderno Rojo. Su \u00faltima novela, con un gran \u00e9xito de p\u00fablico y cr\u00edticas, es el thriller No hay luz bajo la nieve (Destino, 2019).&nbsp;<\/p>\n<\/div><\/div>\n<\/div><\/section>\n\n\n","protected":false},"excerpt":{"rendered":"","protected":false},"author":4,"featured_media":0,"parent":0,"menu_order":0,"comment_status":"closed","ping_status":"closed","template":"","meta":{"_acf_changed":false,"om_disable_all_campaigns":false,"_uag_custom_page_level_css":"","_monsterinsights_skip_tracking":false,"_monsterinsights_sitenote_active":false,"_monsterinsights_sitenote_note":"","_monsterinsights_sitenote_category":0,"_uf_show_specific_survey":0,"_uf_disable_surveys":false,"footnotes":""},"class_list":{"0":"post-1494","1":"page","2":"type-page","3":"status-publish","5":"no-featured-image-padding"},"acf":[],"aioseo_notices":[],"uagb_featured_image_src":{"full":false,"thumbnail":false,"medium":false,"medium_large":false,"large":false,"1536x1536":false,"2048x2048":false},"uagb_author_info":{"display_name":false,"author_link":"https:\/\/culturayciencia.org\/litterae\/author\/librerae\/"},"uagb_comment_info":0,"uagb_excerpt":null,"_links":{"self":[{"href":"https:\/\/culturayciencia.org\/litterae\/wp-json\/wp\/v2\/pages\/1494","targetHints":{"allow":["GET"]}}],"collection":[{"href":"https:\/\/culturayciencia.org\/litterae\/wp-json\/wp\/v2\/pages"}],"about":[{"href":"https:\/\/culturayciencia.org\/litterae\/wp-json\/wp\/v2\/types\/page"}],"author":[{"embeddable":true,"href":"https:\/\/culturayciencia.org\/litterae\/wp-json\/wp\/v2\/users\/4"}],"replies":[{"embeddable":true,"href":"https:\/\/culturayciencia.org\/litterae\/wp-json\/wp\/v2\/comments?post=1494"}],"version-history":[{"count":0,"href":"https:\/\/culturayciencia.org\/litterae\/wp-json\/wp\/v2\/pages\/1494\/revisions"}],"wp:attachment":[{"href":"https:\/\/culturayciencia.org\/litterae\/wp-json\/wp\/v2\/media?parent=1494"}],"curies":[{"name":"wp","href":"https:\/\/api.w.org\/{rel}","templated":true}]}}