{"id":1498,"date":"2020-12-29T21:27:26","date_gmt":"2020-12-29T19:27:26","guid":{"rendered":"https:\/\/culturayciencia.org\/litterae\/?page_id=1498"},"modified":"2021-01-11T13:50:08","modified_gmt":"2021-01-11T11:50:08","slug":"jose-rivero-serrano","status":"publish","type":"page","link":"https:\/\/culturayciencia.org\/litterae\/jose-rivero-serrano\/","title":{"rendered":"Jos\u00e9 Rivero Serrano"},"content":{"rendered":"\n<section class=\"wp-block-uagb-columns uagb-columns__wrap uagb-columns__background-undefined uagb-columns__stack-mobile uagb-columns__valign-top uagb-columns__gap-10 alignundefined uagb-block-0d9d382c\"><div class=\"uagb-columns__overlay\"><\/div><div class=\"uagb-columns__inner-wrap uagb-columns__columns-2\">\n<div class=\"wp-block-uagb-column uagb-column__wrap uagb-column__background-color uagb-block-1dfbe27d\"><div class=\"uagb-column__overlay\"><\/div><div class=\"uagb-column__inner-wrap\">\n<div class=\"wp-block-image is-style-rounded\"><figure class=\"aligncenter size-large\"><img loading=\"lazy\" decoding=\"async\" width=\"400\" height=\"400\" src=\"https:\/\/culturayciencia.org\/litterae\/wp-content\/uploads\/2020\/12\/Jose-Rivero.jpg\" alt=\"\" class=\"wp-image-1499\" srcset=\"https:\/\/culturayciencia.org\/litterae\/wp-content\/uploads\/2020\/12\/Jose-Rivero.jpg 400w, https:\/\/culturayciencia.org\/litterae\/wp-content\/uploads\/2020\/12\/Jose-Rivero-300x300.jpg 300w, https:\/\/culturayciencia.org\/litterae\/wp-content\/uploads\/2020\/12\/Jose-Rivero-150x150.jpg 150w\" sizes=\"auto, (max-width: 400px) 100vw, 400px\" \/><\/figure><\/div>\n\n\n\n<h2 class=\"has-text-align-center has-medium-font-size wp-block-heading\"><strong>Jos\u00e9 Rivero Serrano<\/strong><\/h2>\n\n\n\n<p class=\"has-text-align-center has-vivid-red-color has-text-color\">Editor<\/p>\n<\/div><\/div>\n\n\n\n<div class=\"wp-block-uagb-column uagb-column__wrap uagb-column__background-undefined uagb-block-e1ddeecc\"><div class=\"uagb-column__overlay\"><\/div><div class=\"uagb-column__inner-wrap\">\n<p>Ciudad Real 1951. Estudios de Arquitectura en la Escuela T\u00e9cnica Superior de la Universidad de Sevilla.<\/p>\n\n\n\n<p class=\"has-text-align-left\">Arquitecto, Jefe de Servicio de Arquitectura Diputaci\u00f3n Provincial Ciudad Real (1983-2016).Colaborador de diversas publicaciones peri\u00f3dicas: Diario Lanza (Ciudad Real) 1977-1991; Semanario El Manchego (Ciudad Real) 1980-1981; Revista Mancha (Ciudad Real) 1983-1987; A\u00f1il (Madrid y Ciudad Real) 1993-2007; Diario La Tribuna (Ciudad Real) 1995-2020; La Comarca de Puertollano (Puertollano) 2000-2012; Opini\u00f3n (Albacete) 1994-2001; Pasajes de Arquitectura y cr\u00edtica (Madrid) 2003-2006; PH (Sevilla) 2005 ; Formas de Arte y Arquitectura (Ciudad Real) 2002-2008; Cuadernos Hispanoamericanos (Madrid) 2004-2006, Barcarola (Albacete) 2006; El Olivo (Valladolid) 2006, Arquitectos (Madrid) 2006; Itinerarios de Arquitectura( Fundaci\u00f3n Arquitectura Contempor\u00e1nea, C\u00f3rdoba) 2007-2012;&nbsp; Idea La Mancha (Toledo) 2008; Autopsia (Ciudad Real), 2010; Libros y nombres de Castilla-La Mancha. Revista digital (Toledo-Madrid) 2011-2020; Hyp\u00e9rbole. Revista cultural digital (Ciudad Real) 2012-2020; Miciudadreal. Peri\u00f3dico digital (Ciudad Real) 2012-2020; Hombre de palo (Toledo) 2016-2020; Monograma. Revista Iberoamericana de Arte y Pensamiento, (Granada) 2020 y El Rapto de Europa (Madrid) 2018-2020.<\/p>\n\n\n\n<p>Miembro de los consejos de redacci\u00f3n de Almud (Ciudad Real) 1980-83; A\u00f1il (Madrid y Ciudad Real) 1993-2006 y Formas de Arte y Arquitectura (Ciudad Real) 2002-2006. Director de&nbsp;Formas de Arte y Arquitectura (Ciudad Real) desde 2004 a 2006. Miembro del Consejo editorial de Almud ediciones (1998-2020).Ha publicado m\u00e1s de un centenar de trabajos en diversas revistas especializadas y superan los dos mil doscientos art\u00edculos diversos, en prensa anal\u00f3gica y digital. <\/p>\n\n\n\n<p>Autor de textos en 9 cat\u00e1logos expositivos. Ha colaborado en 36 obras colectivas sobre Arte, Arquitectura y Urbanismo, entre 1981 y 2020; universos estos en los que se asientan sus intereses principales. Es autor de 16 libros. El \u00faltimo de ellos Geograf\u00eda Personal (Grado Superior) publicado en Serendipia en 2016<\/p>\n<\/div><\/div>\n<\/div><\/section>\n\n\n","protected":false},"excerpt":{"rendered":"","protected":false},"author":4,"featured_media":0,"parent":0,"menu_order":0,"comment_status":"closed","ping_status":"closed","template":"","meta":{"_acf_changed":false,"om_disable_all_campaigns":false,"_uag_custom_page_level_css":"","_monsterinsights_skip_tracking":false,"_monsterinsights_sitenote_active":false,"_monsterinsights_sitenote_note":"","_monsterinsights_sitenote_category":0,"_uf_show_specific_survey":0,"_uf_disable_surveys":false,"footnotes":""},"class_list":{"0":"post-1498","1":"page","2":"type-page","3":"status-publish","5":"no-featured-image-padding"},"acf":[],"aioseo_notices":[],"uagb_featured_image_src":{"full":false,"thumbnail":false,"medium":false,"medium_large":false,"large":false,"1536x1536":false,"2048x2048":false},"uagb_author_info":{"display_name":false,"author_link":"https:\/\/culturayciencia.org\/litterae\/author\/librerae\/"},"uagb_comment_info":0,"uagb_excerpt":null,"_links":{"self":[{"href":"https:\/\/culturayciencia.org\/litterae\/wp-json\/wp\/v2\/pages\/1498","targetHints":{"allow":["GET"]}}],"collection":[{"href":"https:\/\/culturayciencia.org\/litterae\/wp-json\/wp\/v2\/pages"}],"about":[{"href":"https:\/\/culturayciencia.org\/litterae\/wp-json\/wp\/v2\/types\/page"}],"author":[{"embeddable":true,"href":"https:\/\/culturayciencia.org\/litterae\/wp-json\/wp\/v2\/users\/4"}],"replies":[{"embeddable":true,"href":"https:\/\/culturayciencia.org\/litterae\/wp-json\/wp\/v2\/comments?post=1498"}],"version-history":[{"count":0,"href":"https:\/\/culturayciencia.org\/litterae\/wp-json\/wp\/v2\/pages\/1498\/revisions"}],"wp:attachment":[{"href":"https:\/\/culturayciencia.org\/litterae\/wp-json\/wp\/v2\/media?parent=1498"}],"curies":[{"name":"wp","href":"https:\/\/api.w.org\/{rel}","templated":true}]}}