{"id":1508,"date":"2020-12-29T21:38:47","date_gmt":"2020-12-29T19:38:47","guid":{"rendered":"https:\/\/culturayciencia.org\/litterae\/?page_id=1508"},"modified":"2021-01-21T18:24:08","modified_gmt":"2021-01-21T16:24:08","slug":"jose-manuel-anta","status":"publish","type":"page","link":"https:\/\/culturayciencia.org\/litterae\/jose-manuel-anta\/","title":{"rendered":"Jos\u00e9 Manuel Anta"},"content":{"rendered":"\n<section class=\"wp-block-uagb-columns uagb-columns__wrap uagb-columns__background-undefined uagb-columns__stack-mobile uagb-columns__valign-top uagb-columns__gap-10 alignundefined uagb-block-562a31fa\"><div class=\"uagb-columns__overlay\"><\/div><div class=\"uagb-columns__inner-wrap uagb-columns__columns-2\">\n<div class=\"wp-block-uagb-column uagb-column__wrap uagb-column__background-color uagb-block-dcf1dfa8\"><div class=\"uagb-column__overlay\"><\/div><div class=\"uagb-column__inner-wrap\">\n<figure class=\"wp-block-image size-large is-style-rounded\"><img loading=\"lazy\" decoding=\"async\" width=\"400\" height=\"400\" src=\"https:\/\/culturayciencia.org\/litterae\/wp-content\/uploads\/2020\/12\/Jose-Manuel-Anta.jpg\" alt=\"\" class=\"wp-image-1509\" srcset=\"https:\/\/culturayciencia.org\/litterae\/wp-content\/uploads\/2020\/12\/Jose-Manuel-Anta.jpg 400w, https:\/\/culturayciencia.org\/litterae\/wp-content\/uploads\/2020\/12\/Jose-Manuel-Anta-300x300.jpg 300w, https:\/\/culturayciencia.org\/litterae\/wp-content\/uploads\/2020\/12\/Jose-Manuel-Anta-150x150.jpg 150w\" sizes=\"auto, (max-width: 400px) 100vw, 400px\" \/><\/figure>\n\n\n\n<h2 class=\"has-text-align-center has-medium-font-size wp-block-heading\"><strong>Jos\u00e9 Manuel Anta<\/strong><\/h2>\n\n\n\n<p class=\"has-text-align-center has-vivid-red-color has-text-color\">Director<br>FANDE.<\/p>\n<\/div><\/div>\n\n\n\n<div class=\"wp-block-uagb-column uagb-column__wrap uagb-column__background-undefined uagb-block-cec13b6b\"><div class=\"uagb-column__overlay\"><\/div><div class=\"uagb-column__inner-wrap\">\n<p>Licenciado en Ciencias Econ\u00f3micas y Empresariales.<br><br>Curso de Postgrado en Comercio Exterior por CEOE y en Investigaci\u00f3n de Mercados por la Universidad Aut\u00f3noma de Madrid.<\/p>\n\n\n\n<p>Director de la Federaci\u00f3n de Asociaciones Nacionales de Distribuidores de Ediciones. FANDE.<\/p>\n\n\n\n<p>Director de la International Publishing Distribution Association IPDA.<\/p>\n\n\n\n<p>Ha participado como ponente en diferentes jornadas y seminarios sobre el sector del libro, las publicaciones y los contenidos digitales. Entre otros, Congreso Interamericano de Editores, Congreso Iberoamericano de Libreros, Foro Internacional de Edici\u00f3n de la Feria del Libro de Guadalajara, International Publishing Distribution Forum (Frankfurt), Foro Entre Editores (Buenos Aires), The Publishing Fair (Tur\u00edn), Distripress Congress, Congreso Nacional de Libreros, Jornadas LIBER, Foro de la Asociaci\u00f3n de Editoriales Universitarias, European Press Distribution Round Table, \u2026 Asimismo, es el coordinador del Encuentro Internacional sobre Innovaci\u00f3n del Libro y la Lectura, Readmagine, que se celebra cada a\u00f1o en Madrid.<\/p>\n\n\n\n<p>Ha publicado art\u00edculos y entrevistas en publicaciones espa\u00f1olas y extranjeras relacionadas con el sector de la distribuci\u00f3n de productos culturales y de ocio. Art\u00edculos en El Pa\u00eds, Delibros, Distripress Gazette, Intermedios Comunicaci\u00f3n, Texturas, Futurebook\u2026<\/p>\n<\/div><\/div>\n<\/div><\/section>\n\n\n","protected":false},"excerpt":{"rendered":"","protected":false},"author":4,"featured_media":0,"parent":0,"menu_order":0,"comment_status":"closed","ping_status":"closed","template":"","meta":{"_acf_changed":false,"om_disable_all_campaigns":false,"_uag_custom_page_level_css":"","_monsterinsights_skip_tracking":false,"_monsterinsights_sitenote_active":false,"_monsterinsights_sitenote_note":"","_monsterinsights_sitenote_category":0,"_uf_show_specific_survey":0,"_uf_disable_surveys":false,"footnotes":""},"class_list":{"0":"post-1508","1":"page","2":"type-page","3":"status-publish","5":"no-featured-image-padding"},"acf":[],"aioseo_notices":[],"uagb_featured_image_src":{"full":false,"thumbnail":false,"medium":false,"medium_large":false,"large":false,"1536x1536":false,"2048x2048":false},"uagb_author_info":{"display_name":false,"author_link":"https:\/\/culturayciencia.org\/litterae\/author\/librerae\/"},"uagb_comment_info":0,"uagb_excerpt":null,"_links":{"self":[{"href":"https:\/\/culturayciencia.org\/litterae\/wp-json\/wp\/v2\/pages\/1508","targetHints":{"allow":["GET"]}}],"collection":[{"href":"https:\/\/culturayciencia.org\/litterae\/wp-json\/wp\/v2\/pages"}],"about":[{"href":"https:\/\/culturayciencia.org\/litterae\/wp-json\/wp\/v2\/types\/page"}],"author":[{"embeddable":true,"href":"https:\/\/culturayciencia.org\/litterae\/wp-json\/wp\/v2\/users\/4"}],"replies":[{"embeddable":true,"href":"https:\/\/culturayciencia.org\/litterae\/wp-json\/wp\/v2\/comments?post=1508"}],"version-history":[{"count":0,"href":"https:\/\/culturayciencia.org\/litterae\/wp-json\/wp\/v2\/pages\/1508\/revisions"}],"wp:attachment":[{"href":"https:\/\/culturayciencia.org\/litterae\/wp-json\/wp\/v2\/media?parent=1508"}],"curies":[{"name":"wp","href":"https:\/\/api.w.org\/{rel}","templated":true}]}}