{"id":1523,"date":"2020-12-30T09:01:41","date_gmt":"2020-12-30T07:01:41","guid":{"rendered":"https:\/\/culturayciencia.org\/litterae\/?page_id=1523"},"modified":"2021-01-13T13:17:52","modified_gmt":"2021-01-13T11:17:52","slug":"juan-pablo-roa-delgado","status":"publish","type":"page","link":"https:\/\/culturayciencia.org\/litterae\/juan-pablo-roa-delgado\/","title":{"rendered":"Juan Pablo Roa Delgado"},"content":{"rendered":"\n<section class=\"wp-block-uagb-columns uagb-columns__wrap uagb-columns__background-undefined uagb-columns__stack-mobile uagb-columns__valign-top uagb-columns__gap-10 alignundefined uagb-block-47af75b9\"><div class=\"uagb-columns__overlay\"><\/div><div class=\"uagb-columns__inner-wrap uagb-columns__columns-2\">\n<div class=\"wp-block-uagb-column uagb-column__wrap uagb-column__background-color uagb-block-87777b34\"><div class=\"uagb-column__overlay\"><\/div><div class=\"uagb-column__inner-wrap\">\n<figure class=\"wp-block-image size-large is-style-rounded\"><img loading=\"lazy\" decoding=\"async\" width=\"400\" height=\"400\" src=\"https:\/\/culturayciencia.org\/litterae\/wp-content\/uploads\/2020\/12\/Juan-Pablo-Roa.jpg\" alt=\"\" class=\"wp-image-1524\" srcset=\"https:\/\/culturayciencia.org\/litterae\/wp-content\/uploads\/2020\/12\/Juan-Pablo-Roa.jpg 400w, https:\/\/culturayciencia.org\/litterae\/wp-content\/uploads\/2020\/12\/Juan-Pablo-Roa-300x300.jpg 300w, https:\/\/culturayciencia.org\/litterae\/wp-content\/uploads\/2020\/12\/Juan-Pablo-Roa-150x150.jpg 150w\" sizes=\"auto, (max-width: 400px) 100vw, 400px\" \/><\/figure>\n\n\n\n<h2 class=\"has-text-align-center has-medium-font-size wp-block-heading\"><strong>Juan Pablo Roa Delgado<\/strong><\/h2>\n\n\n\n<p class=\"has-text-align-center has-vivid-red-color has-text-color\">Poeta, Editor, Librero<\/p>\n<\/div><\/div>\n\n\n\n<div class=\"wp-block-uagb-column uagb-column__wrap uagb-column__background-undefined uagb-block-8160308f\"><div class=\"uagb-column__overlay\"><\/div><div class=\"uagb-column__inner-wrap\">\n<p>(Bogot\u00e1, Colombia, 1967). Tras un viaje por Portugal e Italia (1993-1997), se estableci\u00f3 en Barcelona (Espa\u00f1a) en el a\u00f1o 2000, donde trabaja como editor. <\/p>\n\n\n\n<p>Ha publicado los libros de poes\u00eda \u00cdcaro, (Bogot\u00e1, 1989), Canci\u00f3n para la espera (Bogot\u00e1, 1993), El basilisco (M\u00e9xico, 2007) Existe alg\u00fan lugar en donde nadie (Palma de Mallorca, 2011; Zaragoza, 2017) por el que obtuvo en 2010 el XXXV premio de poes\u00eda Vila de Martorell, y Cuaderno del Sur. <\/p>\n\n\n\n<p>Ha traducido obras de las poetas italianas Amelia Rosselli (Poes\u00edas, Montblanc, 2004), Ana Maria Giancarli (Arqueolog\u00eda del presente, Madrid, 2013) y Antonella Anedda (Desde el balc\u00f3n del cuerpo, Madrid, 2014). Es fundador y director de Animal Sospechoso (librer\u00eda y editorial especializadas en poes\u00eda) y de la de la revista anual de poes\u00eda Animal Sospechoso (junto con Roberta Raffetto) de Barcelona. <br><br>Asimismo, trabaj\u00f3 con Nicanor V\u00e9lez Ortiz en la Colecci\u00f3n de Poes\u00eda y en la de Obras Completas del sello C\u00edrculo de Lectores\/Galaxia Gutenberg de Barcelona entre 2001 y 2010.<\/p>\n<\/div><\/div>\n<\/div><\/section>\n\n\n","protected":false},"excerpt":{"rendered":"","protected":false},"author":4,"featured_media":0,"parent":0,"menu_order":0,"comment_status":"closed","ping_status":"closed","template":"","meta":{"_acf_changed":false,"om_disable_all_campaigns":false,"_uag_custom_page_level_css":"","_monsterinsights_skip_tracking":false,"_monsterinsights_sitenote_active":false,"_monsterinsights_sitenote_note":"","_monsterinsights_sitenote_category":0,"_uf_show_specific_survey":0,"_uf_disable_surveys":false,"footnotes":""},"class_list":{"0":"post-1523","1":"page","2":"type-page","3":"status-publish","5":"no-featured-image-padding"},"acf":[],"aioseo_notices":[],"uagb_featured_image_src":{"full":false,"thumbnail":false,"medium":false,"medium_large":false,"large":false,"1536x1536":false,"2048x2048":false},"uagb_author_info":{"display_name":false,"author_link":"https:\/\/culturayciencia.org\/litterae\/author\/librerae\/"},"uagb_comment_info":0,"uagb_excerpt":null,"_links":{"self":[{"href":"https:\/\/culturayciencia.org\/litterae\/wp-json\/wp\/v2\/pages\/1523","targetHints":{"allow":["GET"]}}],"collection":[{"href":"https:\/\/culturayciencia.org\/litterae\/wp-json\/wp\/v2\/pages"}],"about":[{"href":"https:\/\/culturayciencia.org\/litterae\/wp-json\/wp\/v2\/types\/page"}],"author":[{"embeddable":true,"href":"https:\/\/culturayciencia.org\/litterae\/wp-json\/wp\/v2\/users\/4"}],"replies":[{"embeddable":true,"href":"https:\/\/culturayciencia.org\/litterae\/wp-json\/wp\/v2\/comments?post=1523"}],"version-history":[{"count":0,"href":"https:\/\/culturayciencia.org\/litterae\/wp-json\/wp\/v2\/pages\/1523\/revisions"}],"wp:attachment":[{"href":"https:\/\/culturayciencia.org\/litterae\/wp-json\/wp\/v2\/media?parent=1523"}],"curies":[{"name":"wp","href":"https:\/\/api.w.org\/{rel}","templated":true}]}}