{"id":1527,"date":"2020-12-30T09:07:56","date_gmt":"2020-12-30T07:07:56","guid":{"rendered":"https:\/\/culturayciencia.org\/litterae\/?page_id=1527"},"modified":"2021-01-11T14:04:38","modified_gmt":"2021-01-11T12:04:38","slug":"julian-gonzalez-iglesias","status":"publish","type":"page","link":"https:\/\/culturayciencia.org\/litterae\/julian-gonzalez-iglesias\/","title":{"rendered":"Juli\u00e1n Gonz\u00e1lez Iglesias"},"content":{"rendered":"\n<section class=\"wp-block-uagb-columns uagb-columns__wrap uagb-columns__background-undefined uagb-columns__stack-mobile uagb-columns__valign-top uagb-columns__gap-10 alignundefined uagb-block-31e742d3\"><div class=\"uagb-columns__overlay\"><\/div><div class=\"uagb-columns__inner-wrap uagb-columns__columns-2\">\n<div class=\"wp-block-uagb-column uagb-column__wrap uagb-column__background-color uagb-block-e982bf73\"><div class=\"uagb-column__overlay\"><\/div><div class=\"uagb-column__inner-wrap\">\n<figure class=\"wp-block-image size-large is-style-rounded\"><img loading=\"lazy\" decoding=\"async\" width=\"400\" height=\"400\" src=\"https:\/\/culturayciencia.org\/litterae\/wp-content\/uploads\/2020\/12\/Julian-Iglesias.jpg\" alt=\"\" class=\"wp-image-1528\" srcset=\"https:\/\/culturayciencia.org\/litterae\/wp-content\/uploads\/2020\/12\/Julian-Iglesias.jpg 400w, https:\/\/culturayciencia.org\/litterae\/wp-content\/uploads\/2020\/12\/Julian-Iglesias-300x300.jpg 300w, https:\/\/culturayciencia.org\/litterae\/wp-content\/uploads\/2020\/12\/Julian-Iglesias-150x150.jpg 150w\" sizes=\"auto, (max-width: 400px) 100vw, 400px\" \/><\/figure>\n\n\n\n<h2 class=\"has-text-align-center has-medium-font-size wp-block-heading\"><strong>Juli\u00e1n Gonz\u00e1lez Iglesias<\/strong><\/h2>\n\n\n\n<p class=\"has-text-align-center has-vivid-red-color has-text-color\">Director de I+D<br>Observatorio del Futuro<\/p>\n<\/div><\/div>\n\n\n\n<div class=\"wp-block-uagb-column uagb-column__wrap uagb-column__background-undefined uagb-block-2196a169\"><div class=\"uagb-column__overlay\"><\/div><div class=\"uagb-column__inner-wrap\">\n<p>Premiado por el&nbsp;IEBS&nbsp;al mejor proyecto de&nbsp;BIG DATA 2019, sus blogs sobre consumo ecol\u00f3gico, h\u00e1bitos saludables y reciclaje tienen muchos seguidores. Entre sus actividades destaca la producci\u00f3n de&nbsp;documentales sobre sostenibilidad y consumo responsable.<\/p>\n\n\n\n<p>Trabaja en la actualidad en la puesta en marcha de la plataforma de co-creacion \u2018The Gate innovation\u2019.<\/p>\n\n\n\n<p>Licenciado\u00a0en\u00a0Pol\u00edticas y Sociolog\u00eda por la Universidad Complutense de Madrid.\u00a0Ha trabajado para el sector m\u00e9dico- farmac\u00e9utico como\u00a0director de la multinacional francesa CAM Internacional\u00a0(actualmente grupo IMS). Ha sido\u00a0profesor\u00a0y\u00a0ponente\u00a0en diversas\u00a0universidades de Europa, Am\u00e9rica y encuentros internacionales.<\/p>\n<\/div><\/div>\n<\/div><\/section>\n\n\n","protected":false},"excerpt":{"rendered":"","protected":false},"author":4,"featured_media":0,"parent":0,"menu_order":0,"comment_status":"closed","ping_status":"closed","template":"","meta":{"_acf_changed":false,"om_disable_all_campaigns":false,"_uag_custom_page_level_css":"","_monsterinsights_skip_tracking":false,"_monsterinsights_sitenote_active":false,"_monsterinsights_sitenote_note":"","_monsterinsights_sitenote_category":0,"_uf_show_specific_survey":0,"_uf_disable_surveys":false,"footnotes":""},"class_list":{"0":"post-1527","1":"page","2":"type-page","3":"status-publish","5":"no-featured-image-padding"},"acf":[],"aioseo_notices":[],"uagb_featured_image_src":{"full":false,"thumbnail":false,"medium":false,"medium_large":false,"large":false,"1536x1536":false,"2048x2048":false},"uagb_author_info":{"display_name":false,"author_link":"https:\/\/culturayciencia.org\/litterae\/author\/librerae\/"},"uagb_comment_info":0,"uagb_excerpt":null,"_links":{"self":[{"href":"https:\/\/culturayciencia.org\/litterae\/wp-json\/wp\/v2\/pages\/1527","targetHints":{"allow":["GET"]}}],"collection":[{"href":"https:\/\/culturayciencia.org\/litterae\/wp-json\/wp\/v2\/pages"}],"about":[{"href":"https:\/\/culturayciencia.org\/litterae\/wp-json\/wp\/v2\/types\/page"}],"author":[{"embeddable":true,"href":"https:\/\/culturayciencia.org\/litterae\/wp-json\/wp\/v2\/users\/4"}],"replies":[{"embeddable":true,"href":"https:\/\/culturayciencia.org\/litterae\/wp-json\/wp\/v2\/comments?post=1527"}],"version-history":[{"count":0,"href":"https:\/\/culturayciencia.org\/litterae\/wp-json\/wp\/v2\/pages\/1527\/revisions"}],"wp:attachment":[{"href":"https:\/\/culturayciencia.org\/litterae\/wp-json\/wp\/v2\/media?parent=1527"}],"curies":[{"name":"wp","href":"https:\/\/api.w.org\/{rel}","templated":true}]}}