{"id":1534,"date":"2020-12-30T09:12:03","date_gmt":"2020-12-30T07:12:03","guid":{"rendered":"https:\/\/culturayciencia.org\/litterae\/?page_id=1534"},"modified":"2021-01-12T13:07:58","modified_gmt":"2021-01-12T11:07:58","slug":"laura-rinon-sirera","status":"publish","type":"page","link":"https:\/\/culturayciencia.org\/litterae\/laura-rinon-sirera\/","title":{"rendered":"Laura Ri\u00f1\u00f3n Sirera"},"content":{"rendered":"\n<section class=\"wp-block-uagb-columns uagb-columns__wrap uagb-columns__background-undefined uagb-columns__stack-mobile uagb-columns__valign-top uagb-columns__gap-10 alignundefined uagb-block-110ea79a\"><div class=\"uagb-columns__overlay\"><\/div><div class=\"uagb-columns__inner-wrap uagb-columns__columns-2\">\n<div class=\"wp-block-uagb-column uagb-column__wrap uagb-column__background-color uagb-block-c17e28b2\"><div class=\"uagb-column__overlay\"><\/div><div class=\"uagb-column__inner-wrap\">\n<figure class=\"wp-block-image size-large is-style-rounded\"><img loading=\"lazy\" decoding=\"async\" width=\"400\" height=\"400\" src=\"https:\/\/culturayciencia.org\/litterae\/wp-content\/uploads\/2020\/12\/Laura-Rin\u0303on.jpg\" alt=\"\" class=\"wp-image-1535\" srcset=\"https:\/\/culturayciencia.org\/litterae\/wp-content\/uploads\/2020\/12\/Laura-Rin\u0303on.jpg 400w, https:\/\/culturayciencia.org\/litterae\/wp-content\/uploads\/2020\/12\/Laura-Rin\u0303on-300x300.jpg 300w, https:\/\/culturayciencia.org\/litterae\/wp-content\/uploads\/2020\/12\/Laura-Rin\u0303on-150x150.jpg 150w\" sizes=\"auto, (max-width: 400px) 100vw, 400px\" \/><\/figure>\n\n\n\n<h2 class=\"has-text-align-center has-medium-font-size wp-block-heading\"><strong>Laura Ri\u00f1\u00f3n Sirera<\/strong><\/h2>\n\n\n\n<p class=\"has-text-align-center has-vivid-red-color has-text-color\">Librera<\/p>\n<\/div><\/div>\n\n\n\n<div class=\"wp-block-uagb-column uagb-column__wrap uagb-column__background-undefined uagb-block-a0a61bd8\"><div class=\"uagb-column__overlay\"><\/div><div class=\"uagb-column__inner-wrap\">\n<p>Es lectora desde que sus padres le regalaron un ejemplar de Mujercitas. A\u00f1os despu\u00e9s, mientras cursaba un a\u00f1o escolar en Estados Unidos, descubri\u00f3 los cl\u00e1sicos de la literatura norteamericana con tal entusiasmo que los convirti\u00f3 en sus referentes. <\/p>\n\n\n\n<p>Estudi\u00f3 cuatro a\u00f1os en la Facultad de Derecho de Alcal\u00e1 de Henares, pero abandon\u00f3 la carrera en cuarto curso y se mud\u00f3 a Palma de Mallorca para empezar a trabajar como azafata de vuelo. <\/p>\n\n\n\n<p>Ha vivido en varias ciudades de Espa\u00f1a y, salvo a la Ant\u00e1rtida, ha viajado por todos los continentes y ha pisado las librer\u00edas m\u00e1s famosas del mundo. Mientras ejerc\u00eda su profesi\u00f3n se form\u00f3 como coach en la Universidad de Salamanca, y public\u00f3 un libro de relatos, Due\u00f1o de tu destino (Premio \u00c9ride Ediciones 2014), y las novelas Todo lo que fuimos (\u00c9ride Ediciones) y Amapolas en octubre (Tres hermanas), esta \u00faltima ha sido traducida al italiano y al b\u00falgaro. Tras m\u00e1s de dos d\u00e9cadas surcando los cielos de todo el mundo, hace un a\u00f1o se puso el uniforme por \u00faltima vez y dio vida a su propia novela y, sobre un ejemplar de la misma -literalmente-, edific\u00f3 su librer\u00eda, Amapolas en octubre, en la calle Pelayo de Madrid. <\/p>\n\n\n\n<p>En la actualidad es la librera y anfitriona de su librer\u00eda y, adem\u00e1s, acaba de publicar su cuarto libro, El sonido de un tren en la noche (Tres hermanas).<\/p>\n<\/div><\/div>\n<\/div><\/section>\n\n\n","protected":false},"excerpt":{"rendered":"","protected":false},"author":4,"featured_media":0,"parent":0,"menu_order":0,"comment_status":"closed","ping_status":"closed","template":"","meta":{"_acf_changed":false,"om_disable_all_campaigns":false,"_uag_custom_page_level_css":"","_monsterinsights_skip_tracking":false,"_monsterinsights_sitenote_active":false,"_monsterinsights_sitenote_note":"","_monsterinsights_sitenote_category":0,"_uf_show_specific_survey":0,"_uf_disable_surveys":false,"footnotes":""},"class_list":{"0":"post-1534","1":"page","2":"type-page","3":"status-publish","5":"no-featured-image-padding"},"acf":[],"aioseo_notices":[],"uagb_featured_image_src":{"full":false,"thumbnail":false,"medium":false,"medium_large":false,"large":false,"1536x1536":false,"2048x2048":false},"uagb_author_info":{"display_name":false,"author_link":"https:\/\/culturayciencia.org\/litterae\/author\/librerae\/"},"uagb_comment_info":0,"uagb_excerpt":null,"_links":{"self":[{"href":"https:\/\/culturayciencia.org\/litterae\/wp-json\/wp\/v2\/pages\/1534","targetHints":{"allow":["GET"]}}],"collection":[{"href":"https:\/\/culturayciencia.org\/litterae\/wp-json\/wp\/v2\/pages"}],"about":[{"href":"https:\/\/culturayciencia.org\/litterae\/wp-json\/wp\/v2\/types\/page"}],"author":[{"embeddable":true,"href":"https:\/\/culturayciencia.org\/litterae\/wp-json\/wp\/v2\/users\/4"}],"replies":[{"embeddable":true,"href":"https:\/\/culturayciencia.org\/litterae\/wp-json\/wp\/v2\/comments?post=1534"}],"version-history":[{"count":0,"href":"https:\/\/culturayciencia.org\/litterae\/wp-json\/wp\/v2\/pages\/1534\/revisions"}],"wp:attachment":[{"href":"https:\/\/culturayciencia.org\/litterae\/wp-json\/wp\/v2\/media?parent=1534"}],"curies":[{"name":"wp","href":"https:\/\/api.w.org\/{rel}","templated":true}]}}