{"id":1546,"date":"2020-12-30T09:31:40","date_gmt":"2020-12-30T07:31:40","guid":{"rendered":"https:\/\/culturayciencia.org\/litterae\/?page_id=1546"},"modified":"2021-01-13T13:08:54","modified_gmt":"2021-01-13T11:08:54","slug":"marina-sanmartin","status":"publish","type":"page","link":"https:\/\/culturayciencia.org\/litterae\/marina-sanmartin\/","title":{"rendered":"Marina Sanmart\u00edn"},"content":{"rendered":"\n<section class=\"wp-block-uagb-columns uagb-columns__wrap uagb-columns__background-undefined uagb-columns__stack-mobile uagb-columns__valign-top uagb-columns__gap-10 alignundefined uagb-block-95b08d71\"><div class=\"uagb-columns__overlay\"><\/div><div class=\"uagb-columns__inner-wrap uagb-columns__columns-2\">\n<div class=\"wp-block-uagb-column uagb-column__wrap uagb-column__background-color uagb-block-87534d62\"><div class=\"uagb-column__overlay\"><\/div><div class=\"uagb-column__inner-wrap\">\n<figure class=\"wp-block-image size-large is-style-rounded\"><img loading=\"lazy\" decoding=\"async\" width=\"400\" height=\"400\" src=\"https:\/\/culturayciencia.org\/litterae\/wp-content\/uploads\/2020\/12\/Marina-Sanmarti\u0301n.jpg\" alt=\"\" class=\"wp-image-1547\" srcset=\"https:\/\/culturayciencia.org\/litterae\/wp-content\/uploads\/2020\/12\/Marina-Sanmarti\u0301n.jpg 400w, https:\/\/culturayciencia.org\/litterae\/wp-content\/uploads\/2020\/12\/Marina-Sanmarti\u0301n-300x300.jpg 300w, https:\/\/culturayciencia.org\/litterae\/wp-content\/uploads\/2020\/12\/Marina-Sanmarti\u0301n-150x150.jpg 150w\" sizes=\"auto, (max-width: 400px) 100vw, 400px\" \/><\/figure>\n\n\n\n<h2 class=\"has-text-align-center has-medium-font-size wp-block-heading\"><strong>Marina Sanmart\u00edn Pla<\/strong><\/h2>\n\n\n\n<p class=\"has-text-align-center has-vivid-red-color has-text-color\">Periodista, escritora, librera<\/p>\n<\/div><\/div>\n\n\n\n<div class=\"wp-block-uagb-column uagb-column__wrap uagb-column__background-undefined uagb-block-52a03c0d\"><div class=\"uagb-column__overlay\"><\/div><div class=\"uagb-column__inner-wrap\">\n<h3 class=\"wp-block-heading\">Marina Sanmart\u00edn Pla nace en Valencia, en 1977. Licenciada en periodismo, actualmente, despu\u00e9s de m\u00e1s de siete a\u00f1os desempe\u00f1ando puestos de responsabilidad en distintas librer\u00edas y cinco como miembro del equipo de comunicaci\u00f3n de Fnac Madrid, avanza en su carrera como novelista y lo compagina con la gesti\u00f3n de la librer\u00eda Cervantes y compa\u00f1\u00eda, tras coordinar durante tres a\u00f1os el departamento de prensa del Grupo S\u00edlex Ediciones.<\/h3>\n\n\n\n<h3 class=\"wp-block-heading\">Como autora, trabaja en su nueva novela,\u00a0<em>Las manos tan peque\u00f1as,<\/em>\u00a0que publicar\u00e1 pr\u00f3ximamente Harper Collins. Sus t\u00edtulos anteriores se encuentran publicados en Principal de los Libros<em>: El jard\u00edn de los sospechosos<\/em>\u00a0(2018);\u00a0<em>Informe sobre la v\u00edctima<\/em>\u00a0(2016) y\u00a0<em>El amor que nos vuelve malvados\u00a0<\/em>(2014).<\/h3>\n\n\n\n<h3 class=\"wp-block-heading\">Sanmart\u00edn lleva cinco a\u00f1os impartiendo el m\u00f3dulo de comunicaci\u00f3n del m\u00e1ster de Taller de Libros y otros cursos especializados en creaci\u00f3n literaria y comunicaci\u00f3n editorial. Adem\u00e1s, desde 2017, cuenta con secci\u00f3n propia sobre novela negra en&nbsp;<em>ABC Cultural<\/em>, Tinta Roja.<\/h3>\n<\/div><\/div>\n<\/div><\/section>\n\n\n","protected":false},"excerpt":{"rendered":"","protected":false},"author":4,"featured_media":0,"parent":0,"menu_order":0,"comment_status":"closed","ping_status":"closed","template":"","meta":{"_acf_changed":false,"om_disable_all_campaigns":false,"_uag_custom_page_level_css":"","_monsterinsights_skip_tracking":false,"_monsterinsights_sitenote_active":false,"_monsterinsights_sitenote_note":"","_monsterinsights_sitenote_category":0,"_uf_show_specific_survey":0,"_uf_disable_surveys":false,"footnotes":""},"class_list":{"0":"post-1546","1":"page","2":"type-page","3":"status-publish","5":"no-featured-image-padding"},"acf":[],"aioseo_notices":[],"uagb_featured_image_src":{"full":false,"thumbnail":false,"medium":false,"medium_large":false,"large":false,"1536x1536":false,"2048x2048":false},"uagb_author_info":{"display_name":false,"author_link":"https:\/\/culturayciencia.org\/litterae\/author\/librerae\/"},"uagb_comment_info":0,"uagb_excerpt":null,"_links":{"self":[{"href":"https:\/\/culturayciencia.org\/litterae\/wp-json\/wp\/v2\/pages\/1546","targetHints":{"allow":["GET"]}}],"collection":[{"href":"https:\/\/culturayciencia.org\/litterae\/wp-json\/wp\/v2\/pages"}],"about":[{"href":"https:\/\/culturayciencia.org\/litterae\/wp-json\/wp\/v2\/types\/page"}],"author":[{"embeddable":true,"href":"https:\/\/culturayciencia.org\/litterae\/wp-json\/wp\/v2\/users\/4"}],"replies":[{"embeddable":true,"href":"https:\/\/culturayciencia.org\/litterae\/wp-json\/wp\/v2\/comments?post=1546"}],"version-history":[{"count":0,"href":"https:\/\/culturayciencia.org\/litterae\/wp-json\/wp\/v2\/pages\/1546\/revisions"}],"wp:attachment":[{"href":"https:\/\/culturayciencia.org\/litterae\/wp-json\/wp\/v2\/media?parent=1546"}],"curies":[{"name":"wp","href":"https:\/\/api.w.org\/{rel}","templated":true}]}}