{"id":1557,"date":"2020-12-30T10:28:00","date_gmt":"2020-12-30T08:28:00","guid":{"rendered":"https:\/\/culturayciencia.org\/litterae\/?page_id=1557"},"modified":"2021-01-12T14:03:38","modified_gmt":"2021-01-12T12:03:38","slug":"miguel-calero","status":"publish","type":"page","link":"https:\/\/culturayciencia.org\/litterae\/miguel-calero\/","title":{"rendered":"Miguel Calero"},"content":{"rendered":"\n<section class=\"wp-block-uagb-columns uagb-columns__wrap uagb-columns__background-undefined uagb-columns__stack-mobile uagb-columns__valign-top uagb-columns__gap-10 alignundefined uagb-block-d001e2c1\"><div class=\"uagb-columns__overlay\"><\/div><div class=\"uagb-columns__inner-wrap uagb-columns__columns-2\">\n<div class=\"wp-block-uagb-column uagb-column__wrap uagb-column__background-color uagb-block-15e77a97\"><div class=\"uagb-column__overlay\"><\/div><div class=\"uagb-column__inner-wrap\">\n<div class=\"wp-block-image is-style-rounded\"><figure class=\"aligncenter size-large\"><img loading=\"lazy\" decoding=\"async\" width=\"400\" height=\"400\" src=\"https:\/\/culturayciencia.org\/litterae\/wp-content\/uploads\/2020\/12\/Miguel-Calero.jpg\" alt=\"\" class=\"wp-image-1558\" srcset=\"https:\/\/culturayciencia.org\/litterae\/wp-content\/uploads\/2020\/12\/Miguel-Calero.jpg 400w, https:\/\/culturayciencia.org\/litterae\/wp-content\/uploads\/2020\/12\/Miguel-Calero-300x300.jpg 300w, https:\/\/culturayciencia.org\/litterae\/wp-content\/uploads\/2020\/12\/Miguel-Calero-150x150.jpg 150w\" sizes=\"auto, (max-width: 400px) 100vw, 400px\" \/><\/figure><\/div>\n\n\n\n<h2 class=\"has-text-align-center has-medium-font-size wp-block-heading\"><strong>Miguel Calero<\/strong><\/h2>\n\n\n\n<p class=\"has-text-align-center has-vivid-red-color has-text-color\">Ilustrador<\/p>\n<\/div><\/div>\n\n\n\n<div class=\"wp-block-uagb-column uagb-column__wrap uagb-column__background-undefined uagb-block-58de1004\"><div class=\"uagb-column__overlay\"><\/div><div class=\"uagb-column__inner-wrap\">\n<p>Empez\u00f3 como dise\u00f1ador gr\u00e1fico y maquetador, pero lo que siempre le gust\u00f3 fue dibujar. Y mira que casi la l\u00eda haci\u00e9ndose administrativo. <\/p>\n\n\n\n<p>Tras dar varios tumbos laboralmente hablando, estudi\u00f3 en una de las pocas escuelas que hab\u00eda en Madrid dedicadas a la ense\u00f1anza de la ilustraci\u00f3n. Total, que lleva desde 1996 dedic\u00e1ndose a ilustrar cuentos, portadas, libros de texto, aplicaciones para tablets, story board para publicidad y cualquier cosa que implique coger un l\u00e1piz y hacer rayajos. Lo mismo da que el l\u00e1piz sea de grafito que digital.<\/p>\n\n\n\n<p>Entre los clientes para los que ha trabajado est\u00e1n\u00a0Pearson Educaci\u00f3n, Touch of Classic,\u00a0Editorial Helbling (Austria), Seed Media Inc. (USA),\u00a0Mestas Ediciones,\u00a0Algaida,\u00a0Media Minds,\u00a0SEO\/BirdLife,\u00a0Sage SP,\u00a0Select Aviation, \u00a0Jet Airways,\u00a0Aer Lingus,\u00a0DGT,\u00a0Tavex y\u00a0ADIF, entre otros. Adem\u00e1s, colabora con sus ilustraciones siempre que puede en distintas causas solidarias.<\/p>\n\n\n\n<p>Aparte de trabajar como ilustrador y dise\u00f1ador gr\u00e1fico freelance, se dedic\u00f3 desde 1997 hasta 2007 a la ense\u00f1anza de la ilustraci\u00f3n, tanto con t\u00e9cnicas tradicionales como digitales. Es muy activo en redes sociales donde siempre est\u00e1 dispuesto a echar una mano o resolver dudas sobre su profesi\u00f3n a quien se ponga en contacto con \u00e9l.<\/p>\n<\/div><\/div>\n<\/div><\/section>\n\n\n","protected":false},"excerpt":{"rendered":"","protected":false},"author":4,"featured_media":0,"parent":0,"menu_order":0,"comment_status":"closed","ping_status":"closed","template":"","meta":{"_acf_changed":false,"om_disable_all_campaigns":false,"_uag_custom_page_level_css":"","_monsterinsights_skip_tracking":false,"_monsterinsights_sitenote_active":false,"_monsterinsights_sitenote_note":"","_monsterinsights_sitenote_category":0,"_uf_show_specific_survey":0,"_uf_disable_surveys":false,"footnotes":""},"class_list":{"0":"post-1557","1":"page","2":"type-page","3":"status-publish","5":"no-featured-image-padding"},"acf":[],"aioseo_notices":[],"uagb_featured_image_src":{"full":false,"thumbnail":false,"medium":false,"medium_large":false,"large":false,"1536x1536":false,"2048x2048":false},"uagb_author_info":{"display_name":false,"author_link":"https:\/\/culturayciencia.org\/litterae\/author\/librerae\/"},"uagb_comment_info":0,"uagb_excerpt":null,"_links":{"self":[{"href":"https:\/\/culturayciencia.org\/litterae\/wp-json\/wp\/v2\/pages\/1557","targetHints":{"allow":["GET"]}}],"collection":[{"href":"https:\/\/culturayciencia.org\/litterae\/wp-json\/wp\/v2\/pages"}],"about":[{"href":"https:\/\/culturayciencia.org\/litterae\/wp-json\/wp\/v2\/types\/page"}],"author":[{"embeddable":true,"href":"https:\/\/culturayciencia.org\/litterae\/wp-json\/wp\/v2\/users\/4"}],"replies":[{"embeddable":true,"href":"https:\/\/culturayciencia.org\/litterae\/wp-json\/wp\/v2\/comments?post=1557"}],"version-history":[{"count":0,"href":"https:\/\/culturayciencia.org\/litterae\/wp-json\/wp\/v2\/pages\/1557\/revisions"}],"wp:attachment":[{"href":"https:\/\/culturayciencia.org\/litterae\/wp-json\/wp\/v2\/media?parent=1557"}],"curies":[{"name":"wp","href":"https:\/\/api.w.org\/{rel}","templated":true}]}}