{"id":1563,"date":"2020-12-30T10:56:38","date_gmt":"2020-12-30T08:56:38","guid":{"rendered":"https:\/\/culturayciencia.org\/litterae\/?page_id=1563"},"modified":"2021-01-11T14:30:03","modified_gmt":"2021-01-11T12:30:03","slug":"monica-carretero","status":"publish","type":"page","link":"https:\/\/culturayciencia.org\/litterae\/monica-carretero\/","title":{"rendered":"M\u00f3nica Carretero"},"content":{"rendered":"\n<section class=\"wp-block-uagb-columns uagb-columns__wrap uagb-columns__background-undefined uagb-columns__stack-mobile uagb-columns__valign-top uagb-columns__gap-10 alignundefined uagb-block-8b6f91cb\"><div class=\"uagb-columns__overlay\"><\/div><div class=\"uagb-columns__inner-wrap uagb-columns__columns-2\">\n<div class=\"wp-block-uagb-column uagb-column__wrap uagb-column__background-color uagb-block-2adb236d\"><div class=\"uagb-column__overlay\"><\/div><div class=\"uagb-column__inner-wrap\">\n<figure class=\"wp-block-image size-large is-style-rounded\"><img loading=\"lazy\" decoding=\"async\" width=\"400\" height=\"400\" src=\"https:\/\/culturayciencia.org\/litterae\/wp-content\/uploads\/2020\/12\/Monica-carretero.jpg\" alt=\"\" class=\"wp-image-1564\" srcset=\"https:\/\/culturayciencia.org\/litterae\/wp-content\/uploads\/2020\/12\/Monica-carretero.jpg 400w, https:\/\/culturayciencia.org\/litterae\/wp-content\/uploads\/2020\/12\/Monica-carretero-300x300.jpg 300w, https:\/\/culturayciencia.org\/litterae\/wp-content\/uploads\/2020\/12\/Monica-carretero-150x150.jpg 150w\" sizes=\"auto, (max-width: 400px) 100vw, 400px\" \/><\/figure>\n\n\n\n<h2 class=\"has-text-align-center has-medium-font-size wp-block-heading\"><strong>M\u00f3nica Carretero<\/strong><\/h2>\n\n\n\n<p class=\"has-text-align-center has-vivid-red-color has-text-color\">Jefa desarrollo CREA SGR<\/p>\n<\/div><\/div>\n\n\n\n<div class=\"wp-block-uagb-column uagb-column__wrap uagb-column__background-undefined uagb-block-88814c50\"><div class=\"uagb-column__overlay\"><\/div><div class=\"uagb-column__inner-wrap\">\n<p>Ha desarrollado su experiencia en distintos sectores y \u00e1reas, desde PYME a multinacional, lo que le ha permitido tener una visi\u00f3n global a la hora de analizar proyectos.<\/p>\n\n\n\n<p>Se incorpora a CREA SGR en 2010 como responsable de un proyecto europeo lanzado por la Comisi\u00f3n Europea destinado a la financiaci\u00f3n de producciones audiovisuales.<\/p>\n\n\n\n<p>Como jefa de desarrollo de CREA su misi\u00f3n es hacer llegar la financiaci\u00f3n a sectores de la industria cultural nuevos para CREA (m\u00fasica, teatro, videojuegos, fotograf\u00eda, etc.).CREA SGR nace en el 2005 para facilitar el acceso a la financiaci\u00f3n al sector audiovisual <\/p>\n\n\n\n<p>En 2017 ampl\u00eda su actividad a otras \u00e1reas del sector cultural y creativo gracias al instrumento de garant\u00eda lanzado por Europa Creativa (Comisi\u00f3n Europea). Principalmente m\u00fasica y teatro.<\/p>\n\n\n\n<p>Somos una entidad financiera sin \u00e1nimo de lucro, cuyo objetivo principal es facilitar la financiaci\u00f3n a la PYME del sector cultural y creativo.Con motivo de la pandemia provocada por el COVID-19, el Ministerio de Cultura y Deporte a trav\u00e9s de un Real Decreto aprob\u00f3 la aportaci\u00f3n de fondos para que CREA SGR facilitara una LINEA DE LIQUIDEZ AL SECTOR CULTURAL, dadas las dificultades por las que estaba pasando el sector y el dif\u00edcil acceso a los pr\u00e9stamos avalados por el ICO. Esta l\u00ednea de CREA ha permitido facilitar liquidez a pyme del sector cultural, de la que ya se han beneficiado cientos de empresas (entre ellas del sector editorial) y que sigue en vigor.<\/p>\n<\/div><\/div>\n<\/div><\/section>\n\n\n","protected":false},"excerpt":{"rendered":"","protected":false},"author":4,"featured_media":0,"parent":0,"menu_order":0,"comment_status":"closed","ping_status":"closed","template":"","meta":{"_acf_changed":false,"om_disable_all_campaigns":false,"_uag_custom_page_level_css":"","_monsterinsights_skip_tracking":false,"_monsterinsights_sitenote_active":false,"_monsterinsights_sitenote_note":"","_monsterinsights_sitenote_category":0,"_uf_show_specific_survey":0,"_uf_disable_surveys":false,"footnotes":""},"class_list":{"0":"post-1563","1":"page","2":"type-page","3":"status-publish","5":"no-featured-image-padding"},"acf":[],"aioseo_notices":[],"uagb_featured_image_src":{"full":false,"thumbnail":false,"medium":false,"medium_large":false,"large":false,"1536x1536":false,"2048x2048":false},"uagb_author_info":{"display_name":false,"author_link":"https:\/\/culturayciencia.org\/litterae\/author\/librerae\/"},"uagb_comment_info":0,"uagb_excerpt":null,"_links":{"self":[{"href":"https:\/\/culturayciencia.org\/litterae\/wp-json\/wp\/v2\/pages\/1563","targetHints":{"allow":["GET"]}}],"collection":[{"href":"https:\/\/culturayciencia.org\/litterae\/wp-json\/wp\/v2\/pages"}],"about":[{"href":"https:\/\/culturayciencia.org\/litterae\/wp-json\/wp\/v2\/types\/page"}],"author":[{"embeddable":true,"href":"https:\/\/culturayciencia.org\/litterae\/wp-json\/wp\/v2\/users\/4"}],"replies":[{"embeddable":true,"href":"https:\/\/culturayciencia.org\/litterae\/wp-json\/wp\/v2\/comments?post=1563"}],"version-history":[{"count":0,"href":"https:\/\/culturayciencia.org\/litterae\/wp-json\/wp\/v2\/pages\/1563\/revisions"}],"wp:attachment":[{"href":"https:\/\/culturayciencia.org\/litterae\/wp-json\/wp\/v2\/media?parent=1563"}],"curies":[{"name":"wp","href":"https:\/\/api.w.org\/{rel}","templated":true}]}}