{"id":1571,"date":"2020-12-30T11:05:24","date_gmt":"2020-12-30T09:05:24","guid":{"rendered":"https:\/\/culturayciencia.org\/litterae\/?page_id=1571"},"modified":"2021-01-21T18:07:20","modified_gmt":"2021-01-21T16:07:20","slug":"olga-de-dios","status":"publish","type":"page","link":"https:\/\/culturayciencia.org\/litterae\/olga-de-dios\/","title":{"rendered":"Olga de Dios"},"content":{"rendered":"\n<section class=\"wp-block-uagb-columns uagb-columns__wrap uagb-columns__background-undefined uagb-columns__stack-mobile uagb-columns__valign-top uagb-columns__gap-10 alignundefined uagb-block-31a88979\"><div class=\"uagb-columns__overlay\"><\/div><div class=\"uagb-columns__inner-wrap uagb-columns__columns-2\">\n<div class=\"wp-block-uagb-column uagb-column__wrap uagb-column__background-color uagb-block-fc9c7a93\"><div class=\"uagb-column__overlay\"><\/div><div class=\"uagb-column__inner-wrap\">\n<figure class=\"wp-block-image size-large is-style-rounded\"><img loading=\"lazy\" decoding=\"async\" width=\"393\" height=\"393\" src=\"https:\/\/culturayciencia.org\/litterae\/wp-content\/uploads\/2020\/12\/Olga_de_Dios_Litterae.png\" alt=\"\" class=\"wp-image-1572\" srcset=\"https:\/\/culturayciencia.org\/litterae\/wp-content\/uploads\/2020\/12\/Olga_de_Dios_Litterae.png 393w, https:\/\/culturayciencia.org\/litterae\/wp-content\/uploads\/2020\/12\/Olga_de_Dios_Litterae-300x300.png 300w, https:\/\/culturayciencia.org\/litterae\/wp-content\/uploads\/2020\/12\/Olga_de_Dios_Litterae-150x150.png 150w\" sizes=\"auto, (max-width: 393px) 100vw, 393px\" \/><\/figure>\n\n\n\n<h2 class=\"has-text-align-center has-medium-font-size wp-block-heading\"><strong>Olga de Dios<\/strong><\/h2>\n\n\n\n<p class=\"has-text-align-center has-vivid-red-color has-text-color\">Ilustradora<\/p>\n<\/div><\/div>\n\n\n\n<div class=\"wp-block-uagb-column uagb-column__wrap uagb-column__background-undefined uagb-block-584c874e\"><div class=\"uagb-column__overlay\"><\/div><div class=\"uagb-column__inner-wrap\">\n<p>Vive en el madrile\u00f1o barrio de Lavapi\u00e9s. <br><br>Monstruo Azul es el octavo libro que firma como autora del texto y de las ilustraciones.<\/p>\n\n\n\n<p>En 2013, tras obtener el Premio Apila Primera Impresi\u00f3n, public\u00f3 su primer cuento infantil, Monstruo Rosa, con el que comenz\u00f3 su trayectoria de autora e ilustradora para la infancia. Sus obras han sido traducidas a m\u00e1s de quince idiomas y distribuidas en m\u00e1s de veinte pa\u00edses.<\/p>\n\n\n\n<p>Se form\u00f3 como ilustradora en la Escuela de Arte n\u00famero 10 de Madrid y como arquitecta en la Escuela T\u00e9cnica<em> Superior de Arquitectura de Madrid, UPM.<\/em><\/p>\n\n\n\n<p>Sus publicaciones como autora e Ilustradora: \u2022 Monstruo Azul. Apila Ediciones, 2020 \u2022 Los tres hermanos de oro. Nube de Tinta. Penguin Random House, 2019 \u2022 Rana de Tres Ojos. Apila Ediciones, 2017 \u2022 Leotolda. 2016. Apila Ediciones, 2019 \u2022 En familia. La Casa Encendida, 2015. Apila Ediciones, 2020 \u2022 P\u00e1jaro Amarillo. Apila Ediciones, 2015 \u2022 BUSCAR. Nube Ocho Ediciones, 2014 \u2022 Monstruo Rosa. Apila Ediciones, 2013 Como Ilustradora: \u2022 The hips on the Drag Queen go swish, swish, swish. Hachette Book Group USA, 2020 Lil Miss Hot Mess. \u2022 \u00bfQu\u00e9 bigotes me pasa? Baobab, Grupo Planeta, 2019 Versos de Mar\u00eda Leach. \u2022 \uac1c\uad6c\ub9ac \uc655\uc790 \u201cEl pr\u00edncipe rana\u201d ST Unitas, Corea, 2017. Hermanos Grimm. Adaptaci\u00f3n de Kang Min Kyung. \u2022 Ataques de\u2026 Barco de Vapor. SM, 2015 Alejandro Fern\u00e1ndez de las Pe\u00f1as. \u2022 Cuentos cl\u00e1sicos para chicas modernas. Noguer. Grupo Planeta, 2013 Luc\u00eda Etxebarr\u00eda, Allegra R.<\/p>\n<\/div><\/div>\n<\/div><\/section>\n\n\n","protected":false},"excerpt":{"rendered":"","protected":false},"author":4,"featured_media":0,"parent":0,"menu_order":0,"comment_status":"closed","ping_status":"closed","template":"","meta":{"_acf_changed":false,"om_disable_all_campaigns":false,"_uag_custom_page_level_css":"","_monsterinsights_skip_tracking":false,"_monsterinsights_sitenote_active":false,"_monsterinsights_sitenote_note":"","_monsterinsights_sitenote_category":0,"_uf_show_specific_survey":0,"_uf_disable_surveys":false,"footnotes":""},"class_list":{"0":"post-1571","1":"page","2":"type-page","3":"status-publish","5":"no-featured-image-padding"},"acf":[],"aioseo_notices":[],"uagb_featured_image_src":{"full":false,"thumbnail":false,"medium":false,"medium_large":false,"large":false,"1536x1536":false,"2048x2048":false},"uagb_author_info":{"display_name":false,"author_link":"https:\/\/culturayciencia.org\/litterae\/author\/librerae\/"},"uagb_comment_info":0,"uagb_excerpt":null,"_links":{"self":[{"href":"https:\/\/culturayciencia.org\/litterae\/wp-json\/wp\/v2\/pages\/1571","targetHints":{"allow":["GET"]}}],"collection":[{"href":"https:\/\/culturayciencia.org\/litterae\/wp-json\/wp\/v2\/pages"}],"about":[{"href":"https:\/\/culturayciencia.org\/litterae\/wp-json\/wp\/v2\/types\/page"}],"author":[{"embeddable":true,"href":"https:\/\/culturayciencia.org\/litterae\/wp-json\/wp\/v2\/users\/4"}],"replies":[{"embeddable":true,"href":"https:\/\/culturayciencia.org\/litterae\/wp-json\/wp\/v2\/comments?post=1571"}],"version-history":[{"count":0,"href":"https:\/\/culturayciencia.org\/litterae\/wp-json\/wp\/v2\/pages\/1571\/revisions"}],"wp:attachment":[{"href":"https:\/\/culturayciencia.org\/litterae\/wp-json\/wp\/v2\/media?parent=1571"}],"curies":[{"name":"wp","href":"https:\/\/api.w.org\/{rel}","templated":true}]}}