{"id":1574,"date":"2020-12-30T11:08:23","date_gmt":"2020-12-30T09:08:23","guid":{"rendered":"https:\/\/culturayciencia.org\/litterae\/?page_id=1574"},"modified":"2021-03-20T12:00:30","modified_gmt":"2021-03-20T10:00:30","slug":"fernando-opere","status":"publish","type":"page","link":"https:\/\/culturayciencia.org\/litterae\/fernando-opere\/","title":{"rendered":"Fernando Oper\u00e9"},"content":{"rendered":"\n<section class=\"wp-block-uagb-columns uagb-columns__wrap uagb-columns__background-undefined uagb-columns__stack-mobile uagb-columns__valign-top uagb-columns__gap-10 alignundefined uagb-block-f2493e36\"><div class=\"uagb-columns__overlay\"><\/div><div class=\"uagb-columns__inner-wrap uagb-columns__columns-2\">\n<div class=\"wp-block-uagb-column uagb-column__wrap uagb-column__background-color uagb-block-2099b190\"><div class=\"uagb-column__overlay\"><\/div><div class=\"uagb-column__inner-wrap\">\n<figure class=\"wp-block-image size-large is-style-rounded\"><img loading=\"lazy\" decoding=\"async\" width=\"393\" height=\"393\" src=\"https:\/\/culturayciencia.org\/litterae\/wp-content\/uploads\/2021\/02\/Fernando_Opere-.png\" alt=\"\" class=\"wp-image-3100\" srcset=\"https:\/\/culturayciencia.org\/litterae\/wp-content\/uploads\/2021\/02\/Fernando_Opere-.png 393w, https:\/\/culturayciencia.org\/litterae\/wp-content\/uploads\/2021\/02\/Fernando_Opere--300x300.png 300w, https:\/\/culturayciencia.org\/litterae\/wp-content\/uploads\/2021\/02\/Fernando_Opere--150x150.png 150w\" sizes=\"auto, (max-width: 393px) 100vw, 393px\" \/><\/figure>\n\n\n\n<h2 class=\"has-text-align-center has-medium-font-size wp-block-heading\"><strong>Fernando Oper\u00e9<\/strong><\/h2>\n\n\n\n<p class=\"has-text-align-center has-vivid-red-color has-text-color\">Poeta<\/p>\n<\/div><\/div>\n\n\n\n<div class=\"wp-block-uagb-column uagb-column__wrap uagb-column__background-undefined uagb-block-96c4356e\"><div class=\"uagb-column__overlay\"><\/div><div class=\"uagb-column__inner-wrap\">\n<p>Un poeta, cr\u00edtico e historiador, ubicado en el estado de Virginia, donde ejerce la docencia como catedr\u00e1tico en el Departamento de Espa\u00f1ol, Italiano y Portugu\u00e9s de la Universidad de Virginia. Inici\u00f3 sus estudios en la Universidad Complutense de Madrid, aunque la mayor\u00eda de su carrera la sigui\u00f3 en la Universidad Central de Barcelona, en la hist\u00f3rica Plaza de la Universidad. M\u00e1s tarde se mud\u00f3 a los Estados Unidos donde realiz\u00f3 sus estudios de MA y de Doctorado en Historia.<\/p>\n\n\n\n<p>Ha publicado quince libros de poes\u00eda en editoriales en Espa\u00f1a, Argentina, Puerto Rico y USA. Su obra ha aparecido en diversas Antolog\u00edas po\u00e9ticas. Es adem\u00e1s autor de siete libros entre cr\u00edtica, ensayo e historia. Es un asiduo conferenciante en foros y universidades espa\u00f1olas y de las dos Am\u00e9ricas, y miembro de m\u00faltiples asociaciones profesionales. <\/p>\n\n\n\n<p>En los \u00faltimos veinte a\u00f1os ha dado m\u00faltiples recitales po\u00e9ticos, lo que viene a completar sus dos facetas de poeta y actor.<\/p>\n\n\n\n<p>En sus a\u00f1os en Madrid y Barcelona sigui\u00f3 estudios de teatro con Jos\u00e9 Monle\u00f3n y Ricard Salvat. Particip\u00f3 en diversos grupos de teatro underground en Madrid y Hospitalet de Llobregat. Desde esa fecha ha mantenido una asidua actividad teatral, y dirigido 47 obras de teatro, que se han representado en numerosas universidades de los Estados Unidos.<\/p>\n\n\n\n<p>Es Vice-Presidente de la Fundaci\u00f3n MempoGiardinelli, con la que ha colaborado en los \u00faltimos 20 a\u00f1os. La FMG con sede en el Chaco, est\u00e1 dedicada al fomento de la lectura y a la docencia e investigaci\u00f3n en Pedagog\u00eda de la Lectura. La Fundaci\u00f3n tambi\u00e9n sostiene diversos programas culturales, educativos y solidarios: www.fundamgiardinelli.org<\/p>\n\n\n\n<p>Gran aficionado a los deportes (monta\u00f1a, bicicleta y f\u00fatbol), en sus tiempos libres, que son pocos, ejerce como entrenador del equipo de f\u00fatbol femenino de Charlottesville High School.<\/p>\n<\/div><\/div>\n<\/div><\/section>\n\n\n","protected":false},"excerpt":{"rendered":"","protected":false},"author":4,"featured_media":0,"parent":0,"menu_order":0,"comment_status":"closed","ping_status":"closed","template":"","meta":{"_acf_changed":false,"om_disable_all_campaigns":false,"_uag_custom_page_level_css":"","_monsterinsights_skip_tracking":false,"_monsterinsights_sitenote_active":false,"_monsterinsights_sitenote_note":"","_monsterinsights_sitenote_category":0,"_uf_show_specific_survey":0,"_uf_disable_surveys":false,"footnotes":""},"class_list":{"0":"post-1574","1":"page","2":"type-page","3":"status-publish","5":"no-featured-image-padding"},"acf":[],"aioseo_notices":[],"uagb_featured_image_src":{"full":false,"thumbnail":false,"medium":false,"medium_large":false,"large":false,"1536x1536":false,"2048x2048":false},"uagb_author_info":{"display_name":false,"author_link":"https:\/\/culturayciencia.org\/litterae\/author\/librerae\/"},"uagb_comment_info":0,"uagb_excerpt":null,"_links":{"self":[{"href":"https:\/\/culturayciencia.org\/litterae\/wp-json\/wp\/v2\/pages\/1574","targetHints":{"allow":["GET"]}}],"collection":[{"href":"https:\/\/culturayciencia.org\/litterae\/wp-json\/wp\/v2\/pages"}],"about":[{"href":"https:\/\/culturayciencia.org\/litterae\/wp-json\/wp\/v2\/types\/page"}],"author":[{"embeddable":true,"href":"https:\/\/culturayciencia.org\/litterae\/wp-json\/wp\/v2\/users\/4"}],"replies":[{"embeddable":true,"href":"https:\/\/culturayciencia.org\/litterae\/wp-json\/wp\/v2\/comments?post=1574"}],"version-history":[{"count":0,"href":"https:\/\/culturayciencia.org\/litterae\/wp-json\/wp\/v2\/pages\/1574\/revisions"}],"wp:attachment":[{"href":"https:\/\/culturayciencia.org\/litterae\/wp-json\/wp\/v2\/media?parent=1574"}],"curies":[{"name":"wp","href":"https:\/\/api.w.org\/{rel}","templated":true}]}}