{"id":1577,"date":"2020-12-30T11:11:21","date_gmt":"2020-12-30T09:11:21","guid":{"rendered":"https:\/\/culturayciencia.org\/litterae\/?page_id=1577"},"modified":"2021-01-15T14:02:19","modified_gmt":"2021-01-15T12:02:19","slug":"pamela-beloqui","status":"publish","type":"page","link":"https:\/\/culturayciencia.org\/litterae\/pamela-beloqui\/","title":{"rendered":"Pamela Beloqui"},"content":{"rendered":"\n<section class=\"wp-block-uagb-columns uagb-columns__wrap uagb-columns__background-undefined uagb-columns__stack-mobile uagb-columns__valign-top uagb-columns__gap-10 alignundefined uagb-block-f132039b\"><div class=\"uagb-columns__overlay\"><\/div><div class=\"uagb-columns__inner-wrap uagb-columns__columns-2\">\n<div class=\"wp-block-uagb-column uagb-column__wrap uagb-column__background-color uagb-block-b210592e\"><div class=\"uagb-column__overlay\"><\/div><div class=\"uagb-column__inner-wrap\">\n<figure class=\"wp-block-image size-large is-style-rounded\"><img loading=\"lazy\" decoding=\"async\" width=\"269\" height=\"269\" src=\"https:\/\/culturayciencia.org\/litterae\/wp-content\/uploads\/2020\/12\/PAMELA-BELOQUI.jpg\" alt=\"\" class=\"wp-image-1578\" srcset=\"https:\/\/culturayciencia.org\/litterae\/wp-content\/uploads\/2020\/12\/PAMELA-BELOQUI.jpg 269w, https:\/\/culturayciencia.org\/litterae\/wp-content\/uploads\/2020\/12\/PAMELA-BELOQUI-150x150.jpg 150w\" sizes=\"auto, (max-width: 269px) 100vw, 269px\" \/><\/figure>\n\n\n\n<h2 class=\"has-text-align-center has-medium-font-size wp-block-heading\"><strong>Pamela Beloqui<\/strong><\/h2>\n\n\n\n<p class=\"has-text-align-center has-vivid-red-color has-text-color\">Red Internacional Promotores ODS<\/p>\n<\/div><\/div>\n\n\n\n<div class=\"wp-block-uagb-column uagb-column__wrap uagb-column__background-undefined uagb-block-4d1b289b\"><div class=\"uagb-column__overlay\"><\/div><div class=\"uagb-column__inner-wrap\">\n<p>Es Licenciada en Turismo (UNLP) y se ha especializado en gesti\u00f3n y administraci\u00f3n hotelera.<\/p>\n\n\n\n<p>Se form\u00f3 como Promotora ODS (Senado Pcia. de Buenos Aires) y tiene conocimientos sobre turismo sustentable, generaci\u00f3n y manejo de residuos, consumo sostenible y huellas (de carbono, ecol\u00f3gica, h\u00eddrica, digital).<\/p>\n\n\n\n<p>Actualmente co-lidera el equipo de voluntarios de la Biblioteca Virtual ODS de la Red Internacional de Promotores ODS.<\/p>\n\n\n\n<p>Recientemente se ha capacitado en Bibliotecas y Agenda 2030 y en Dimensi\u00f3n Ambiental de los ODS (Ministerio de Ambiente y Desarrollo Sostenible, UNQ y UNJu)\u00bb era el final del resumen de mi perfil, pero ha quedado al inicio del perfil de Daniela Maury (ver im\u00e1genes adjuntas).<\/p>\n<\/div><\/div>\n<\/div><\/section>\n\n\n","protected":false},"excerpt":{"rendered":"","protected":false},"author":4,"featured_media":0,"parent":0,"menu_order":0,"comment_status":"closed","ping_status":"closed","template":"","meta":{"_acf_changed":false,"om_disable_all_campaigns":false,"_uag_custom_page_level_css":"","_monsterinsights_skip_tracking":false,"_monsterinsights_sitenote_active":false,"_monsterinsights_sitenote_note":"","_monsterinsights_sitenote_category":0,"_uf_show_specific_survey":0,"_uf_disable_surveys":false,"footnotes":""},"class_list":{"0":"post-1577","1":"page","2":"type-page","3":"status-publish","5":"no-featured-image-padding"},"acf":[],"aioseo_notices":[],"uagb_featured_image_src":{"full":false,"thumbnail":false,"medium":false,"medium_large":false,"large":false,"1536x1536":false,"2048x2048":false},"uagb_author_info":{"display_name":false,"author_link":"https:\/\/culturayciencia.org\/litterae\/author\/librerae\/"},"uagb_comment_info":0,"uagb_excerpt":null,"_links":{"self":[{"href":"https:\/\/culturayciencia.org\/litterae\/wp-json\/wp\/v2\/pages\/1577","targetHints":{"allow":["GET"]}}],"collection":[{"href":"https:\/\/culturayciencia.org\/litterae\/wp-json\/wp\/v2\/pages"}],"about":[{"href":"https:\/\/culturayciencia.org\/litterae\/wp-json\/wp\/v2\/types\/page"}],"author":[{"embeddable":true,"href":"https:\/\/culturayciencia.org\/litterae\/wp-json\/wp\/v2\/users\/4"}],"replies":[{"embeddable":true,"href":"https:\/\/culturayciencia.org\/litterae\/wp-json\/wp\/v2\/comments?post=1577"}],"version-history":[{"count":0,"href":"https:\/\/culturayciencia.org\/litterae\/wp-json\/wp\/v2\/pages\/1577\/revisions"}],"wp:attachment":[{"href":"https:\/\/culturayciencia.org\/litterae\/wp-json\/wp\/v2\/media?parent=1577"}],"curies":[{"name":"wp","href":"https:\/\/api.w.org\/{rel}","templated":true}]}}