{"id":1580,"date":"2020-12-30T11:18:09","date_gmt":"2020-12-30T09:18:09","guid":{"rendered":"https:\/\/culturayciencia.org\/litterae\/?page_id=1580"},"modified":"2021-01-11T14:40:41","modified_gmt":"2021-01-11T12:40:41","slug":"paulo-cosin","status":"publish","type":"page","link":"https:\/\/culturayciencia.org\/litterae\/paulo-cosin\/","title":{"rendered":"Paulo Cos\u00edn Fern\u00e1ndez"},"content":{"rendered":"\n<section class=\"wp-block-uagb-columns uagb-columns__wrap uagb-columns__background-undefined uagb-columns__stack-mobile uagb-columns__valign-top uagb-columns__gap-10 alignundefined uagb-block-575f0fab\"><div class=\"uagb-columns__overlay\"><\/div><div class=\"uagb-columns__inner-wrap uagb-columns__columns-2\">\n<div class=\"wp-block-uagb-column uagb-column__wrap uagb-column__background-color uagb-block-57389155\"><div class=\"uagb-column__overlay\"><\/div><div class=\"uagb-column__inner-wrap\">\n<div class=\"wp-block-image is-style-rounded\"><figure class=\"aligncenter size-large\"><img loading=\"lazy\" decoding=\"async\" width=\"400\" height=\"400\" src=\"https:\/\/culturayciencia.org\/litterae\/wp-content\/uploads\/2020\/12\/Paulo-Cosi\u0301n.jpg\" alt=\"\" class=\"wp-image-1581\" srcset=\"https:\/\/culturayciencia.org\/litterae\/wp-content\/uploads\/2020\/12\/Paulo-Cosi\u0301n.jpg 400w, https:\/\/culturayciencia.org\/litterae\/wp-content\/uploads\/2020\/12\/Paulo-Cosi\u0301n-300x300.jpg 300w, https:\/\/culturayciencia.org\/litterae\/wp-content\/uploads\/2020\/12\/Paulo-Cosi\u0301n-150x150.jpg 150w\" sizes=\"auto, (max-width: 400px) 100vw, 400px\" \/><\/figure><\/div>\n\n\n\n<h2 class=\"has-text-align-center has-medium-font-size wp-block-heading\"><strong>Paulo Cos\u00edn<\/strong> <strong>Fern\u00e1ndez<\/strong><\/h2>\n\n\n\n<p class=\"has-text-align-center has-vivid-red-color has-text-color\">Editor<br>Vicepresidente de AEM<\/p>\n<\/div><\/div>\n\n\n\n<div class=\"wp-block-uagb-column uagb-column__wrap uagb-column__background-undefined uagb-block-91295c4f\"><div class=\"uagb-column__overlay\"><\/div><div class=\"uagb-column__inner-wrap\">\n<p>Vicepresidente de la Asociaci\u00f3n de Editores de Madrid (AEM)<\/p>\n\n\n\n<p>Ingeniero de montes y MBA por el Instituto de Empresa. Ha desempe\u00f1ado responsabilidades de log\u00edstica, marketing y gerencia en los sectores de la industria de productos de construcci\u00f3n y medio ambiente hasta que en el a\u00f1o 2000 comenz\u00f3 en el sector editorial en el Grupo SM como responsable de marketing de Publicaciones Escolares.<\/p>\n\n\n\n<p>Tras su paso por Oxford University Press, dio el salto a la edici\u00f3n independiente en 2005 como Director Editorial de&nbsp;<a href=\"https:\/\/www.edmorata.es\/\" target=\"_blank\" rel=\"noreferrer noopener\">Ediciones Morata<\/a>, editorial que adquiri\u00f3 a la familia Morata en septiembre de 2016. Sus \u00e1reas de inter\u00e9s son la justicia social, la educaci\u00f3n, la psicolog\u00eda y la sociolog\u00eda.<\/p>\n\n\n\n<p>En la actualidad, ocupa el cargo de Vicepresidente de la Asociaci\u00f3n de Editores de Madrid (AEM), en la que coordina, desde 2016, la Comisi\u00f3n de Peque\u00f1as Editoriales de la AEM. Es tambi\u00e9n miembro de la Junta directiva de la Federaci\u00f3n de Gremios de Editores de Espa\u00f1a, donde su labor se centra en el apoyo al comercio exterior.<\/p>\n<\/div><\/div>\n<\/div><\/section>\n\n\n","protected":false},"excerpt":{"rendered":"","protected":false},"author":4,"featured_media":0,"parent":0,"menu_order":0,"comment_status":"closed","ping_status":"closed","template":"","meta":{"_acf_changed":false,"om_disable_all_campaigns":false,"_uag_custom_page_level_css":"","_monsterinsights_skip_tracking":false,"_monsterinsights_sitenote_active":false,"_monsterinsights_sitenote_note":"","_monsterinsights_sitenote_category":0,"_uf_show_specific_survey":0,"_uf_disable_surveys":false,"footnotes":""},"class_list":{"0":"post-1580","1":"page","2":"type-page","3":"status-publish","5":"no-featured-image-padding"},"acf":[],"aioseo_notices":[],"uagb_featured_image_src":{"full":false,"thumbnail":false,"medium":false,"medium_large":false,"large":false,"1536x1536":false,"2048x2048":false},"uagb_author_info":{"display_name":false,"author_link":"https:\/\/culturayciencia.org\/litterae\/author\/librerae\/"},"uagb_comment_info":0,"uagb_excerpt":null,"_links":{"self":[{"href":"https:\/\/culturayciencia.org\/litterae\/wp-json\/wp\/v2\/pages\/1580","targetHints":{"allow":["GET"]}}],"collection":[{"href":"https:\/\/culturayciencia.org\/litterae\/wp-json\/wp\/v2\/pages"}],"about":[{"href":"https:\/\/culturayciencia.org\/litterae\/wp-json\/wp\/v2\/types\/page"}],"author":[{"embeddable":true,"href":"https:\/\/culturayciencia.org\/litterae\/wp-json\/wp\/v2\/users\/4"}],"replies":[{"embeddable":true,"href":"https:\/\/culturayciencia.org\/litterae\/wp-json\/wp\/v2\/comments?post=1580"}],"version-history":[{"count":0,"href":"https:\/\/culturayciencia.org\/litterae\/wp-json\/wp\/v2\/pages\/1580\/revisions"}],"wp:attachment":[{"href":"https:\/\/culturayciencia.org\/litterae\/wp-json\/wp\/v2\/media?parent=1580"}],"curies":[{"name":"wp","href":"https:\/\/api.w.org\/{rel}","templated":true}]}}