{"id":1587,"date":"2020-12-30T11:31:24","date_gmt":"2020-12-30T09:31:24","guid":{"rendered":"https:\/\/culturayciencia.org\/litterae\/?page_id=1587"},"modified":"2021-02-04T14:34:55","modified_gmt":"2021-02-04T12:34:55","slug":"alvaro-munoz-guillen","status":"publish","type":"page","link":"https:\/\/culturayciencia.org\/litterae\/alvaro-munoz-guillen\/","title":{"rendered":"\u00c1lvaro Mu\u00f1oz Guill\u00e9n"},"content":{"rendered":"\n<section class=\"wp-block-uagb-columns uagb-columns__wrap uagb-columns__background-undefined uagb-columns__stack-mobile uagb-columns__valign-top uagb-columns__gap-10 alignundefined uagb-block-555b2676\"><div class=\"uagb-columns__overlay\"><\/div><div class=\"uagb-columns__inner-wrap uagb-columns__columns-2\">\n<div class=\"wp-block-uagb-column uagb-column__wrap uagb-column__background-color uagb-block-ce616a38\"><div class=\"uagb-column__overlay\"><\/div><div class=\"uagb-column__inner-wrap\">\n<figure class=\"wp-block-image size-large is-style-rounded\"><img loading=\"lazy\" decoding=\"async\" width=\"393\" height=\"393\" src=\"https:\/\/culturayciencia.org\/litterae\/wp-content\/uploads\/2021\/02\/Alvaro-Munoz-Guillem.png\" alt=\"\" class=\"wp-image-2934\" srcset=\"https:\/\/culturayciencia.org\/litterae\/wp-content\/uploads\/2021\/02\/Alvaro-Munoz-Guillem.png 393w, https:\/\/culturayciencia.org\/litterae\/wp-content\/uploads\/2021\/02\/Alvaro-Munoz-Guillem-300x300.png 300w, https:\/\/culturayciencia.org\/litterae\/wp-content\/uploads\/2021\/02\/Alvaro-Munoz-Guillem-150x150.png 150w\" sizes=\"auto, (max-width: 393px) 100vw, 393px\" \/><\/figure>\n\n\n\n<h2 class=\"has-text-align-center has-medium-font-size wp-block-heading\"><strong>\u00c1lvaro Mu\u00f1oz Guill\u00e9n<\/strong><\/h2>\n\n\n\n<p class=\"has-text-align-center has-vivid-red-color has-text-color\">Librero.<br>La Puerta de Tannh\u00e4user<\/p>\n<\/div><\/div>\n\n\n\n<div class=\"wp-block-uagb-column uagb-column__wrap uagb-column__background-undefined uagb-block-3c84e536\"><div class=\"uagb-column__overlay\"><\/div><div class=\"uagb-column__inner-wrap\">\n<p>Plasencia, 1976<\/p>\n\n\n\n<p>Licenciado en Derecho por la universidad de Extremadura, especialista en relaciones internacionales. Inici\u00f3 su vida profesional en 2004 en la oficina de Operaciones de Mantenimiento de la Paz del Ministerio de Asuntos Exteriores y de Cooperaci\u00f3n de Espa\u00f1a.<\/p>\n\n\n\n<p>Entre 2005 y 2011, trabaj\u00f3 en los gabinetes de varios ministros y un secretario de Estado en los \u00e1mbitos de la vivienda y el transporte como asesor de comunicaci\u00f3n, estrategia pol\u00edtica y, finalmente, como director.<\/p>\n\n\n\n<p>En octubre de 2011 decidi\u00f3 poner en marcha junto con Cristina Sanmamed una iniciativa empresarial propia fundando la librer\u00eda La Puerta de Tannh\u00e4user, proyecto al que sigue dedicando su actividad profesional hasta la actualidad.<\/p>\n\n\n\n<p>La librer\u00eda recibi\u00f3 en 2016 el Premio Nacional de Fomento de la Lectura otorgado por el ministerio de Cultura por la iniciativa \u00abLa Conspiraci\u00f3n de la P\u00f3lvora\u00bb una alianza con otras dos librer\u00edas independientes, Letras Corsarias e Intempestivos. En 2017 La Puerta de Tannh\u00e4user obtuvo el premio de Fomento de la Lectura del gobierno regional de Extremadura como mejor iniciativa empresarial relacionada con el libro. En 2019 la librer\u00eda recibi\u00f3 el sello de calidad de librer\u00edas otorgado por las c\u00e1maras del Libro de Espa\u00f1a y Acci\u00f3n Cultural Espa\u00f1ola. En 2020 La Puerta de Tannh\u00e4user ha recibido el Premio Librer\u00eda Cultural de CEGAL.<\/p>\n\n\n\n<p>La librer\u00eda tiene hoy en d\u00eda con dos establecimientos f\u00edsicos, uno dedicado a adultos, La Puerta de Tannh\u00e4user y otro a la literatura infantil y juvenil, La Pecera. Adem\u00e1s, cuenta con una librer\u00eda online www.puertadetannhauser.es, creada en 2015, y una sala especializada en literatura japonesa abierta en agosto de 2020, La Sala Ukiyo.<\/p>\n<\/div><\/div>\n<\/div><\/section>\n\n\n\n\n\n<p><\/p>\n","protected":false},"excerpt":{"rendered":"","protected":false},"author":4,"featured_media":0,"parent":0,"menu_order":0,"comment_status":"closed","ping_status":"closed","template":"","meta":{"_acf_changed":false,"om_disable_all_campaigns":false,"_uag_custom_page_level_css":"","_monsterinsights_skip_tracking":false,"_monsterinsights_sitenote_active":false,"_monsterinsights_sitenote_note":"","_monsterinsights_sitenote_category":0,"_uf_show_specific_survey":0,"_uf_disable_surveys":false,"footnotes":""},"class_list":{"0":"post-1587","1":"page","2":"type-page","3":"status-publish","5":"no-featured-image-padding"},"acf":[],"aioseo_notices":[],"uagb_featured_image_src":{"full":false,"thumbnail":false,"medium":false,"medium_large":false,"large":false,"1536x1536":false,"2048x2048":false},"uagb_author_info":{"display_name":false,"author_link":"https:\/\/culturayciencia.org\/litterae\/author\/librerae\/"},"uagb_comment_info":0,"uagb_excerpt":null,"_links":{"self":[{"href":"https:\/\/culturayciencia.org\/litterae\/wp-json\/wp\/v2\/pages\/1587","targetHints":{"allow":["GET"]}}],"collection":[{"href":"https:\/\/culturayciencia.org\/litterae\/wp-json\/wp\/v2\/pages"}],"about":[{"href":"https:\/\/culturayciencia.org\/litterae\/wp-json\/wp\/v2\/types\/page"}],"author":[{"embeddable":true,"href":"https:\/\/culturayciencia.org\/litterae\/wp-json\/wp\/v2\/users\/4"}],"replies":[{"embeddable":true,"href":"https:\/\/culturayciencia.org\/litterae\/wp-json\/wp\/v2\/comments?post=1587"}],"version-history":[{"count":0,"href":"https:\/\/culturayciencia.org\/litterae\/wp-json\/wp\/v2\/pages\/1587\/revisions"}],"wp:attachment":[{"href":"https:\/\/culturayciencia.org\/litterae\/wp-json\/wp\/v2\/media?parent=1587"}],"curies":[{"name":"wp","href":"https:\/\/api.w.org\/{rel}","templated":true}]}}