{"id":1593,"date":"2020-12-30T11:38:11","date_gmt":"2020-12-30T09:38:11","guid":{"rendered":"https:\/\/culturayciencia.org\/litterae\/?page_id=1593"},"modified":"2021-01-11T14:41:21","modified_gmt":"2021-01-11T12:41:21","slug":"sara-sanchez-asensi","status":"publish","type":"page","link":"https:\/\/culturayciencia.org\/litterae\/sara-sanchez-asensi\/","title":{"rendered":"Sara S\u00e1nchez Asensi"},"content":{"rendered":"\n<section class=\"wp-block-uagb-columns uagb-columns__wrap uagb-columns__background-undefined uagb-columns__stack-mobile uagb-columns__valign-top uagb-columns__gap-10 alignundefined uagb-block-5e2cf32b\"><div class=\"uagb-columns__overlay\"><\/div><div class=\"uagb-columns__inner-wrap uagb-columns__columns-2\">\n<div class=\"wp-block-uagb-column uagb-column__wrap uagb-column__background-color uagb-block-1f8d1a5b\"><div class=\"uagb-column__overlay\"><\/div><div class=\"uagb-column__inner-wrap\">\n<div class=\"wp-block-image is-style-rounded\"><figure class=\"aligncenter size-large\"><img loading=\"lazy\" decoding=\"async\" width=\"400\" height=\"400\" src=\"https:\/\/culturayciencia.org\/litterae\/wp-content\/uploads\/2020\/12\/Sara-Sa\u0301nchez-Asensi.jpg\" alt=\"\" class=\"wp-image-1594\" srcset=\"https:\/\/culturayciencia.org\/litterae\/wp-content\/uploads\/2020\/12\/Sara-Sa\u0301nchez-Asensi.jpg 400w, https:\/\/culturayciencia.org\/litterae\/wp-content\/uploads\/2020\/12\/Sara-Sa\u0301nchez-Asensi-300x300.jpg 300w, https:\/\/culturayciencia.org\/litterae\/wp-content\/uploads\/2020\/12\/Sara-Sa\u0301nchez-Asensi-150x150.jpg 150w\" sizes=\"auto, (max-width: 400px) 100vw, 400px\" \/><\/figure><\/div>\n\n\n\n<h2 class=\"has-text-align-center has-medium-font-size wp-block-heading\"><strong>Sara S\u00e1nchez Asensi<\/strong><\/h2>\n\n\n\n<p class=\"has-text-align-center has-vivid-red-color has-text-color\">Librera <br>Vicepresidenta de CEGAL<\/p>\n<\/div><\/div>\n\n\n\n<div class=\"wp-block-uagb-column uagb-column__wrap uagb-column__background-undefined uagb-block-b1fc0489\"><div class=\"uagb-column__overlay\"><\/div><div class=\"uagb-column__inner-wrap\">\n<p>Nacida en 1976 en Valencia. <br><br>Librera desde el a\u00f1o 2012, empez\u00f3 su andadura librera en la librer\u00eda Trenta-cinc formiguetes de Alzira. Despu\u00e9s de 20 a\u00f1os en el sector del libro, pero en la rama de la distribuci\u00f3n.<\/p>\n\n\n\n<p>En 2019 se hizo cargo del traspaso de la Libreria El Puerto, en el Puerto de Sagunto, Valencia. Una librer\u00eda que cumpl\u00eda 45 a\u00f1os esa misma primavera, y que ha sido un referente comarcal, en el Camp de Morvedre, durante todos estos a\u00f1os.<\/p>\n\n\n\n<p>En la actualidad, trabaja duro para seguir con este legado, y est\u00e1 inmersa en un proceso de modernizaci\u00f3n de la librer\u00eda.Es militante activa, tanto a nivel personal como profesional. Actualmente ejerce de tesorera en el Gremi de llibreters de Valencia, y de vicepresidenta en CEGAL.<\/p>\n<\/div><\/div>\n<\/div><\/section>\n\n\n","protected":false},"excerpt":{"rendered":"","protected":false},"author":4,"featured_media":0,"parent":0,"menu_order":0,"comment_status":"closed","ping_status":"closed","template":"","meta":{"_acf_changed":false,"om_disable_all_campaigns":false,"_uag_custom_page_level_css":"","_monsterinsights_skip_tracking":false,"_monsterinsights_sitenote_active":false,"_monsterinsights_sitenote_note":"","_monsterinsights_sitenote_category":0,"_uf_show_specific_survey":0,"_uf_disable_surveys":false,"footnotes":""},"class_list":{"0":"post-1593","1":"page","2":"type-page","3":"status-publish","5":"no-featured-image-padding"},"acf":[],"aioseo_notices":[],"uagb_featured_image_src":{"full":false,"thumbnail":false,"medium":false,"medium_large":false,"large":false,"1536x1536":false,"2048x2048":false},"uagb_author_info":{"display_name":false,"author_link":"https:\/\/culturayciencia.org\/litterae\/author\/librerae\/"},"uagb_comment_info":0,"uagb_excerpt":null,"_links":{"self":[{"href":"https:\/\/culturayciencia.org\/litterae\/wp-json\/wp\/v2\/pages\/1593","targetHints":{"allow":["GET"]}}],"collection":[{"href":"https:\/\/culturayciencia.org\/litterae\/wp-json\/wp\/v2\/pages"}],"about":[{"href":"https:\/\/culturayciencia.org\/litterae\/wp-json\/wp\/v2\/types\/page"}],"author":[{"embeddable":true,"href":"https:\/\/culturayciencia.org\/litterae\/wp-json\/wp\/v2\/users\/4"}],"replies":[{"embeddable":true,"href":"https:\/\/culturayciencia.org\/litterae\/wp-json\/wp\/v2\/comments?post=1593"}],"version-history":[{"count":0,"href":"https:\/\/culturayciencia.org\/litterae\/wp-json\/wp\/v2\/pages\/1593\/revisions"}],"wp:attachment":[{"href":"https:\/\/culturayciencia.org\/litterae\/wp-json\/wp\/v2\/media?parent=1593"}],"curies":[{"name":"wp","href":"https:\/\/api.w.org\/{rel}","templated":true}]}}