{"id":1597,"date":"2020-12-30T11:42:54","date_gmt":"2020-12-30T09:42:54","guid":{"rendered":"https:\/\/culturayciencia.org\/litterae\/?page_id=1597"},"modified":"2021-01-13T13:19:05","modified_gmt":"2021-01-13T11:19:05","slug":"susana-martin-gijon","status":"publish","type":"page","link":"https:\/\/culturayciencia.org\/litterae\/susana-martin-gijon\/","title":{"rendered":"Susana Mart\u00edn Gij\u00f3n"},"content":{"rendered":"\n<section class=\"wp-block-uagb-columns uagb-columns__wrap uagb-columns__background-undefined uagb-columns__stack-mobile uagb-columns__valign-top uagb-columns__gap-10 alignundefined uagb-block-376d497c\"><div class=\"uagb-columns__overlay\"><\/div><div class=\"uagb-columns__inner-wrap uagb-columns__columns-2\">\n<div class=\"wp-block-uagb-column uagb-column__wrap uagb-column__background-color uagb-block-b046296e\"><div class=\"uagb-column__overlay\"><\/div><div class=\"uagb-column__inner-wrap\">\n<figure class=\"wp-block-image size-large is-style-rounded\"><img loading=\"lazy\" decoding=\"async\" width=\"400\" height=\"400\" src=\"https:\/\/culturayciencia.org\/litterae\/wp-content\/uploads\/2020\/12\/Susana-Marti\u0301n-Gijo\u0301n.jpg\" alt=\"\" class=\"wp-image-1598\" srcset=\"https:\/\/culturayciencia.org\/litterae\/wp-content\/uploads\/2020\/12\/Susana-Marti\u0301n-Gijo\u0301n.jpg 400w, https:\/\/culturayciencia.org\/litterae\/wp-content\/uploads\/2020\/12\/Susana-Marti\u0301n-Gijo\u0301n-300x300.jpg 300w, https:\/\/culturayciencia.org\/litterae\/wp-content\/uploads\/2020\/12\/Susana-Marti\u0301n-Gijo\u0301n-150x150.jpg 150w\" sizes=\"auto, (max-width: 400px) 100vw, 400px\" \/><\/figure>\n\n\n\n<h2 class=\"has-text-align-center has-medium-font-size wp-block-heading\"><strong>Susana Mart\u00edn Gij\u00f3n<\/strong><\/h2>\n\n\n\n<p class=\"has-text-align-center has-vivid-red-color has-text-color\">Escritora<\/p>\n<\/div><\/div>\n\n\n\n<div class=\"wp-block-uagb-column uagb-column__wrap uagb-column__background-undefined uagb-block-6882977c\"><div class=\"uagb-column__overlay\"><\/div><div class=\"uagb-column__inner-wrap\">\n<p>Autora de la serie policiaca M\u00e1s que cuerpos, compuesta hasta la fecha por dos trilog\u00edas, la de las novelas M\u00e1s que cuerpos (2013), Desde la eternidad (2014) y Vino y p\u00f3lvora (2016), y la que integran las novelas cortas de autoficci\u00f3n Pensi\u00f3n Salamanca (2016), Destino Gij\u00f3n (2016) y Expediente Medell\u00edn (2017), ganadora del Premio Cubelles Noir 2018 a mejor novela publicada en castellano.<\/p>\n\n\n\n<p>En 2015 public\u00f3 N\u00e1ufragos, finalista en prestigiosos cert\u00e1menes como el Premio Literario Felipe Trigo o La Trama de Ediciones B y pendiente de su adaptaci\u00f3n audiovisual.<\/p>\n\n\n\n<p>Combina su afici\u00f3n al noir con el relato, g\u00e9nero en el que ha cosechado diversos galardones \u2014C\u00edrculo de Bellas Artes de Tenerife, Relatos para la Igualdad del Ayuntamiento de Burgos, un premio de la Asociaci\u00f3n de Escritores y Artistas Espa\u00f1oles, o el de relato policiaco del Festival Granada Noir\u2014. Sus relatos forman parte de diversas antolog\u00edas en el panorama nacional e internacional.<\/p>\n\n\n\n<p>Ha sido jurado en numerosos cert\u00e1menes, entre ellos el Premio de Novela Ciudad de Santa Cruz, los concursos de microrrelatos Alza tu voz contra la trata de mujeres y ni\u00f1as y T\u00fa tambi\u00e9n tienes algo que decir contra la violencia de g\u00e9nero, el certamen literario para personas mayores Experiencia y Vida o el certamen Mujer y Libros. En 2019, ha presidido el jurado del prestigioso Premio Literario Felipe Trigo de Novela y Narraci\u00f3n corta.<\/p>\n\n\n\n<p>Como autora y conferencista ha participado en festivales y congresos literarios tales como el Congreso Internacional de Literatura Medell\u00edn Negro en Colombia, la Feria del Libro de Manizales, el Congreso de Novela y Cine Negro de Salamanca, la veterana Semana Negra de Gij\u00f3n, el Festival de Novela Policiaca Getafe Negro, el Festival Atl\u00e1ntico del G\u00e9nero Negro Tenerife Noir, la Fiesta del Libro y la Cultura de Medell\u00edn, el Festival Andaluz del <em>G\u00e9nero Negro Granada Noir, el Festival de G\u00e8nere Negre del Garraf Cubelles Noir o las Jornadas de literatura negra, policiaca y de misterio Cartagena Negra.<\/em><\/p>\n\n\n\n<p>En enero de 2020 Alfaguara lanza su nueva novela, Progenie, finalista de los premios Valencia Negra y \u201cPaco Camarasa\u201d y que va ya por su cuarta edici\u00f3n, con m\u00e1s de veinte mil ejemplares vendidos.<\/p>\n\n\n\n<p>En febrero de 2021, Alfaguara publicar\u00e1 Especie, la segunda entrega de la inspectora Camino Vargas.<\/p>\n\n\n\n<p>Actualmente es la Presidenta de la Asociaci\u00f3n de Escritoras y Escritores de Extremadura, conformada por doscientos veinte autoras y autores.<\/p>\n<\/div><\/div>\n<\/div><\/section>\n\n\n","protected":false},"excerpt":{"rendered":"","protected":false},"author":4,"featured_media":0,"parent":0,"menu_order":0,"comment_status":"closed","ping_status":"closed","template":"","meta":{"_acf_changed":false,"om_disable_all_campaigns":false,"_uag_custom_page_level_css":"","_monsterinsights_skip_tracking":false,"_monsterinsights_sitenote_active":false,"_monsterinsights_sitenote_note":"","_monsterinsights_sitenote_category":0,"_uf_show_specific_survey":0,"_uf_disable_surveys":false,"footnotes":""},"class_list":{"0":"post-1597","1":"page","2":"type-page","3":"status-publish","5":"no-featured-image-padding"},"acf":[],"aioseo_notices":[],"uagb_featured_image_src":{"full":false,"thumbnail":false,"medium":false,"medium_large":false,"large":false,"1536x1536":false,"2048x2048":false},"uagb_author_info":{"display_name":false,"author_link":"https:\/\/culturayciencia.org\/litterae\/author\/librerae\/"},"uagb_comment_info":0,"uagb_excerpt":null,"_links":{"self":[{"href":"https:\/\/culturayciencia.org\/litterae\/wp-json\/wp\/v2\/pages\/1597","targetHints":{"allow":["GET"]}}],"collection":[{"href":"https:\/\/culturayciencia.org\/litterae\/wp-json\/wp\/v2\/pages"}],"about":[{"href":"https:\/\/culturayciencia.org\/litterae\/wp-json\/wp\/v2\/types\/page"}],"author":[{"embeddable":true,"href":"https:\/\/culturayciencia.org\/litterae\/wp-json\/wp\/v2\/users\/4"}],"replies":[{"embeddable":true,"href":"https:\/\/culturayciencia.org\/litterae\/wp-json\/wp\/v2\/comments?post=1597"}],"version-history":[{"count":0,"href":"https:\/\/culturayciencia.org\/litterae\/wp-json\/wp\/v2\/pages\/1597\/revisions"}],"wp:attachment":[{"href":"https:\/\/culturayciencia.org\/litterae\/wp-json\/wp\/v2\/media?parent=1597"}],"curies":[{"name":"wp","href":"https:\/\/api.w.org\/{rel}","templated":true}]}}