{"id":1606,"date":"2020-12-30T11:53:54","date_gmt":"2020-12-30T09:53:54","guid":{"rendered":"https:\/\/culturayciencia.org\/litterae\/?page_id=1606"},"modified":"2021-01-26T12:35:48","modified_gmt":"2021-01-26T10:35:48","slug":"xose-ballesteros","status":"publish","type":"page","link":"https:\/\/culturayciencia.org\/litterae\/xose-ballesteros\/","title":{"rendered":"Xos\u00e9 Ballesteros"},"content":{"rendered":"\n<section class=\"wp-block-uagb-columns uagb-columns__wrap uagb-columns__background-undefined uagb-columns__stack-mobile uagb-columns__valign-top uagb-columns__gap-10 alignundefined uagb-block-2478df8c\"><div class=\"uagb-columns__overlay\"><\/div><div class=\"uagb-columns__inner-wrap uagb-columns__columns-2\">\n<div class=\"wp-block-uagb-column uagb-column__wrap uagb-column__background-color uagb-block-edda29a7\"><div class=\"uagb-column__overlay\"><\/div><div class=\"uagb-column__inner-wrap\">\n<figure class=\"wp-block-image size-large is-style-rounded\"><img loading=\"lazy\" decoding=\"async\" width=\"400\" height=\"400\" src=\"https:\/\/culturayciencia.org\/litterae\/wp-content\/uploads\/2020\/12\/Xose\u0301-Ballesteros-Rey.jpg\" alt=\"\" class=\"wp-image-1607\" srcset=\"https:\/\/culturayciencia.org\/litterae\/wp-content\/uploads\/2020\/12\/Xose\u0301-Ballesteros-Rey.jpg 400w, https:\/\/culturayciencia.org\/litterae\/wp-content\/uploads\/2020\/12\/Xose\u0301-Ballesteros-Rey-300x300.jpg 300w, https:\/\/culturayciencia.org\/litterae\/wp-content\/uploads\/2020\/12\/Xose\u0301-Ballesteros-Rey-150x150.jpg 150w\" sizes=\"auto, (max-width: 400px) 100vw, 400px\" \/><\/figure>\n\n\n\n<h2 class=\"has-text-align-center has-medium-font-size wp-block-heading\"><strong>Xos\u00e9 Ballesteros<\/strong><\/h2>\n\n\n\n<p class=\"has-text-align-center has-vivid-red-color has-text-color\">Editor, escritor, traductor<\/p>\n<\/div><\/div>\n\n\n\n<div class=\"wp-block-uagb-column uagb-column__wrap uagb-column__background-undefined uagb-block-881e5e3e\"><div class=\"uagb-column__overlay\"><\/div><div class=\"uagb-column__inner-wrap\">\n<p>Es especialista en Literatura Infantil y Juvenil, ha estudiado Filosof\u00eda en la UNED. Es cofundador y director general de KALANDRAKA EDITORA (Premio Nacional a la Mejor Labor Editorial Cultural 2012).<\/p>\n\n\n\n<p>Ha investigado sobre la historia y la estructura de los cuentos cl\u00e1sicos europeos, siguiendo las teor\u00edas de Vladimir Propp y ha adaptado numerosos cuentos tradicionales publicados en formato de \u00e1lbum ilustrado. <\/p>\n\n\n\n<p>Es autor de obras como \u00abTalego\u00bb (Premio Manuel Garc\u00eda Barros de Novela 1993) y \u00abViaje a la morada de los dioses\u00bb (1999). Entre sus obras para p\u00fablico infantil destacan \u00abEl peque\u00f1o conejo blanco\u00bb (Premio Nacional de Ilustraci\u00f3n 1999), \u00abT\u00edo Lobo\u00bb e \u00abImagina Animales\u00bb. En su faceta de traductor ha publicado la antolog\u00eda \u00abFernando Pessoa, selecci\u00f3n po\u00e9tica\u00bb (3\u00ba Premio Nacional al Libro Mejor Editado 2015) y la novela \u00abSobre las ruinas del mundo\u00bb (2019), de la autora portuguesa Patr\u00edcia Reis. <\/p>\n\n\n\n<p>Dirige el sello FAKTOR\u00cdA K, en cuyo cat\u00e1logo figuran autores como Nabokov, Roth, Orwell, Zweig, Duras y Manuel \u00c1lvarez Torneiro (Premio Nacional de Poes\u00eda 2013). Ha participado en el jurado de los Premios Princesa de Asturias de las Letras. Ha sido presidente de la Asociaci\u00f3n Galega de Editoras entre 2016 y 2021; actualmente forma parte de la directiva de la Federaci\u00f3n de Gremios de Editores de Espa\u00f1a.<\/p>\n<\/div><\/div>\n<\/div><\/section>\n\n\n","protected":false},"excerpt":{"rendered":"","protected":false},"author":4,"featured_media":0,"parent":0,"menu_order":0,"comment_status":"closed","ping_status":"closed","template":"","meta":{"_acf_changed":false,"om_disable_all_campaigns":false,"_uag_custom_page_level_css":"","_monsterinsights_skip_tracking":false,"_monsterinsights_sitenote_active":false,"_monsterinsights_sitenote_note":"","_monsterinsights_sitenote_category":0,"_uf_show_specific_survey":0,"_uf_disable_surveys":false,"footnotes":""},"class_list":{"0":"post-1606","1":"page","2":"type-page","3":"status-publish","5":"no-featured-image-padding"},"acf":[],"aioseo_notices":[],"uagb_featured_image_src":{"full":false,"thumbnail":false,"medium":false,"medium_large":false,"large":false,"1536x1536":false,"2048x2048":false},"uagb_author_info":{"display_name":false,"author_link":"https:\/\/culturayciencia.org\/litterae\/author\/librerae\/"},"uagb_comment_info":0,"uagb_excerpt":null,"_links":{"self":[{"href":"https:\/\/culturayciencia.org\/litterae\/wp-json\/wp\/v2\/pages\/1606","targetHints":{"allow":["GET"]}}],"collection":[{"href":"https:\/\/culturayciencia.org\/litterae\/wp-json\/wp\/v2\/pages"}],"about":[{"href":"https:\/\/culturayciencia.org\/litterae\/wp-json\/wp\/v2\/types\/page"}],"author":[{"embeddable":true,"href":"https:\/\/culturayciencia.org\/litterae\/wp-json\/wp\/v2\/users\/4"}],"replies":[{"embeddable":true,"href":"https:\/\/culturayciencia.org\/litterae\/wp-json\/wp\/v2\/comments?post=1606"}],"version-history":[{"count":0,"href":"https:\/\/culturayciencia.org\/litterae\/wp-json\/wp\/v2\/pages\/1606\/revisions"}],"wp:attachment":[{"href":"https:\/\/culturayciencia.org\/litterae\/wp-json\/wp\/v2\/media?parent=1606"}],"curies":[{"name":"wp","href":"https:\/\/api.w.org\/{rel}","templated":true}]}}