{"id":181,"date":"2019-08-30T14:15:29","date_gmt":"2019-08-30T12:15:29","guid":{"rendered":"https:\/\/culturayciencia.org\/litterae\/?page_id=181"},"modified":"2021-01-18T18:19:45","modified_gmt":"2021-01-18T16:19:45","slug":"edicion-virtual","status":"publish","type":"page","link":"https:\/\/culturayciencia.org\/litterae\/edicion-virtual\/","title":{"rendered":"Edici\u00f3n Virtual"},"content":{"rendered":"\n<div class=\"wp-block-uagb-advanced-heading uagb-block-50bacaa3\"><h2 class=\"uagb-heading-text\"><strong>Edici\u00f3n Virtual<\/strong><\/h2><div class=\"uagb-separator-wrap\"><div class=\"uagb-separator\"><\/div><\/div><p class=\"uagb-desc-text\"><\/p><\/div>\n\n\n\n<p>Este a\u00f1o, debido a la situaci\u00f3n sanitaria provocada por el COVID, la edici\u00f3n ser\u00e1 <strong>virtual<\/strong>.<strong> <\/strong>Se realizar\u00e1 a trav\u00e9s de la<strong> plataforma ZOOM<\/strong>. La claves a las sesiones ser\u00e1n facilitadas una vez formalizada la <a href=\"https:\/\/docs.google.com\/forms\/d\/e\/1FAIpQLScednIMkrc0jfm4TWfBqw6238I5oKPsHv30ya5KYi7ImAzOLQ\/viewform\"><strong>inscripci\u00f3n<\/strong><\/a>, que es gratuita.<\/p>\n\n\n\n<div class=\"wp-block-uagb-advanced-heading uagb-block-44a50ee9\"><h2 class=\"uagb-heading-text\"><strong>Tutorial descarga Zoom<\/strong><\/h2><div class=\"uagb-separator-wrap\"><div class=\"uagb-separator\"><\/div><\/div><p class=\"uagb-desc-text\"><\/p><\/div>\n\n\n\n<h3 class=\"wp-block-heading\"><strong>Paso 1:<\/strong><\/h3>\n\n\n\n<p>Ingrese a (<a href=\"https:\/\/zoom.us\/\" target=\"_blank\" rel=\"noreferrer noopener\">https:\/\/zoom.us<\/a>) y seleccione \u201cIngresar\u201d<\/p>\n\n\n\n<div class=\"wp-block-image\"><figure class=\"aligncenter size-large is-resized\"><img loading=\"lazy\" decoding=\"async\" src=\"https:\/\/culturayciencia.org\/litterae\/wp-content\/uploads\/2021\/01\/Tuto_zoom_01_Litterae-1024x508.png\" alt=\"\" class=\"wp-image-2383\" width=\"877\" height=\"435\" srcset=\"https:\/\/culturayciencia.org\/litterae\/wp-content\/uploads\/2021\/01\/Tuto_zoom_01_Litterae-1024x508.png 1024w, https:\/\/culturayciencia.org\/litterae\/wp-content\/uploads\/2021\/01\/Tuto_zoom_01_Litterae-300x149.png 300w, https:\/\/culturayciencia.org\/litterae\/wp-content\/uploads\/2021\/01\/Tuto_zoom_01_Litterae-768x381.png 768w, https:\/\/culturayciencia.org\/litterae\/wp-content\/uploads\/2021\/01\/Tuto_zoom_01_Litterae-1536x762.png 1536w, https:\/\/culturayciencia.org\/litterae\/wp-content\/uploads\/2021\/01\/Tuto_zoom_01_Litterae.png 1892w\" sizes=\"auto, (max-width: 877px) 100vw, 877px\" \/><\/figure><\/div>\n\n\n\n<h3 class=\"wp-block-heading\"><strong>Paso 2:<\/strong><\/h3>\n\n\n\n<p>Seleccione \u00abReg\u00edstrese gratis\u201d<\/p>\n\n\n\n<div class=\"wp-block-image\"><figure class=\"aligncenter size-large is-resized\"><img loading=\"lazy\" decoding=\"async\" src=\"https:\/\/culturayciencia.org\/litterae\/wp-content\/uploads\/2021\/01\/Tuto_zoom_02_Litterae-1024x508.png\" alt=\"\" class=\"wp-image-2384\" width=\"870\" height=\"431\" srcset=\"https:\/\/culturayciencia.org\/litterae\/wp-content\/uploads\/2021\/01\/Tuto_zoom_02_Litterae-1024x508.png 1024w, https:\/\/culturayciencia.org\/litterae\/wp-content\/uploads\/2021\/01\/Tuto_zoom_02_Litterae-300x149.png 300w, https:\/\/culturayciencia.org\/litterae\/wp-content\/uploads\/2021\/01\/Tuto_zoom_02_Litterae-768x381.png 768w, https:\/\/culturayciencia.org\/litterae\/wp-content\/uploads\/2021\/01\/Tuto_zoom_02_Litterae-1536x762.png 1536w, https:\/\/culturayciencia.org\/litterae\/wp-content\/uploads\/2021\/01\/Tuto_zoom_02_Litterae.png 1892w\" sizes=\"auto, (max-width: 870px) 100vw, 870px\" \/><\/figure><\/div>\n\n\n\n<h3 class=\"wp-block-heading\"><strong>Paso 3:<\/strong><\/h3>\n\n\n\n<p>Confirme su fecha de nacimiento e ingrese su correo electr\u00f3nico.<\/p>\n\n\n\n<p>Una vez que hizo clic en \u201dRegistrarse\u201d, favor de revisar su correo electr\u00f3nico.<\/p>\n\n\n\n<h3 class=\"wp-block-heading\"><strong>Paso 4:<\/strong><\/h3>\n\n\n\n<p>Abra su correo y busque el correo de Zoom con el nombre de \u00abActive su cuenta de Zoom\u201d y haga clic sobre el bot\u00f3n \u201cActivar Cuenta\u201d.<\/p>\n\n\n\n<div class=\"wp-block-image\"><figure class=\"aligncenter size-large is-resized\"><img loading=\"lazy\" decoding=\"async\" src=\"https:\/\/culturayciencia.org\/litterae\/wp-content\/uploads\/2021\/01\/Tuto_zoom_05_Litterae-1024x486.png\" alt=\"\" class=\"wp-image-2389\" width=\"858\" height=\"407\" srcset=\"https:\/\/culturayciencia.org\/litterae\/wp-content\/uploads\/2021\/01\/Tuto_zoom_05_Litterae-1024x486.png 1024w, https:\/\/culturayciencia.org\/litterae\/wp-content\/uploads\/2021\/01\/Tuto_zoom_05_Litterae-300x142.png 300w, https:\/\/culturayciencia.org\/litterae\/wp-content\/uploads\/2021\/01\/Tuto_zoom_05_Litterae-768x365.png 768w, https:\/\/culturayciencia.org\/litterae\/wp-content\/uploads\/2021\/01\/Tuto_zoom_05_Litterae-1536x729.png 1536w, https:\/\/culturayciencia.org\/litterae\/wp-content\/uploads\/2021\/01\/Tuto_zoom_05_Litterae.png 1892w\" sizes=\"auto, (max-width: 858px) 100vw, 858px\" \/><\/figure><\/div>\n\n\n\n<h3 class=\"wp-block-heading\"><strong>Paso 5:<\/strong><\/h3>\n\n\n\n<p>Al hacer clic en \u00abActivar Cuenta\u00bb, le debe mostrar una nueva interfaz donde deber\u00e1 ingresar sus datos personales, al finalizar, haga clic en \u00abActivar\u00bb.<\/p>\n\n\n\n<div class=\"wp-block-image\"><figure class=\"aligncenter size-large is-resized\"><img loading=\"lazy\" decoding=\"async\" src=\"https:\/\/culturayciencia.org\/litterae\/wp-content\/uploads\/2021\/01\/Tuto_zoom_04_Litterae-1024x486.png\" alt=\"\" class=\"wp-image-2386\" width=\"828\" height=\"392\" srcset=\"https:\/\/culturayciencia.org\/litterae\/wp-content\/uploads\/2021\/01\/Tuto_zoom_04_Litterae-1024x486.png 1024w, https:\/\/culturayciencia.org\/litterae\/wp-content\/uploads\/2021\/01\/Tuto_zoom_04_Litterae-300x142.png 300w, https:\/\/culturayciencia.org\/litterae\/wp-content\/uploads\/2021\/01\/Tuto_zoom_04_Litterae-768x365.png 768w, https:\/\/culturayciencia.org\/litterae\/wp-content\/uploads\/2021\/01\/Tuto_zoom_04_Litterae-1536x729.png 1536w, https:\/\/culturayciencia.org\/litterae\/wp-content\/uploads\/2021\/01\/Tuto_zoom_04_Litterae.png 1892w\" sizes=\"auto, (max-width: 828px) 100vw, 828px\" \/><\/figure><\/div>\n","protected":false},"excerpt":{"rendered":"","protected":false},"author":4,"featured_media":0,"parent":0,"menu_order":0,"comment_status":"closed","ping_status":"closed","template":"","meta":{"_acf_changed":false,"om_disable_all_campaigns":false,"_uag_custom_page_level_css":"","_monsterinsights_skip_tracking":false,"_monsterinsights_sitenote_active":false,"_monsterinsights_sitenote_note":"","_monsterinsights_sitenote_category":0,"_uf_show_specific_survey":0,"_uf_disable_surveys":false,"footnotes":""},"class_list":{"0":"post-181","1":"page","2":"type-page","3":"status-publish","5":"no-featured-image-padding"},"acf":[],"aioseo_notices":[],"uagb_featured_image_src":{"full":false,"thumbnail":false,"medium":false,"medium_large":false,"large":false,"1536x1536":false,"2048x2048":false},"uagb_author_info":{"display_name":false,"author_link":"https:\/\/culturayciencia.org\/litterae\/author\/librerae\/"},"uagb_comment_info":0,"uagb_excerpt":null,"_links":{"self":[{"href":"https:\/\/culturayciencia.org\/litterae\/wp-json\/wp\/v2\/pages\/181","targetHints":{"allow":["GET"]}}],"collection":[{"href":"https:\/\/culturayciencia.org\/litterae\/wp-json\/wp\/v2\/pages"}],"about":[{"href":"https:\/\/culturayciencia.org\/litterae\/wp-json\/wp\/v2\/types\/page"}],"author":[{"embeddable":true,"href":"https:\/\/culturayciencia.org\/litterae\/wp-json\/wp\/v2\/users\/4"}],"replies":[{"embeddable":true,"href":"https:\/\/culturayciencia.org\/litterae\/wp-json\/wp\/v2\/comments?post=181"}],"version-history":[{"count":0,"href":"https:\/\/culturayciencia.org\/litterae\/wp-json\/wp\/v2\/pages\/181\/revisions"}],"wp:attachment":[{"href":"https:\/\/culturayciencia.org\/litterae\/wp-json\/wp\/v2\/media?parent=181"}],"curies":[{"name":"wp","href":"https:\/\/api.w.org\/{rel}","templated":true}]}}