{"id":2342,"date":"2021-01-12T12:40:58","date_gmt":"2021-01-12T10:40:58","guid":{"rendered":"https:\/\/culturayciencia.org\/litterae\/?page_id=2342"},"modified":"2021-01-12T12:41:00","modified_gmt":"2021-01-12T10:41:00","slug":"jose-ramon-gomez-cabezas","status":"publish","type":"page","link":"https:\/\/culturayciencia.org\/litterae\/jose-ramon-gomez-cabezas\/","title":{"rendered":"Jos\u00e9 Ram\u00f3n G\u00f3mez Cabezas"},"content":{"rendered":"\n<section class=\"wp-block-uagb-columns uagb-columns__wrap uagb-columns__background-undefined uagb-columns__stack-mobile uagb-columns__valign-top uagb-columns__gap-10 alignundefined uagb-block-759f9caf\"><div class=\"uagb-columns__overlay\"><\/div><div class=\"uagb-columns__inner-wrap uagb-columns__columns-2\">\n<div class=\"wp-block-uagb-column uagb-column__wrap uagb-column__background-color uagb-block-ff1bbe7c\"><div class=\"uagb-column__overlay\"><\/div><div class=\"uagb-column__inner-wrap\">\n<div class=\"wp-block-image is-style-rounded\"><figure class=\"aligncenter size-large\"><img loading=\"lazy\" decoding=\"async\" width=\"393\" height=\"393\" src=\"https:\/\/culturayciencia.org\/litterae\/wp-content\/uploads\/2021\/01\/Jose_Ramon_Cabezas_Litterae.png\" alt=\"\" class=\"wp-image-2336\" srcset=\"https:\/\/culturayciencia.org\/litterae\/wp-content\/uploads\/2021\/01\/Jose_Ramon_Cabezas_Litterae.png 393w, https:\/\/culturayciencia.org\/litterae\/wp-content\/uploads\/2021\/01\/Jose_Ramon_Cabezas_Litterae-300x300.png 300w, https:\/\/culturayciencia.org\/litterae\/wp-content\/uploads\/2021\/01\/Jose_Ramon_Cabezas_Litterae-150x150.png 150w\" sizes=\"auto, (max-width: 393px) 100vw, 393px\" \/><\/figure><\/div>\n\n\n\n<h2 class=\"has-text-align-center has-medium-font-size wp-block-heading\"><strong><strong>Jos\u00e9 Ram\u00f3n G\u00f3mez Cabezas<\/strong><\/strong><\/h2>\n\n\n\n<p class=\"has-text-align-center has-vivid-red-color has-text-color\">Escritor<\/p>\n<\/div><\/div>\n\n\n\n<div class=\"wp-block-uagb-column uagb-column__wrap uagb-column__background-undefined uagb-block-579d6bad\"><div class=\"uagb-column__overlay\"><\/div><div class=\"uagb-column__inner-wrap\">\n<p>Psic\u00f3logo y profesor de la UCLM. Combina su actividad profesional con el \u00e1rea literaria, colaborando en la mayor\u00eda de los festivales de g\u00e9nero negro y policial de toda Espa\u00f1a como ponente o jurado. Es presidente de la Asociaci\u00f3n de amigos de la literatura policial (Novelpol) que concede un premio todos los a\u00f1os en la Semana negra de Gij\u00f3n.<\/p>\n\n\n\n<p>Tiene seis novelas negras publicadas: R\u00e9quiem por la bailarina de una caja de m\u00fasica (Serie Joaqu\u00edn C\u00f3rdoba 1), Orden de busca y captura para un \u00e1ngel de la guarda (Serie Joaqu\u00edn C\u00f3rdoba 2) El ataque Marshall (finalista de varios premios literarios), Ojos que no ven (Serie Joaqu\u00edn C\u00f3rdoba 3), Met\u00e1stasis y La balada de los ahorcados (Serie Joaqu\u00edn C\u00f3rdoba 4), su \u00faltima publicaci\u00f3n en papel.<\/p>\n\n\n\n<p>Tiene varias art\u00edculos, relatos y ponencias acad\u00e9micas en distintas universidades espa\u00f1oles sobre literatura y psicolog\u00eda en el g\u00e9nero negro.<\/p>\n<\/div><\/div>\n<\/div><\/section>\n\n\n","protected":false},"excerpt":{"rendered":"","protected":false},"author":4,"featured_media":0,"parent":0,"menu_order":0,"comment_status":"closed","ping_status":"closed","template":"","meta":{"_acf_changed":false,"om_disable_all_campaigns":false,"_uag_custom_page_level_css":"","_monsterinsights_skip_tracking":false,"_monsterinsights_sitenote_active":false,"_monsterinsights_sitenote_note":"","_monsterinsights_sitenote_category":0,"_uf_show_specific_survey":0,"_uf_disable_surveys":false,"footnotes":""},"class_list":{"0":"post-2342","1":"page","2":"type-page","3":"status-publish","5":"no-featured-image-padding"},"acf":[],"aioseo_notices":[],"uagb_featured_image_src":{"full":false,"thumbnail":false,"medium":false,"medium_large":false,"large":false,"1536x1536":false,"2048x2048":false},"uagb_author_info":{"display_name":false,"author_link":"https:\/\/culturayciencia.org\/litterae\/author\/librerae\/"},"uagb_comment_info":0,"uagb_excerpt":null,"_links":{"self":[{"href":"https:\/\/culturayciencia.org\/litterae\/wp-json\/wp\/v2\/pages\/2342","targetHints":{"allow":["GET"]}}],"collection":[{"href":"https:\/\/culturayciencia.org\/litterae\/wp-json\/wp\/v2\/pages"}],"about":[{"href":"https:\/\/culturayciencia.org\/litterae\/wp-json\/wp\/v2\/types\/page"}],"author":[{"embeddable":true,"href":"https:\/\/culturayciencia.org\/litterae\/wp-json\/wp\/v2\/users\/4"}],"replies":[{"embeddable":true,"href":"https:\/\/culturayciencia.org\/litterae\/wp-json\/wp\/v2\/comments?post=2342"}],"version-history":[{"count":0,"href":"https:\/\/culturayciencia.org\/litterae\/wp-json\/wp\/v2\/pages\/2342\/revisions"}],"wp:attachment":[{"href":"https:\/\/culturayciencia.org\/litterae\/wp-json\/wp\/v2\/media?parent=2342"}],"curies":[{"name":"wp","href":"https:\/\/api.w.org\/{rel}","templated":true}]}}