{"id":3176,"date":"2022-01-31T13:42:27","date_gmt":"2022-01-31T11:42:27","guid":{"rendered":"https:\/\/culturayciencia.org\/litterae\/?page_id=3176"},"modified":"2022-01-31T13:42:29","modified_gmt":"2022-01-31T11:42:29","slug":"manuel-rico","status":"publish","type":"page","link":"https:\/\/culturayciencia.org\/litterae\/manuel-rico\/","title":{"rendered":"Manuel Rico"},"content":{"rendered":"\n<section class=\"wp-block-uagb-columns uagb-columns__wrap uagb-columns__background-undefined uagb-columns__stack-mobile uagb-columns__valign-top uagb-columns__gap-10 alignundefined uagb-block-a80d5b5c\"><div class=\"uagb-columns__overlay\"><\/div><div class=\"uagb-columns__inner-wrap uagb-columns__columns-2\">\n<div class=\"wp-block-uagb-column uagb-column__wrap uagb-column__background-color uagb-block-2fdf0c15\"><div class=\"uagb-column__overlay\"><\/div><div class=\"uagb-column__inner-wrap\">\n<div class=\"wp-block-image is-style-rounded\"><figure class=\"aligncenter size-full\"><img loading=\"lazy\" decoding=\"async\" width=\"393\" height=\"393\" src=\"https:\/\/culturayciencia.org\/litterae\/wp-content\/uploads\/2022\/01\/Manuel_Rico_Litterae.png\" alt=\"\" class=\"wp-image-3175\" srcset=\"https:\/\/culturayciencia.org\/litterae\/wp-content\/uploads\/2022\/01\/Manuel_Rico_Litterae.png 393w, https:\/\/culturayciencia.org\/litterae\/wp-content\/uploads\/2022\/01\/Manuel_Rico_Litterae-300x300.png 300w, https:\/\/culturayciencia.org\/litterae\/wp-content\/uploads\/2022\/01\/Manuel_Rico_Litterae-150x150.png 150w\" sizes=\"auto, (max-width: 393px) 100vw, 393px\" \/><\/figure><\/div>\n\n\n\n<h2 class=\"has-text-align-center has-medium-font-size wp-block-heading\" id=\"manuel-rico\"><strong><strong>Manuel Rico<\/strong><\/strong><\/h2>\n\n\n\n<p class=\"has-text-align-center has-vivid-red-color has-text-color\">Poeta, narrador y cr\u00edtico literario<\/p>\n<\/div><\/div>\n\n\n\n<div class=\"wp-block-uagb-column uagb-column__wrap uagb-column__background-undefined uagb-block-a14fd71b\"><div class=\"uagb-column__overlay\"><\/div><div class=\"uagb-column__inner-wrap\">\n<p><strong>Manuel Rico<\/strong> (Madrid, 1952) es poeta, narrador y cr\u00edtico literario. Ejerce la cr\u00edtica de poes\u00eda en el suplemento <em>Babelia,<\/em> del diario <em>El Pa\u00eds. <\/em>Es autor, entre otras obras, de los libros de poemas <em>La densidad de los espejos, <\/em>Premio Juan Ram\u00f3n Jim\u00e9nez de 1997 (1997 y 2017),<em> Donde nunca hubo \u00e1ngeles<\/em> (2003), <em>Fugitiva ciudad <\/em>(2012), <em>Los d\u00edas extra\u00f1os <\/em>(2015) y <em>Cuaderno de historia<\/em> (2021).\u00a0 <em>La mujer muerta<\/em> (2000 y 2011), <em>Los d\u00edas de Eisenhower <\/em>(2002), <em>Verano<\/em> (2008) y <em>Un extra\u00f1o viajero <\/em>(2015), son sus \u00faltimas novelas. As\u00ed mismo, ha publicado <em>Escritor a la espera. Diarios de los 80<\/em> (2019) y la antolog\u00eda po\u00e9tica <em>Tiempo salvado del tiempo<\/em> (2020) y el libro de evocaciones<em> El raro vicio de escribir la vida <\/em>(2021). Preside la Asociaci\u00f3n Colegial de Escritores de Espa\u00f1a desde 2015.<\/p>\n<\/div><\/div>\n<\/div><\/section>\n\n\n","protected":false},"excerpt":{"rendered":"","protected":false},"author":4,"featured_media":0,"parent":0,"menu_order":0,"comment_status":"closed","ping_status":"closed","template":"","meta":{"_acf_changed":false,"om_disable_all_campaigns":false,"_uag_custom_page_level_css":"","_monsterinsights_skip_tracking":false,"_monsterinsights_sitenote_active":false,"_monsterinsights_sitenote_note":"","_monsterinsights_sitenote_category":0,"_uf_show_specific_survey":0,"_uf_disable_surveys":false,"footnotes":""},"class_list":{"0":"post-3176","1":"page","2":"type-page","3":"status-publish","5":"no-featured-image-padding"},"acf":[],"aioseo_notices":[],"uagb_featured_image_src":{"full":false,"thumbnail":false,"medium":false,"medium_large":false,"large":false,"1536x1536":false,"2048x2048":false},"uagb_author_info":{"display_name":false,"author_link":"https:\/\/culturayciencia.org\/litterae\/author\/librerae\/"},"uagb_comment_info":0,"uagb_excerpt":null,"_links":{"self":[{"href":"https:\/\/culturayciencia.org\/litterae\/wp-json\/wp\/v2\/pages\/3176","targetHints":{"allow":["GET"]}}],"collection":[{"href":"https:\/\/culturayciencia.org\/litterae\/wp-json\/wp\/v2\/pages"}],"about":[{"href":"https:\/\/culturayciencia.org\/litterae\/wp-json\/wp\/v2\/types\/page"}],"author":[{"embeddable":true,"href":"https:\/\/culturayciencia.org\/litterae\/wp-json\/wp\/v2\/users\/4"}],"replies":[{"embeddable":true,"href":"https:\/\/culturayciencia.org\/litterae\/wp-json\/wp\/v2\/comments?post=3176"}],"version-history":[{"count":0,"href":"https:\/\/culturayciencia.org\/litterae\/wp-json\/wp\/v2\/pages\/3176\/revisions"}],"wp:attachment":[{"href":"https:\/\/culturayciencia.org\/litterae\/wp-json\/wp\/v2\/media?parent=3176"}],"curies":[{"name":"wp","href":"https:\/\/api.w.org\/{rel}","templated":true}]}}