{"id":3206,"date":"2022-01-31T14:23:19","date_gmt":"2022-01-31T12:23:19","guid":{"rendered":"https:\/\/culturayciencia.org\/litterae\/?page_id=3206"},"modified":"2022-04-19T19:32:15","modified_gmt":"2022-04-19T17:32:15","slug":"quique-olmos","status":"publish","type":"page","link":"https:\/\/culturayciencia.org\/litterae\/quique-olmos\/","title":{"rendered":"Quique Olmos"},"content":{"rendered":"\n<section class=\"wp-block-uagb-columns uagb-columns__wrap uagb-columns__background-undefined uagb-columns__stack-mobile uagb-columns__valign-top uagb-columns__gap-10 alignundefined uagb-block-d8cbfe97\"><div class=\"uagb-columns__overlay\"><\/div><div class=\"uagb-columns__inner-wrap uagb-columns__columns-2\">\n<div class=\"wp-block-uagb-column uagb-column__wrap uagb-column__background-color uagb-block-781036cb\"><div class=\"uagb-column__overlay\"><\/div><div class=\"uagb-column__inner-wrap\">\n<div class=\"wp-block-image is-style-rounded\"><figure class=\"aligncenter size-full\"><img loading=\"lazy\" decoding=\"async\" width=\"393\" height=\"393\" src=\"https:\/\/culturayciencia.org\/litterae\/wp-content\/uploads\/2022\/01\/Quique_olmos_Litterae.png\" alt=\"\" class=\"wp-image-3205\" srcset=\"https:\/\/culturayciencia.org\/litterae\/wp-content\/uploads\/2022\/01\/Quique_olmos_Litterae.png 393w, https:\/\/culturayciencia.org\/litterae\/wp-content\/uploads\/2022\/01\/Quique_olmos_Litterae-300x300.png 300w, https:\/\/culturayciencia.org\/litterae\/wp-content\/uploads\/2022\/01\/Quique_olmos_Litterae-150x150.png 150w\" sizes=\"auto, (max-width: 393px) 100vw, 393px\" \/><\/figure><\/div>\n\n\n\n<h2 class=\"has-text-align-center has-medium-font-size wp-block-heading\" id=\"ainhoa-sanchez-mateo\"><strong><strong>Quique Olmos<\/strong><\/strong><\/h2>\n\n\n\n<p class=\"has-text-align-center has-vivid-red-color has-text-color\">Director ejecutivo en Grupo Editorial Sargantana<\/p>\n<\/div><\/div>\n\n\n\n<div class=\"wp-block-uagb-column uagb-column__wrap uagb-column__background-undefined uagb-block-c2548535\"><div class=\"uagb-column__overlay\"><\/div><div class=\"uagb-column__inner-wrap\">\n<p>Licenciado en Ecotecnolog\u00eda acu\u00e1tica y medio ambiente por la universidad Hogeschool Zeeland de Holanda, empez\u00f3 hace 16 a\u00f1os su primer trabajo de editor en la editorial de su familia, Editorial Ecir, dedicada al libro de texto, en la que ya trabaj\u00f3 y aprendi\u00f3 el oficio anteriormente durante varios veranos, y donde bajo su supervisi\u00f3n empezaron a publicar libros infantiles y juveniles. Tras cinco a\u00f1os en Editorial Ecir, pasa a dirigir Carena Editors, editorial dedicada a la narrativa y a la cultura local, para en 2015 cofundar el Grupo Editorial Sargantana SL.&nbsp;<\/p>\n\n\n\n<p>Es miembro de la asociaci\u00f3n de editores de Valencia.<\/p>\n\n\n\n<p>Durante todo este tiempo ha realizado un m\u00e1ster de edici\u00f3n de la Universidad de Valencia y un m\u00e1ster de artes gr\u00e1ficas en la Universidad Polit\u00e9cnica de Valencia. Ha asistido a numerosos congresos nacionales de edici\u00f3n y regularmente a las ferias profesionales m\u00e1s importantes del libro como Frankfurt, Liber, Guadalajara o Bolonia.<\/p>\n<\/div><\/div>\n<\/div><\/section>\n\n\n","protected":false},"excerpt":{"rendered":"","protected":false},"author":4,"featured_media":0,"parent":0,"menu_order":0,"comment_status":"closed","ping_status":"closed","template":"","meta":{"_acf_changed":false,"om_disable_all_campaigns":false,"_uag_custom_page_level_css":"","_monsterinsights_skip_tracking":false,"_monsterinsights_sitenote_active":false,"_monsterinsights_sitenote_note":"","_monsterinsights_sitenote_category":0,"_uf_show_specific_survey":0,"_uf_disable_surveys":false,"footnotes":""},"class_list":{"0":"post-3206","1":"page","2":"type-page","3":"status-publish","5":"no-featured-image-padding"},"acf":[],"aioseo_notices":[],"uagb_featured_image_src":{"full":false,"thumbnail":false,"medium":false,"medium_large":false,"large":false,"1536x1536":false,"2048x2048":false},"uagb_author_info":{"display_name":false,"author_link":"https:\/\/culturayciencia.org\/litterae\/author\/librerae\/"},"uagb_comment_info":0,"uagb_excerpt":null,"_links":{"self":[{"href":"https:\/\/culturayciencia.org\/litterae\/wp-json\/wp\/v2\/pages\/3206","targetHints":{"allow":["GET"]}}],"collection":[{"href":"https:\/\/culturayciencia.org\/litterae\/wp-json\/wp\/v2\/pages"}],"about":[{"href":"https:\/\/culturayciencia.org\/litterae\/wp-json\/wp\/v2\/types\/page"}],"author":[{"embeddable":true,"href":"https:\/\/culturayciencia.org\/litterae\/wp-json\/wp\/v2\/users\/4"}],"replies":[{"embeddable":true,"href":"https:\/\/culturayciencia.org\/litterae\/wp-json\/wp\/v2\/comments?post=3206"}],"version-history":[{"count":0,"href":"https:\/\/culturayciencia.org\/litterae\/wp-json\/wp\/v2\/pages\/3206\/revisions"}],"wp:attachment":[{"href":"https:\/\/culturayciencia.org\/litterae\/wp-json\/wp\/v2\/media?parent=3206"}],"curies":[{"name":"wp","href":"https:\/\/api.w.org\/{rel}","templated":true}]}}