{"id":3217,"date":"2022-02-11T15:32:13","date_gmt":"2022-02-11T13:32:13","guid":{"rendered":"https:\/\/culturayciencia.org\/litterae\/?page_id=3217"},"modified":"2022-02-11T15:32:50","modified_gmt":"2022-02-11T13:32:50","slug":"maria-de-prada-lopez","status":"publish","type":"page","link":"https:\/\/culturayciencia.org\/litterae\/maria-de-prada-lopez\/","title":{"rendered":"Mar\u00eda de Prada L\u00f3pez"},"content":{"rendered":"\n<section class=\"wp-block-uagb-columns uagb-columns__wrap uagb-columns__background-undefined uagb-columns__stack-mobile uagb-columns__valign-top uagb-columns__gap-10 alignundefined uagb-block-afc98c9b\"><div class=\"uagb-columns__overlay\"><\/div><div class=\"uagb-columns__inner-wrap uagb-columns__columns-2\">\n<div class=\"wp-block-uagb-column uagb-column__wrap uagb-column__background-color uagb-block-b0e2c55a\"><div class=\"uagb-column__overlay\"><\/div><div class=\"uagb-column__inner-wrap\">\n<div class=\"wp-block-image is-style-rounded\"><figure class=\"aligncenter size-full\"><img loading=\"lazy\" decoding=\"async\" width=\"393\" height=\"393\" src=\"https:\/\/culturayciencia.org\/litterae\/wp-content\/uploads\/2022\/02\/Maria_de_Prada_Lopez_Litterae.png\" alt=\"\" class=\"wp-image-3216\" srcset=\"https:\/\/culturayciencia.org\/litterae\/wp-content\/uploads\/2022\/02\/Maria_de_Prada_Lopez_Litterae.png 393w, https:\/\/culturayciencia.org\/litterae\/wp-content\/uploads\/2022\/02\/Maria_de_Prada_Lopez_Litterae-300x300.png 300w, https:\/\/culturayciencia.org\/litterae\/wp-content\/uploads\/2022\/02\/Maria_de_Prada_Lopez_Litterae-150x150.png 150w\" sizes=\"auto, (max-width: 393px) 100vw, 393px\" \/><\/figure><\/div>\n\n\n\n<h2 class=\"has-text-align-center has-medium-font-size wp-block-heading\" id=\"maria-de-prada-lopez\"><strong><strong>Mar\u00eda de Prada L\u00f3pez<\/strong><\/strong><\/h2>\n\n\n\n<p class=\"has-text-align-center has-vivid-red-color has-text-color\">Licenciada en Historia del Arte y Diplomada en Museolog\u00eda<\/p>\n<\/div><\/div>\n\n\n\n<div class=\"wp-block-uagb-column uagb-column__wrap uagb-column__background-undefined uagb-block-d825f2c2\"><div class=\"uagb-column__overlay\"><\/div><div class=\"uagb-column__inner-wrap\">\n<p>Licenciada en Historia del Arte y Diplomada en Museolog\u00eda por la Escuela del Louvre. Ha desarrollado su carrera profesional vinculada al arte contempor\u00e1neo y la gesti\u00f3n cultural. <\/p>\n\n\n\n<p>Durante diez a\u00f1os trabaj\u00f3 en el Museo Nacional Centro de Arte Reina Sof\u00eda. Desde 2015 es Jefa del \u00c1rea de Creaci\u00f3n del Instituto de la Juventud, encargada de la gesti\u00f3n de las Ayudas Injuve para la Creaci\u00f3n Joven y de la programaci\u00f3n de la Sala Amad\u00eds para la promoci\u00f3n del arte emergente.<\/p>\n<\/div><\/div>\n<\/div><\/section>\n\n\n","protected":false},"excerpt":{"rendered":"","protected":false},"author":4,"featured_media":0,"parent":0,"menu_order":0,"comment_status":"closed","ping_status":"closed","template":"","meta":{"_acf_changed":false,"om_disable_all_campaigns":false,"_uag_custom_page_level_css":"","_monsterinsights_skip_tracking":false,"_monsterinsights_sitenote_active":false,"_monsterinsights_sitenote_note":"","_monsterinsights_sitenote_category":0,"_uf_show_specific_survey":0,"_uf_disable_surveys":false,"footnotes":""},"class_list":{"0":"post-3217","1":"page","2":"type-page","3":"status-publish","5":"no-featured-image-padding"},"acf":[],"aioseo_notices":[],"uagb_featured_image_src":{"full":false,"thumbnail":false,"medium":false,"medium_large":false,"large":false,"1536x1536":false,"2048x2048":false},"uagb_author_info":{"display_name":false,"author_link":"https:\/\/culturayciencia.org\/litterae\/author\/librerae\/"},"uagb_comment_info":0,"uagb_excerpt":null,"_links":{"self":[{"href":"https:\/\/culturayciencia.org\/litterae\/wp-json\/wp\/v2\/pages\/3217","targetHints":{"allow":["GET"]}}],"collection":[{"href":"https:\/\/culturayciencia.org\/litterae\/wp-json\/wp\/v2\/pages"}],"about":[{"href":"https:\/\/culturayciencia.org\/litterae\/wp-json\/wp\/v2\/types\/page"}],"author":[{"embeddable":true,"href":"https:\/\/culturayciencia.org\/litterae\/wp-json\/wp\/v2\/users\/4"}],"replies":[{"embeddable":true,"href":"https:\/\/culturayciencia.org\/litterae\/wp-json\/wp\/v2\/comments?post=3217"}],"version-history":[{"count":0,"href":"https:\/\/culturayciencia.org\/litterae\/wp-json\/wp\/v2\/pages\/3217\/revisions"}],"wp:attachment":[{"href":"https:\/\/culturayciencia.org\/litterae\/wp-json\/wp\/v2\/media?parent=3217"}],"curies":[{"name":"wp","href":"https:\/\/api.w.org\/{rel}","templated":true}]}}