{"id":3242,"date":"2022-02-11T16:37:07","date_gmt":"2022-02-11T14:37:07","guid":{"rendered":"https:\/\/culturayciencia.org\/litterae\/?page_id=3242"},"modified":"2022-02-11T16:37:09","modified_gmt":"2022-02-11T14:37:09","slug":"maribel-riaza","status":"publish","type":"page","link":"https:\/\/culturayciencia.org\/litterae\/maribel-riaza\/","title":{"rendered":"Maribel Riaza"},"content":{"rendered":"\n<section class=\"wp-block-uagb-columns uagb-columns__wrap uagb-columns__background-undefined uagb-columns__stack-mobile uagb-columns__valign-top uagb-columns__gap-10 alignundefined uagb-block-583e3132\"><div class=\"uagb-columns__overlay\"><\/div><div class=\"uagb-columns__inner-wrap uagb-columns__columns-2\">\n<div class=\"wp-block-uagb-column uagb-column__wrap uagb-column__background-color uagb-block-e54d7c6a\"><div class=\"uagb-column__overlay\"><\/div><div class=\"uagb-column__inner-wrap\">\n<div class=\"wp-block-image is-style-rounded\"><figure class=\"aligncenter size-full\"><img loading=\"lazy\" decoding=\"async\" width=\"393\" height=\"393\" src=\"https:\/\/culturayciencia.org\/litterae\/wp-content\/uploads\/2022\/02\/Maribel_Riaza_Litterae.png\" alt=\"\" class=\"wp-image-3241\" srcset=\"https:\/\/culturayciencia.org\/litterae\/wp-content\/uploads\/2022\/02\/Maribel_Riaza_Litterae.png 393w, https:\/\/culturayciencia.org\/litterae\/wp-content\/uploads\/2022\/02\/Maribel_Riaza_Litterae-300x300.png 300w, https:\/\/culturayciencia.org\/litterae\/wp-content\/uploads\/2022\/02\/Maribel_Riaza_Litterae-150x150.png 150w\" sizes=\"auto, (max-width: 393px) 100vw, 393px\" \/><\/figure><\/div>\n\n\n\n<h2 class=\"has-text-align-center has-medium-font-size wp-block-heading\" id=\"maribel-riaza\"><strong><strong>Maribel Riaza<\/strong><\/strong><\/h2>\n\n\n\n<p class=\"has-text-align-center has-vivid-red-color has-text-color\">Storytel<\/p>\n<\/div><\/div>\n\n\n\n<div class=\"wp-block-uagb-column uagb-column__wrap uagb-column__background-undefined uagb-block-1d86698a\"><div class=\"uagb-column__overlay\"><\/div><div class=\"uagb-column__inner-wrap\">\n<p>Maribel Riaza ha desarrollado su carrera profesional en el \u00e1mbito de los contenidos formativos digitales, ha dirigido una red de bibliotecas y desarrollado proyectos innovadores en el sector editorial, lo que le ha permitido tener una visi\u00f3n amplia de todos los agentes y procesos que intervienen en el \u00e1mbito editorial.<\/p>\n\n\n\n<p>Desde hace 5 a\u00f1os trabaja para Storytel, la principal plataforma de audiolibros en espa\u00f1ol, con quien ha tenido la oportunidad de crear esta nueva categor\u00eda dentro del mercado editorial en Espa\u00f1a y Am\u00e9rica Latina. <\/p>\n\n\n\n<p>En este transcurso ha conocido de primera mano las peculiaridades de este nuevo formato editorial en su globalidad desde la estrategia de contenidos, a los aspectos de propiedad intelectual, de edici\u00f3n y producci\u00f3n sonora, as\u00ed como conocer los p\u00fablicos a los que se dirige.<\/p>\n<\/div><\/div>\n<\/div><\/section>\n\n\n","protected":false},"excerpt":{"rendered":"","protected":false},"author":4,"featured_media":0,"parent":0,"menu_order":0,"comment_status":"closed","ping_status":"closed","template":"","meta":{"_acf_changed":false,"om_disable_all_campaigns":false,"_uag_custom_page_level_css":"","_monsterinsights_skip_tracking":false,"_monsterinsights_sitenote_active":false,"_monsterinsights_sitenote_note":"","_monsterinsights_sitenote_category":0,"_uf_show_specific_survey":0,"_uf_disable_surveys":false,"footnotes":""},"class_list":{"0":"post-3242","1":"page","2":"type-page","3":"status-publish","5":"no-featured-image-padding"},"acf":[],"aioseo_notices":[],"uagb_featured_image_src":{"full":false,"thumbnail":false,"medium":false,"medium_large":false,"large":false,"1536x1536":false,"2048x2048":false},"uagb_author_info":{"display_name":false,"author_link":"https:\/\/culturayciencia.org\/litterae\/author\/librerae\/"},"uagb_comment_info":0,"uagb_excerpt":null,"_links":{"self":[{"href":"https:\/\/culturayciencia.org\/litterae\/wp-json\/wp\/v2\/pages\/3242","targetHints":{"allow":["GET"]}}],"collection":[{"href":"https:\/\/culturayciencia.org\/litterae\/wp-json\/wp\/v2\/pages"}],"about":[{"href":"https:\/\/culturayciencia.org\/litterae\/wp-json\/wp\/v2\/types\/page"}],"author":[{"embeddable":true,"href":"https:\/\/culturayciencia.org\/litterae\/wp-json\/wp\/v2\/users\/4"}],"replies":[{"embeddable":true,"href":"https:\/\/culturayciencia.org\/litterae\/wp-json\/wp\/v2\/comments?post=3242"}],"version-history":[{"count":0,"href":"https:\/\/culturayciencia.org\/litterae\/wp-json\/wp\/v2\/pages\/3242\/revisions"}],"wp:attachment":[{"href":"https:\/\/culturayciencia.org\/litterae\/wp-json\/wp\/v2\/media?parent=3242"}],"curies":[{"name":"wp","href":"https:\/\/api.w.org\/{rel}","templated":true}]}}