{"id":3246,"date":"2022-02-11T16:48:00","date_gmt":"2022-02-11T14:48:00","guid":{"rendered":"https:\/\/culturayciencia.org\/litterae\/?page_id=3246"},"modified":"2022-02-11T16:48:02","modified_gmt":"2022-02-11T14:48:02","slug":"luis-henrique-mauch","status":"publish","type":"page","link":"https:\/\/culturayciencia.org\/litterae\/luis-henrique-mauch\/","title":{"rendered":"Luis Henrique Mauch"},"content":{"rendered":"\n<section class=\"wp-block-uagb-columns uagb-columns__wrap uagb-columns__background-undefined uagb-columns__stack-mobile uagb-columns__valign-top uagb-columns__gap-10 alignundefined uagb-block-5289a34b\"><div class=\"uagb-columns__overlay\"><\/div><div class=\"uagb-columns__inner-wrap uagb-columns__columns-2\">\n<div class=\"wp-block-uagb-column uagb-column__wrap uagb-column__background-color uagb-block-a6b9cda0\"><div class=\"uagb-column__overlay\"><\/div><div class=\"uagb-column__inner-wrap\">\n<div class=\"wp-block-image is-style-rounded\"><figure class=\"aligncenter size-full\"><img loading=\"lazy\" decoding=\"async\" width=\"393\" height=\"393\" src=\"https:\/\/culturayciencia.org\/litterae\/wp-content\/uploads\/2022\/02\/Luis_Henrique_Mauch_Litterae.png\" alt=\"\" class=\"wp-image-3245\" srcset=\"https:\/\/culturayciencia.org\/litterae\/wp-content\/uploads\/2022\/02\/Luis_Henrique_Mauch_Litterae.png 393w, https:\/\/culturayciencia.org\/litterae\/wp-content\/uploads\/2022\/02\/Luis_Henrique_Mauch_Litterae-300x300.png 300w, https:\/\/culturayciencia.org\/litterae\/wp-content\/uploads\/2022\/02\/Luis_Henrique_Mauch_Litterae-150x150.png 150w\" sizes=\"auto, (max-width: 393px) 100vw, 393px\" \/><\/figure><\/div>\n\n\n\n<h2 class=\"has-text-align-center has-medium-font-size wp-block-heading\" id=\"luis-henrique-mauch\"><strong><strong><strong>Luis Henrique Mauch<\/strong><\/strong><\/strong><\/h2>\n\n\n\n<p class=\"has-text-align-center has-vivid-red-color has-text-color\">Miembro de Red Melisa<\/p>\n<\/div><\/div>\n\n\n\n<div class=\"wp-block-uagb-column uagb-column__wrap uagb-column__background-undefined uagb-block-fe5dc4a8\"><div class=\"uagb-column__overlay\"><\/div><div class=\"uagb-column__inner-wrap\">\n<p><strong>Luis Henrique Mauch<\/strong><\/p>\n\n\n\n<p>Emprendedor social y consultor. Fundador de la Association Mais Diferen\u00e7as (<a href=\"http:\/\/www.md.org.br\" target=\"_blank\" rel=\"noreferrer noopener\">www.md.org.br<\/a>) una de las ONG brasile\u00f1as m\u00e1s relevantes dedicada a la inclusi\u00f3n y la discapacidad y Ktalise Technologies (<a href=\"http:\/\/www.ktalise.com.br\" target=\"_blank\" rel=\"noreferrer noopener\">www.ktalise.com.br<\/a>). <\/p>\n\n\n\n<p>Con 18 a\u00f1os de experiencia en iniciativas de inclusi\u00f3n de personas con discapacidad en \u00e1reas laborales, educativas y culturales. Administrador, es especialista en Accesibilidad y Tecnolog\u00edas Asistivas, y profesor de posgrado en Accesibilidad y Tecnolog\u00edas Asistivas. <\/p>\n\n\n\n<p>Particip\u00e9 en la implementaci\u00f3n de muchos proyectos, programas y pol\u00edticas de inclusi\u00f3n y accesibilidad en diferentes campos como proyectos Corporativos, P\u00fablicos e internacionales con actores como Unesco, Salesforce, HP, Santnder, TV Cultura, Claro, Sanit Gobain Votorantim Cimentos, Unisinos &#8211; Jesuitas , Ministerio de Cultura de Brasil, Ministerio de Cultura de Costa Rica, Ministerio de Cultura de Panam\u00e1, Ita\u00fa Cultural, Sesc, Fundaci\u00f3n Bianual de Artes y muchos otros. Fue responsable por el dise\u00f1o, implementaci\u00f3n y coordinaci\u00f3n de\u00a0 proyectos que impactan a miles de personas con discapacidad. <\/p>\n\n\n\n<p>Trabajo en la implementaci\u00f3n de la Normativa\u00a0 Brasile\u00f1a en materia de accesibilidad en Cines y contenidos audiovisuales.<\/p>\n\n\n\n<p>Miembro de Red Melisa, coordinada por Cyted (Espa\u00f1a) y la Universidad Carlos III, red iberoamericana de accesibilidad en el audiovisual y en la web. Miembro del consejo de DI de la Asociaci\u00f3n Brasile\u00f1a de Profesionales de Recursos Humanos desde 2020 y miembro de Rotary International World Disability Advisor.<\/p>\n\n\n\n<p>En las \u00e1reas de innovaci\u00f3n y tecnolog\u00eda introduci\u00f3 y cre\u00f3 algunas iniciativas y aplicaciones como WhatsCine, GoAll, que hace accesibles las salas de cine y espacios culturales, la plataforma Acheck para informes de accesibilidad arquitect\u00f3nica, Musea (<a href=\"http:\/\/www.musea.art.br\" target=\"_blank\" rel=\"noreferrer noopener\">www.musea.art.br<\/a>) Plataforma de museos para contenidos accesibles, Plataforma de contenidos accesibles Beplay (<a href=\"http:\/\/www.beplay.com.br\" target=\"_blank\" rel=\"noreferrer noopener\">www.beplay.com.br<\/a>).<\/p>\n\n\n\n<p>Tambi\u00e9n es coautor de los libros:<br>\u00a0\u201cPrincipios de accesibilidad audiovisual en el cine &#8211; el cine para todos como veh\u00edculo de aprendizaje\u201d, editado por Real Patronato sobre Discapacidad \/ Ministerio de Sanidad, Servicios Sociales e Igualdad \/ Espa\u00f1a (2012).<br>Desenho Universal e Acessibilidade na Cidade de S\u00e3o Paulo. S\u00e3o Paulo: SMPED; Editora Mais Diferen\u00e7as, 2020. <\/p>\n\n\n\n<p><br>\u00a0Consultor para la Regi\u00f3n de las Am\u00e9ricas sobre accesibilidad de la UIT &#8211; Uni\u00f3n Internacional de Comunicaciones. Conferencista y consultora nacional e internacional.<\/p>\n<\/div><\/div>\n<\/div><\/section>\n\n\n","protected":false},"excerpt":{"rendered":"","protected":false},"author":4,"featured_media":0,"parent":0,"menu_order":0,"comment_status":"closed","ping_status":"closed","template":"","meta":{"_acf_changed":false,"om_disable_all_campaigns":false,"_uag_custom_page_level_css":"","_monsterinsights_skip_tracking":false,"_monsterinsights_sitenote_active":false,"_monsterinsights_sitenote_note":"","_monsterinsights_sitenote_category":0,"_uf_show_specific_survey":0,"_uf_disable_surveys":false,"footnotes":""},"class_list":{"0":"post-3246","1":"page","2":"type-page","3":"status-publish","5":"no-featured-image-padding"},"acf":[],"aioseo_notices":[],"uagb_featured_image_src":{"full":false,"thumbnail":false,"medium":false,"medium_large":false,"large":false,"1536x1536":false,"2048x2048":false},"uagb_author_info":{"display_name":false,"author_link":"https:\/\/culturayciencia.org\/litterae\/author\/librerae\/"},"uagb_comment_info":0,"uagb_excerpt":null,"_links":{"self":[{"href":"https:\/\/culturayciencia.org\/litterae\/wp-json\/wp\/v2\/pages\/3246","targetHints":{"allow":["GET"]}}],"collection":[{"href":"https:\/\/culturayciencia.org\/litterae\/wp-json\/wp\/v2\/pages"}],"about":[{"href":"https:\/\/culturayciencia.org\/litterae\/wp-json\/wp\/v2\/types\/page"}],"author":[{"embeddable":true,"href":"https:\/\/culturayciencia.org\/litterae\/wp-json\/wp\/v2\/users\/4"}],"replies":[{"embeddable":true,"href":"https:\/\/culturayciencia.org\/litterae\/wp-json\/wp\/v2\/comments?post=3246"}],"version-history":[{"count":0,"href":"https:\/\/culturayciencia.org\/litterae\/wp-json\/wp\/v2\/pages\/3246\/revisions"}],"wp:attachment":[{"href":"https:\/\/culturayciencia.org\/litterae\/wp-json\/wp\/v2\/media?parent=3246"}],"curies":[{"name":"wp","href":"https:\/\/api.w.org\/{rel}","templated":true}]}}