{"id":3302,"date":"2022-02-15T14:14:05","date_gmt":"2022-02-15T12:14:05","guid":{"rendered":"https:\/\/culturayciencia.org\/litterae\/?page_id=3302"},"modified":"2022-02-15T14:14:06","modified_gmt":"2022-02-15T12:14:06","slug":"hilde-gersen","status":"publish","type":"page","link":"https:\/\/culturayciencia.org\/litterae\/hilde-gersen\/","title":{"rendered":"Hilde Gersen"},"content":{"rendered":"\n<section class=\"wp-block-uagb-columns uagb-columns__wrap uagb-columns__background-undefined uagb-columns__stack-mobile uagb-columns__valign-top uagb-columns__gap-10 alignundefined uagb-block-85686f99\"><div class=\"uagb-columns__overlay\"><\/div><div class=\"uagb-columns__inner-wrap uagb-columns__columns-2\">\n<div class=\"wp-block-uagb-column uagb-column__wrap uagb-column__background-color uagb-block-6f93ca6a\"><div class=\"uagb-column__overlay\"><\/div><div class=\"uagb-column__inner-wrap\">\n<div class=\"wp-block-image is-style-rounded\"><figure class=\"aligncenter size-full\"><img loading=\"lazy\" decoding=\"async\" width=\"393\" height=\"393\" src=\"https:\/\/culturayciencia.org\/litterae\/wp-content\/uploads\/2022\/02\/Hilde_Gersen_Litterae.png\" alt=\"\" class=\"wp-image-3300\" srcset=\"https:\/\/culturayciencia.org\/litterae\/wp-content\/uploads\/2022\/02\/Hilde_Gersen_Litterae.png 393w, https:\/\/culturayciencia.org\/litterae\/wp-content\/uploads\/2022\/02\/Hilde_Gersen_Litterae-300x300.png 300w, https:\/\/culturayciencia.org\/litterae\/wp-content\/uploads\/2022\/02\/Hilde_Gersen_Litterae-150x150.png 150w\" sizes=\"auto, (max-width: 393px) 100vw, 393px\" \/><\/figure><\/div>\n\n\n\n<h2 class=\"has-text-align-center has-medium-font-size wp-block-heading\" id=\"hilde-gersen\"><strong><strong>Hilde Gersen<\/strong><\/strong><\/h2>\n\n\n\n<p class=\"has-text-align-center has-vivid-red-color has-text-color\">Agencia Literaria Antonia Kerrigan<\/p>\n<\/div><\/div>\n\n\n\n<div class=\"wp-block-uagb-column uagb-column__wrap uagb-column__background-undefined uagb-block-7e2daa69\"><div class=\"uagb-column__overlay\"><\/div><div class=\"uagb-column__inner-wrap\">\n<p>Naci\u00f3 en los Pa\u00edses Bajos donde estudi\u00f3 filolog\u00eda rom\u00e1nica en la Universidad de Groninga. En 2004 se mud\u00f3 a Barcelona donde comenz\u00f3 a trabajar en el sector editorial. Desde hace 16 a\u00f1os est\u00e1 trabajando en la agencia literaria Antonia Kerrigan en Barcelona. La agencia representa a autores en lengua castellana, gallega, catalana y euskera para todo el mundo, as\u00ed y como a otras agencias y editoriales extranjeras en Espa\u00f1a y Latinoam\u00e9rica. Actualmente representa a unos 150 autores de diferentes estilos literarios, tanto de ficci\u00f3n como de no ficci\u00f3n y para todas las edades. Entre ellos est\u00e1n autores mundialmente conocidos y premiados como por ejemplo Carlos Ruiz Zaf\u00f3n, Mar\u00eda Due\u00f1as, Juan G\u00f3mez-Jurado, Laura Gallego, Javier Sierra, Ledicia Costas, Jos\u00e9 Mar\u00eda Merino, Xavier Bosch, Camilo Jos\u00e9 Cela, Sergio Ram\u00edrez, y Sergio Pitol.<\/p>\n<\/div><\/div>\n<\/div><\/section>\n\n\n","protected":false},"excerpt":{"rendered":"","protected":false},"author":4,"featured_media":0,"parent":0,"menu_order":0,"comment_status":"closed","ping_status":"closed","template":"","meta":{"_acf_changed":false,"om_disable_all_campaigns":false,"_uag_custom_page_level_css":"","_monsterinsights_skip_tracking":false,"_monsterinsights_sitenote_active":false,"_monsterinsights_sitenote_note":"","_monsterinsights_sitenote_category":0,"_uf_show_specific_survey":0,"_uf_disable_surveys":false,"footnotes":""},"class_list":{"0":"post-3302","1":"page","2":"type-page","3":"status-publish","5":"no-featured-image-padding"},"acf":[],"aioseo_notices":[],"uagb_featured_image_src":{"full":false,"thumbnail":false,"medium":false,"medium_large":false,"large":false,"1536x1536":false,"2048x2048":false},"uagb_author_info":{"display_name":false,"author_link":"https:\/\/culturayciencia.org\/litterae\/author\/librerae\/"},"uagb_comment_info":0,"uagb_excerpt":null,"_links":{"self":[{"href":"https:\/\/culturayciencia.org\/litterae\/wp-json\/wp\/v2\/pages\/3302","targetHints":{"allow":["GET"]}}],"collection":[{"href":"https:\/\/culturayciencia.org\/litterae\/wp-json\/wp\/v2\/pages"}],"about":[{"href":"https:\/\/culturayciencia.org\/litterae\/wp-json\/wp\/v2\/types\/page"}],"author":[{"embeddable":true,"href":"https:\/\/culturayciencia.org\/litterae\/wp-json\/wp\/v2\/users\/4"}],"replies":[{"embeddable":true,"href":"https:\/\/culturayciencia.org\/litterae\/wp-json\/wp\/v2\/comments?post=3302"}],"version-history":[{"count":0,"href":"https:\/\/culturayciencia.org\/litterae\/wp-json\/wp\/v2\/pages\/3302\/revisions"}],"wp:attachment":[{"href":"https:\/\/culturayciencia.org\/litterae\/wp-json\/wp\/v2\/media?parent=3302"}],"curies":[{"name":"wp","href":"https:\/\/api.w.org\/{rel}","templated":true}]}}