{"id":3355,"date":"2022-02-23T17:11:26","date_gmt":"2022-02-23T15:11:26","guid":{"rendered":"https:\/\/culturayciencia.org\/litterae\/?page_id=3355"},"modified":"2022-02-23T17:11:28","modified_gmt":"2022-02-23T15:11:28","slug":"juan-alberto-hernandez","status":"publish","type":"page","link":"https:\/\/culturayciencia.org\/litterae\/juan-alberto-hernandez\/","title":{"rendered":"Juan Alberto Hern\u00e1ndez"},"content":{"rendered":"\n<section class=\"wp-block-uagb-columns uagb-columns__wrap uagb-columns__background-undefined uagb-columns__stack-mobile uagb-columns__valign-top uagb-columns__gap-10 alignundefined uagb-block-5d15b7ee\"><div class=\"uagb-columns__overlay\"><\/div><div class=\"uagb-columns__inner-wrap uagb-columns__columns-2\">\n<div class=\"wp-block-uagb-column uagb-column__wrap uagb-column__background-color uagb-block-3877652a\"><div class=\"uagb-column__overlay\"><\/div><div class=\"uagb-column__inner-wrap\">\n<div class=\"wp-block-image is-style-rounded\"><figure class=\"aligncenter size-full\"><img loading=\"lazy\" decoding=\"async\" width=\"393\" height=\"393\" src=\"https:\/\/culturayciencia.org\/litterae\/wp-content\/uploads\/2022\/02\/Juan_Alberto_Hernandez_Litterae.png\" alt=\"\" class=\"wp-image-3354\" srcset=\"https:\/\/culturayciencia.org\/litterae\/wp-content\/uploads\/2022\/02\/Juan_Alberto_Hernandez_Litterae.png 393w, https:\/\/culturayciencia.org\/litterae\/wp-content\/uploads\/2022\/02\/Juan_Alberto_Hernandez_Litterae-300x300.png 300w, https:\/\/culturayciencia.org\/litterae\/wp-content\/uploads\/2022\/02\/Juan_Alberto_Hernandez_Litterae-150x150.png 150w\" sizes=\"auto, (max-width: 393px) 100vw, 393px\" \/><\/figure><\/div>\n\n\n\n<h2 class=\"has-text-align-center has-medium-font-size wp-block-heading\"><strong><strong>Juan Alberto Hern\u00e1ndez<\/strong><\/strong><\/h2>\n\n\n\n<p class=\"has-text-align-center has-vivid-red-color has-text-color\">Autor<\/p>\n<\/div><\/div>\n\n\n\n<div class=\"wp-block-uagb-column uagb-column__wrap uagb-column__background-undefined uagb-block-5ed0c440\"><div class=\"uagb-column__overlay\"><\/div><div class=\"uagb-column__inner-wrap\">\n<p>Nace en Huelva en 1977 y es ilustrador autodidacta especializado en fantas\u00eda,<br>ciencia ficci\u00f3n y terror. Ha trabajado para numerosas editoriales espa\u00f1olas<br>especializadas en la literatura de g\u00e9nero: Cerbero, Dilatando Mentes, Sportula, El<br>Transbordador, Apache, Cazador de Ratas, La M\u00e1quina que hace Ping, Shadowlands&#8230;<br>Sus influencias abarcan muchos autores, g\u00e9neros y estilos, aunque tiene una<br>debilidad especial por las revistas de c\u00f3mic de los a\u00f1os 80.<\/p>\n\n\n\n<ul class=\"wp-block-list\"><li>Cubiertas e ilustraciones interiores para libros, revistas y juegos de rol.<\/li><li>Videoc\u00f3mic La batalla de Mosul publicado en El Pa\u00eds Semanal en 2019 (edici\u00f3n en papel y en p\u00e1gina web).<\/li><li>Portadas de discos para grupos musicales.<\/li><li>Ganador del premio Ignotus en la categor\u00eda de Mejor Ilustraci\u00f3n en 2019.<\/li><li>Nominaci\u00f3n en la categor\u00eda Best Artist por la European Science Fiction Society en 2019.<\/li><li>Nominaci\u00f3n en la categor\u00eda Best Work of Art por la European Science Fiction Society en 2020.<\/li><li>Exposiciones colectivas en el museo de Huelva y en C\u00e1diz.<\/li><\/ul>\n<\/div><\/div>\n<\/div><\/section>\n\n\n","protected":false},"excerpt":{"rendered":"","protected":false},"author":4,"featured_media":0,"parent":0,"menu_order":0,"comment_status":"closed","ping_status":"closed","template":"","meta":{"_acf_changed":false,"om_disable_all_campaigns":false,"_uag_custom_page_level_css":"","_monsterinsights_skip_tracking":false,"_monsterinsights_sitenote_active":false,"_monsterinsights_sitenote_note":"","_monsterinsights_sitenote_category":0,"_uf_show_specific_survey":0,"_uf_disable_surveys":false,"footnotes":""},"class_list":{"0":"post-3355","1":"page","2":"type-page","3":"status-publish","5":"no-featured-image-padding"},"acf":[],"aioseo_notices":[],"uagb_featured_image_src":{"full":false,"thumbnail":false,"medium":false,"medium_large":false,"large":false,"1536x1536":false,"2048x2048":false},"uagb_author_info":{"display_name":false,"author_link":"https:\/\/culturayciencia.org\/litterae\/author\/librerae\/"},"uagb_comment_info":0,"uagb_excerpt":null,"_links":{"self":[{"href":"https:\/\/culturayciencia.org\/litterae\/wp-json\/wp\/v2\/pages\/3355","targetHints":{"allow":["GET"]}}],"collection":[{"href":"https:\/\/culturayciencia.org\/litterae\/wp-json\/wp\/v2\/pages"}],"about":[{"href":"https:\/\/culturayciencia.org\/litterae\/wp-json\/wp\/v2\/types\/page"}],"author":[{"embeddable":true,"href":"https:\/\/culturayciencia.org\/litterae\/wp-json\/wp\/v2\/users\/4"}],"replies":[{"embeddable":true,"href":"https:\/\/culturayciencia.org\/litterae\/wp-json\/wp\/v2\/comments?post=3355"}],"version-history":[{"count":0,"href":"https:\/\/culturayciencia.org\/litterae\/wp-json\/wp\/v2\/pages\/3355\/revisions"}],"wp:attachment":[{"href":"https:\/\/culturayciencia.org\/litterae\/wp-json\/wp\/v2\/media?parent=3355"}],"curies":[{"name":"wp","href":"https:\/\/api.w.org\/{rel}","templated":true}]}}