{"id":3359,"date":"2022-02-23T17:28:16","date_gmt":"2022-02-23T15:28:16","guid":{"rendered":"https:\/\/culturayciencia.org\/litterae\/?page_id=3359"},"modified":"2022-02-23T17:28:18","modified_gmt":"2022-02-23T15:28:18","slug":"paloma-morcillo","status":"publish","type":"page","link":"https:\/\/culturayciencia.org\/litterae\/paloma-morcillo\/","title":{"rendered":"Paloma Morcillo"},"content":{"rendered":"\n<section class=\"wp-block-uagb-columns uagb-columns__wrap uagb-columns__background-undefined uagb-columns__stack-mobile uagb-columns__valign-top uagb-columns__gap-10 alignundefined uagb-block-5ba92bbe\"><div class=\"uagb-columns__overlay\"><\/div><div class=\"uagb-columns__inner-wrap uagb-columns__columns-2\">\n<div class=\"wp-block-uagb-column uagb-column__wrap uagb-column__background-color uagb-block-d1f63a02\"><div class=\"uagb-column__overlay\"><\/div><div class=\"uagb-column__inner-wrap\">\n<div class=\"wp-block-image is-style-rounded\"><figure class=\"aligncenter size-full\"><img loading=\"lazy\" decoding=\"async\" width=\"393\" height=\"393\" src=\"https:\/\/culturayciencia.org\/litterae\/wp-content\/uploads\/2022\/02\/PALOMA_MORCILLO_VALLE_Litterae-1.png\" alt=\"\" class=\"wp-image-3360\" srcset=\"https:\/\/culturayciencia.org\/litterae\/wp-content\/uploads\/2022\/02\/PALOMA_MORCILLO_VALLE_Litterae-1.png 393w, https:\/\/culturayciencia.org\/litterae\/wp-content\/uploads\/2022\/02\/PALOMA_MORCILLO_VALLE_Litterae-1-300x300.png 300w, https:\/\/culturayciencia.org\/litterae\/wp-content\/uploads\/2022\/02\/PALOMA_MORCILLO_VALLE_Litterae-1-150x150.png 150w\" sizes=\"auto, (max-width: 393px) 100vw, 393px\" \/><\/figure><\/div>\n\n\n\n<h2 class=\"has-text-align-center has-medium-font-size wp-block-heading\"><strong><strong><strong><strong><strong><strong>Paloma Morcillo <\/strong><\/strong><\/strong><\/strong><\/strong><\/strong><\/h2>\n\n\n\n<p class=\"has-text-align-center has-vivid-red-color has-text-color\">Feria del libro.<br>Badajoz<\/p>\n<\/div><\/div>\n\n\n\n<div class=\"wp-block-uagb-column uagb-column__wrap uagb-column__background-undefined uagb-block-aed630da\"><div class=\"uagb-column__overlay\"><\/div><div class=\"uagb-column__inner-wrap\">\n<p>Nacida en Larache (Marruecos) en 1968.<\/p>\n\n\n\n<p>Desde 1974 reside en Badajoz.<\/p>\n\n\n\n<p>Licenciada en CC. Informaci\u00f3n. Periodismo, por la Universidad Complutense. Madrid. &nbsp;Complet\u00f3 su formaci\u00f3n universitaria con la realizaci\u00f3n del Master de Radio. RNE y el Master en Periodismo Profesional. ABC.<\/p>\n\n\n\n<p>Comenz\u00f3 su andadura profesional en distintos medios de comunicaci\u00f3n en M\u00e1laga (Cadena Ser), Madrid (Radio Nacional y Diario Abc) y Badajoz (Diario HOY). &nbsp;Fue responsable de comunicaci\u00f3n durante 15 a\u00f1os en la Uni\u00f3n de Bibli\u00f3filos Extreme\u00f1os y coordinadora del suplemento cultural \u201cTrazos\u201d del Diario Hoy.<\/p>\n\n\n\n<p>Concejala de Cultura del Ayuntamiento de Badajoz desde 2011. Entre sus responsabilidades est\u00e1 la promoci\u00f3n cultural destacando la organizaci\u00f3n, gesti\u00f3n y difusi\u00f3n de la Feria del libro y la puesta en marcha de los programas literarios \u201cBadajoz Ciudad Lectora\u201d, \u201cDehesa de papel\u201d, la iniciativa de fomento de la lectura \u201cBadabook\u201d, el \u201cClub de Lectura viva\u201d, &nbsp;el &nbsp;taller de lectura para escolares \u201cLibros como el viento\u201d, el concurso infantil \u201cEst\u00e1 en los libros\u201d, el encuentro el \u201cVuelo de la palabra\u201d, y los Premios art\u00edsticos y literarios \u201cCiudad de Badajoz\u201d. Sus responsabilidades abarcan adem\u00e1s la Banda Municipal, las Escuelas de M\u00fasica, el Museo de la Ciudad y del Carnaval , el Archivo Hist\u00f3rico Municipal, las ocho bibliotecas p\u00fablicas municipales en barrios y cinco agencias de lecturas en pedan\u00edas, el Bibliob\u00fas y el Espacio Cultural Santa Catalina.<\/p>\n\n\n\n<p>Miembro del Consejo Rector del Teatro L\u00f3pez de Ayala y del Consejo Rector de la Escuela de Artes y Oficios \u201cAdelardo Covars\u00ed\u201d. Es jurado del Premio literario j\u00f3venes Talentos y de Teatro Buero Vallejo de la Fundaci\u00f3n Coca Cola.<\/p>\n\n\n\n<p>Desde 2015 es Concejala de Cementerios donde ha puesto en marcha, bajo el programa \u201cCementerios vivos\u201d, visitas culturales para conocer la arquitectura del lugar y a personajes ilustres extreme\u00f1os all\u00ed enterrados como pol\u00edticos, artistas, m\u00fasicos, pintores, militares, religiosos y escritores entre los que destaca la poetisa Carolina Coronado.<\/p>\n\n\n\n<p>Autora de art\u00edculos en prensa y suplementos culturales. Destacan sus entrevistas a bibli\u00f3filos y escritores. La pasi\u00f3n por la lectura le viene desde peque\u00f1a y en su biblioteca pueden encontrarse desde primeras ediciones, facs\u00edmiles sobre la ciudad, colecciones de \u201cPlatero y yo\u201d y \u201cEl Principito\u201d, ediciones limitadas, ilustradas, enteladas, libros de artistas y cuentos infantiles, que conviven con los libros de Manga que lee su hijo.<\/p>\n\n\n\n<p>Se reconoce lectora voraz. No podr\u00eda vivir sin Dickens, Hemingway, &nbsp;sin Virginia Woolf, Gloria Fuertes, sin Paloma S\u00e1nchez-Garnica, Ana Mar\u00eda Matute, Espido Freire, V\u00e1zquez Montalb\u00e1n, Fernando Mar\u00edas, Luis Landero o Luis Alberto de Cuenca. Le gusta m\u00e1s el papel que lo digital e incluso prefiere escribir a mano, y no duda en subrayar y a\u00f1adir notas a sus lecturas. Le gusta el olor a papel y tinta, las acuarelas, los cuadernos de viaje, el mundo del c\u00f3mic y recorrer las ciudades a las que viaja siguiendo sus rutas literarias.<strong><\/strong><\/p>\n<\/div><\/div>\n<\/div><\/section>\n\n\n","protected":false},"excerpt":{"rendered":"","protected":false},"author":4,"featured_media":0,"parent":0,"menu_order":0,"comment_status":"closed","ping_status":"closed","template":"","meta":{"_acf_changed":false,"om_disable_all_campaigns":false,"_uag_custom_page_level_css":"","_monsterinsights_skip_tracking":false,"_monsterinsights_sitenote_active":false,"_monsterinsights_sitenote_note":"","_monsterinsights_sitenote_category":0,"_uf_show_specific_survey":0,"_uf_disable_surveys":false,"footnotes":""},"class_list":{"0":"post-3359","1":"page","2":"type-page","3":"status-publish","5":"no-featured-image-padding"},"acf":[],"aioseo_notices":[],"uagb_featured_image_src":{"full":false,"thumbnail":false,"medium":false,"medium_large":false,"large":false,"1536x1536":false,"2048x2048":false},"uagb_author_info":{"display_name":false,"author_link":"https:\/\/culturayciencia.org\/litterae\/author\/librerae\/"},"uagb_comment_info":0,"uagb_excerpt":null,"_links":{"self":[{"href":"https:\/\/culturayciencia.org\/litterae\/wp-json\/wp\/v2\/pages\/3359","targetHints":{"allow":["GET"]}}],"collection":[{"href":"https:\/\/culturayciencia.org\/litterae\/wp-json\/wp\/v2\/pages"}],"about":[{"href":"https:\/\/culturayciencia.org\/litterae\/wp-json\/wp\/v2\/types\/page"}],"author":[{"embeddable":true,"href":"https:\/\/culturayciencia.org\/litterae\/wp-json\/wp\/v2\/users\/4"}],"replies":[{"embeddable":true,"href":"https:\/\/culturayciencia.org\/litterae\/wp-json\/wp\/v2\/comments?post=3359"}],"version-history":[{"count":0,"href":"https:\/\/culturayciencia.org\/litterae\/wp-json\/wp\/v2\/pages\/3359\/revisions"}],"wp:attachment":[{"href":"https:\/\/culturayciencia.org\/litterae\/wp-json\/wp\/v2\/media?parent=3359"}],"curies":[{"name":"wp","href":"https:\/\/api.w.org\/{rel}","templated":true}]}}