{"id":3378,"date":"2022-02-24T17:04:42","date_gmt":"2022-02-24T15:04:42","guid":{"rendered":"https:\/\/culturayciencia.org\/litterae\/?page_id=3378"},"modified":"2025-03-03T17:39:01","modified_gmt":"2025-03-03T16:39:01","slug":"anteriores-ediciones","status":"publish","type":"page","link":"https:\/\/culturayciencia.org\/litterae\/anteriores-ediciones\/","title":{"rendered":"ANTERIORES EDICIONES"},"content":{"rendered":"\n<div class=\"wp-block-uagb-advanced-heading uagb-block-e7777ffe\" id=\"uagb-adv-heading-949330ca-72a7-4c90-8b31-af5c20851c80\"><h2 class=\"uagb-heading-text\"><strong>Anteriores ediciones<\/strong><\/h2><\/div>\n\n\n\n<section class=\"wp-block-uagb-columns uagb-columns__wrap uagb-columns__background-none uagb-columns__stack-mobile uagb-columns__valign- uagb-columns__gap-10 alignfull uagb-block-d124eba9 uagb-columns__columns-2 uagb-columns__max_width-theme uagb-columns__background-undefined uagb-columns__valign-undefined\" id=\"uagb-columns-57fbadb9-f9cb-4acb-98e6-1cfb57d2a4be\"><div class=\"uagb-columns__overlay\"><\/div><div class=\"uagb-columns__inner-wrap uagb-columns__columns-2\">\n<div class=\"wp-block-uagb-column uagb-column__wrap uagb-column__background-undefined uagb-block-f2dcd3b6\"><div class=\"uagb-column__overlay\"><\/div><div class=\"wp-block-image\">\n<figure class=\"aligncenter size-large\"><a href=\"https:\/\/culturayciencia.org\/litterae\/litterae-2019\/\" target=\"_blank\" rel=\"noopener\"><img loading=\"lazy\" decoding=\"async\" width=\"1024\" height=\"574\" src=\"https:\/\/culturayciencia.org\/litterae\/wp-content\/uploads\/2022\/02\/Litterae_RRSS-1024x574.jpg\" alt=\"\" class=\"wp-image-3275\" srcset=\"https:\/\/culturayciencia.org\/litterae\/wp-content\/uploads\/2022\/02\/Litterae_RRSS-1024x574.jpg 1024w, https:\/\/culturayciencia.org\/litterae\/wp-content\/uploads\/2022\/02\/Litterae_RRSS-300x168.jpg 300w, https:\/\/culturayciencia.org\/litterae\/wp-content\/uploads\/2022\/02\/Litterae_RRSS-768x431.jpg 768w, https:\/\/culturayciencia.org\/litterae\/wp-content\/uploads\/2022\/02\/Litterae_RRSS.jpg 1200w\" sizes=\"auto, (max-width: 1024px) 100vw, 1024px\" \/><\/a><\/figure>\n<\/div>\n\n\n<p><\/p>\n\n\n\n<div class=\"wp-block-buttons is-content-justification-center is-layout-flex wp-container-core-buttons-is-layout-16018d1d wp-block-buttons-is-layout-flex\">\n<div class=\"wp-block-button\"><a class=\"wp-block-button__link has-vivid-red-background-color has-background wp-element-button\" href=\"https:\/\/culturayciencia.org\/litterae\/litterae-2019\/\">M\u00e1s informaci\u00f3n sobre la edici\u00f3n de 2019<\/a><\/div>\n<\/div>\n<\/div>\n\n\n\n<div class=\"wp-block-uagb-column uagb-column__wrap uagb-column__background-undefined uagb-block-a8abc33b\"><div class=\"uagb-column__overlay\"><\/div><div class=\"wp-block-image\">\n<figure class=\"aligncenter size-large\"><a href=\"https:\/\/culturayciencia.org\/litterae\/litterae-2021\/\" target=\"_blank\" rel=\"noopener\"><img loading=\"lazy\" decoding=\"async\" width=\"1024\" height=\"535\" src=\"https:\/\/culturayciencia.org\/litterae\/wp-content\/uploads\/2021\/02\/cartel_litterae_2021_web_02-1024x535.jpg\" alt=\"\" class=\"wp-image-2929\" srcset=\"https:\/\/culturayciencia.org\/litterae\/wp-content\/uploads\/2021\/02\/cartel_litterae_2021_web_02-1024x535.jpg 1024w, https:\/\/culturayciencia.org\/litterae\/wp-content\/uploads\/2021\/02\/cartel_litterae_2021_web_02-300x157.jpg 300w, https:\/\/culturayciencia.org\/litterae\/wp-content\/uploads\/2021\/02\/cartel_litterae_2021_web_02-768x401.jpg 768w, https:\/\/culturayciencia.org\/litterae\/wp-content\/uploads\/2021\/02\/cartel_litterae_2021_web_02-1536x802.jpg 1536w, https:\/\/culturayciencia.org\/litterae\/wp-content\/uploads\/2021\/02\/cartel_litterae_2021_web_02-2048x1070.jpg 2048w\" sizes=\"auto, (max-width: 1024px) 100vw, 1024px\" \/><\/a><\/figure>\n<\/div>\n\n\n<p><\/p>\n\n\n\n<div class=\"wp-block-buttons is-content-justification-center is-layout-flex wp-container-core-buttons-is-layout-16018d1d wp-block-buttons-is-layout-flex\">\n<div class=\"wp-block-button\"><a class=\"wp-block-button__link has-vivid-red-background-color has-background wp-element-button\" href=\"https:\/\/culturayciencia.org\/litterae\/litterae-2021\/\">M\u00e1s informaci\u00f3n sobre la edici\u00f3n de 2021<\/a><\/div>\n<\/div>\n<\/div>\n<\/div><\/section>\n\n\n\n<section class=\"wp-block-uagb-columns uagb-columns__wrap uagb-columns__background-none uagb-columns__stack-mobile uagb-columns__valign- uagb-columns__gap-10 alignfull uagb-block-ab9ac181 uagb-columns__columns-2 uagb-columns__max_width-theme uagb-columns__background-undefined uagb-columns__valign-undefined\" id=\"uagb-columns-57fbadb9-f9cb-4acb-98e6-1cfb57d2a4be\"><div class=\"uagb-columns__overlay\"><\/div><div class=\"uagb-columns__inner-wrap uagb-columns__columns-2\">\n<div class=\"wp-block-uagb-column uagb-column__wrap uagb-column__background-undefined uagb-block-f3864723\"><div class=\"uagb-column__overlay\"><\/div><div class=\"wp-block-image\">\n<figure class=\"aligncenter size-large\"><a href=\"https:\/\/culturayciencia.org\/litterae\/litterae-2022\/\" target=\"_blank\" rel=\"noopener\"><img loading=\"lazy\" decoding=\"async\" width=\"1024\" height=\"521\" src=\"https:\/\/culturayciencia.org\/litterae\/wp-content\/uploads\/2022\/04\/Web_Litterae_2022_Jornadas-1024x521.jpg\" alt=\"\" class=\"wp-image-3876\" srcset=\"https:\/\/culturayciencia.org\/litterae\/wp-content\/uploads\/2022\/04\/Web_Litterae_2022_Jornadas-1024x521.jpg 1024w, https:\/\/culturayciencia.org\/litterae\/wp-content\/uploads\/2022\/04\/Web_Litterae_2022_Jornadas-300x153.jpg 300w, https:\/\/culturayciencia.org\/litterae\/wp-content\/uploads\/2022\/04\/Web_Litterae_2022_Jornadas-768x390.jpg 768w, https:\/\/culturayciencia.org\/litterae\/wp-content\/uploads\/2022\/04\/Web_Litterae_2022_Jornadas-1536x781.jpg 1536w, https:\/\/culturayciencia.org\/litterae\/wp-content\/uploads\/2022\/04\/Web_Litterae_2022_Jornadas-2048x1041.jpg 2048w\" sizes=\"auto, (max-width: 1024px) 100vw, 1024px\" \/><\/a><\/figure>\n<\/div>\n\n\n<p><\/p>\n\n\n\n<div class=\"wp-block-buttons is-content-justification-center is-layout-flex wp-container-core-buttons-is-layout-16018d1d wp-block-buttons-is-layout-flex\">\n<div class=\"wp-block-button\"><a class=\"wp-block-button__link has-vivid-red-background-color has-background wp-element-button\" href=\"https:\/\/culturayciencia.org\/litterae\/litterae-2022\/\">M\u00e1s informaci\u00f3n sobre la edici\u00f3n de 2022<\/a><\/div>\n<\/div>\n<\/div>\n\n\n\n<div class=\"wp-block-uagb-column uagb-column__wrap uagb-column__background-undefined uagb-block-c093b2da\"><div class=\"uagb-column__overlay\"><\/div>\n<figure class=\"wp-block-image size-large\"><img loading=\"lazy\" decoding=\"async\" width=\"1024\" height=\"517\" src=\"https:\/\/culturayciencia.org\/litterae\/wp-content\/uploads\/2023\/05\/Cartel_Litterae_2023_facebook_01-1-1024x517.jpg\" alt=\"\" class=\"wp-image-4020\" srcset=\"https:\/\/culturayciencia.org\/litterae\/wp-content\/uploads\/2023\/05\/Cartel_Litterae_2023_facebook_01-1-1024x517.jpg 1024w, https:\/\/culturayciencia.org\/litterae\/wp-content\/uploads\/2023\/05\/Cartel_Litterae_2023_facebook_01-1-300x151.jpg 300w, https:\/\/culturayciencia.org\/litterae\/wp-content\/uploads\/2023\/05\/Cartel_Litterae_2023_facebook_01-1-768x388.jpg 768w, https:\/\/culturayciencia.org\/litterae\/wp-content\/uploads\/2023\/05\/Cartel_Litterae_2023_facebook_01-1-1536x776.jpg 1536w, https:\/\/culturayciencia.org\/litterae\/wp-content\/uploads\/2023\/05\/Cartel_Litterae_2023_facebook_01-1-2048x1034.jpg 2048w\" sizes=\"auto, (max-width: 1024px) 100vw, 1024px\" \/><\/figure>\n\n\n\n<p><\/p>\n\n\n\n<div class=\"wp-block-buttons is-content-justification-center is-layout-flex wp-container-core-buttons-is-layout-16018d1d wp-block-buttons-is-layout-flex\">\n<div class=\"wp-block-button\"><a class=\"wp-block-button__link has-vivid-red-background-color has-background wp-element-button\" href=\"https:\/\/culturayciencia.org\/litterae\/litterae-2023\/\">M\u00e1s informaci\u00f3n sobre la edici\u00f3n de 2023<\/a><\/div>\n<\/div>\n<\/div>\n<\/div><\/section>\n\n\n\n<section class=\"wp-block-uagb-columns uagb-columns__wrap uagb-columns__background-none uagb-columns__stack-mobile uagb-columns__valign- uagb-columns__gap-10 alignfull uagb-block-b9e0fffb uagb-columns__columns-2 uagb-columns__max_width-theme uagb-columns__background-undefined uagb-columns__valign-undefined\" id=\"uagb-columns-57fbadb9-f9cb-4acb-98e6-1cfb57d2a4be\"><div class=\"uagb-columns__overlay\"><\/div><div class=\"uagb-columns__inner-wrap uagb-columns__columns-2\">\n<div class=\"wp-block-uagb-column uagb-column__wrap uagb-column__background-undefined uagb-block-62fe3d03\"><div class=\"uagb-column__overlay\"><\/div><div class=\"wp-block-image\">\n<figure class=\"aligncenter size-large\"><img loading=\"lazy\" decoding=\"async\" width=\"1024\" height=\"521\" src=\"https:\/\/culturayciencia.org\/litterae\/wp-content\/uploads\/2024\/02\/Banner_Web_Litterae_2024-1024x521.jpg\" alt=\"\" class=\"wp-image-4373\" srcset=\"https:\/\/culturayciencia.org\/litterae\/wp-content\/uploads\/2024\/02\/Banner_Web_Litterae_2024-1024x521.jpg 1024w, https:\/\/culturayciencia.org\/litterae\/wp-content\/uploads\/2024\/02\/Banner_Web_Litterae_2024-300x153.jpg 300w, https:\/\/culturayciencia.org\/litterae\/wp-content\/uploads\/2024\/02\/Banner_Web_Litterae_2024-768x391.jpg 768w, https:\/\/culturayciencia.org\/litterae\/wp-content\/uploads\/2024\/02\/Banner_Web_Litterae_2024-1536x781.jpg 1536w, https:\/\/culturayciencia.org\/litterae\/wp-content\/uploads\/2024\/02\/Banner_Web_Litterae_2024-2048x1042.jpg 2048w\" sizes=\"auto, (max-width: 1024px) 100vw, 1024px\" \/><\/figure>\n<\/div>\n\n\n<p><\/p>\n\n\n\n<div class=\"wp-block-buttons is-content-justification-center is-layout-flex wp-container-core-buttons-is-layout-16018d1d wp-block-buttons-is-layout-flex\">\n<div class=\"wp-block-button\"><a class=\"wp-block-button__link has-vivid-red-background-color has-background wp-element-button\" href=\"https:\/\/culturayciencia.org\/litterae\/litterae-2024\/\">M\u00e1s informaci\u00f3n sobre la edici\u00f3n de 2024<\/a><\/div>\n<\/div>\n<\/div>\n\n\n\n<div class=\"wp-block-uagb-column uagb-column__wrap uagb-column__background-undefined uagb-block-cf791965\"><div class=\"uagb-column__overlay\"><\/div>\n<p><\/p>\n<\/div>\n<\/div><\/section>\n\n\n\n<p><\/p>\n","protected":false},"excerpt":{"rendered":"","protected":false},"author":4,"featured_media":0,"parent":0,"menu_order":0,"comment_status":"closed","ping_status":"closed","template":"","meta":{"_acf_changed":false,"om_disable_all_campaigns":false,"_uag_custom_page_level_css":"","_monsterinsights_skip_tracking":false,"_monsterinsights_sitenote_active":false,"_monsterinsights_sitenote_note":"","_monsterinsights_sitenote_category":0,"_uf_show_specific_survey":0,"_uf_disable_surveys":false,"footnotes":""},"class_list":{"0":"post-3378","1":"page","2":"type-page","3":"status-publish","5":"no-featured-image-padding"},"acf":[],"aioseo_notices":[],"uagb_featured_image_src":{"full":false,"thumbnail":false,"medium":false,"medium_large":false,"large":false,"1536x1536":false,"2048x2048":false},"uagb_author_info":{"display_name":false,"author_link":"https:\/\/culturayciencia.org\/litterae\/author\/librerae\/"},"uagb_comment_info":0,"uagb_excerpt":null,"_links":{"self":[{"href":"https:\/\/culturayciencia.org\/litterae\/wp-json\/wp\/v2\/pages\/3378","targetHints":{"allow":["GET"]}}],"collection":[{"href":"https:\/\/culturayciencia.org\/litterae\/wp-json\/wp\/v2\/pages"}],"about":[{"href":"https:\/\/culturayciencia.org\/litterae\/wp-json\/wp\/v2\/types\/page"}],"author":[{"embeddable":true,"href":"https:\/\/culturayciencia.org\/litterae\/wp-json\/wp\/v2\/users\/4"}],"replies":[{"embeddable":true,"href":"https:\/\/culturayciencia.org\/litterae\/wp-json\/wp\/v2\/comments?post=3378"}],"version-history":[{"count":0,"href":"https:\/\/culturayciencia.org\/litterae\/wp-json\/wp\/v2\/pages\/3378\/revisions"}],"wp:attachment":[{"href":"https:\/\/culturayciencia.org\/litterae\/wp-json\/wp\/v2\/media?parent=3378"}],"curies":[{"name":"wp","href":"https:\/\/api.w.org\/{rel}","templated":true}]}}