{"id":3524,"date":"2022-04-05T10:47:15","date_gmt":"2022-04-05T08:47:15","guid":{"rendered":"https:\/\/culturayciencia.org\/litterae\/?page_id=3524"},"modified":"2022-04-06T09:54:00","modified_gmt":"2022-04-06T07:54:00","slug":"covadonga-dlom","status":"publish","type":"page","link":"https:\/\/culturayciencia.org\/litterae\/covadonga-dlom\/","title":{"rendered":"Covadonga D\u00b4lom"},"content":{"rendered":"\n<section class=\"wp-block-uagb-columns uagb-columns__wrap uagb-columns__background-undefined uagb-columns__stack-mobile uagb-columns__valign-top uagb-columns__gap-10 alignundefined uagb-block-577d6c63\"><div class=\"uagb-columns__overlay\"><\/div><div class=\"uagb-columns__inner-wrap uagb-columns__columns-2\">\n<div class=\"wp-block-uagb-column uagb-column__wrap uagb-column__background-color uagb-block-f245dfcc\"><div class=\"uagb-column__overlay\"><\/div><div class=\"uagb-column__inner-wrap\">\n<div class=\"wp-block-image is-style-rounded\"><figure class=\"aligncenter size-full\"><img loading=\"lazy\" decoding=\"async\" width=\"393\" height=\"393\" src=\"https:\/\/culturayciencia.org\/litterae\/wp-content\/uploads\/2022\/04\/Covadonga_D\u00b4lom_Litterae_Litterae.png\" alt=\"\" class=\"wp-image-3522\" srcset=\"https:\/\/culturayciencia.org\/litterae\/wp-content\/uploads\/2022\/04\/Covadonga_D\u00b4lom_Litterae_Litterae.png 393w, https:\/\/culturayciencia.org\/litterae\/wp-content\/uploads\/2022\/04\/Covadonga_D\u00b4lom_Litterae_Litterae-300x300.png 300w, https:\/\/culturayciencia.org\/litterae\/wp-content\/uploads\/2022\/04\/Covadonga_D\u00b4lom_Litterae_Litterae-150x150.png 150w\" sizes=\"auto, (max-width: 393px) 100vw, 393px\" \/><\/figure><\/div>\n\n\n\n<h2 class=\"has-text-align-center has-medium-font-size wp-block-heading\"><strong><strong><strong><strong><strong><strong><strong>Covadonga D\u00b4lom<\/strong><\/strong><\/strong><\/strong><\/strong><\/strong><\/strong><\/h2>\n\n\n\n<p class=\"has-text-align-center has-vivid-red-color has-text-color\">Directora de Cd&#8217; Asesor\u00eda. <br>Asesora editorial y mentora de autores\/as.<\/p>\n<\/div><\/div>\n\n\n\n<div class=\"wp-block-uagb-column uagb-column__wrap uagb-column__background-undefined uagb-block-671e4eed\"><div class=\"uagb-column__overlay\"><\/div><div class=\"uagb-column__inner-wrap\">\n<p>Licenciada en Filolog\u00eda Hisp\u00e1nica por la Universidad Complutense de Madrid (UCM), se traslad\u00f3 a Barcelona para realizar un posgrado de Edici\u00f3n en la Universidad Pompeu Fabra, gracias a lo cual comenz\u00f3 a trabajar en Grupo Planeta en Ediciones Destino. Desde entonces, no ha dejado de trabajar en el sector editorial donde ha desempe\u00f1ado las funciones de editora, correctora de textos, lectora profesional, redactora y gestora de contenidos para sellos como\u00a0Lumen,\u00a0Debate,\u00a0Literatura Random House,\u00a0Reservoir Books,\u00a0Negra y Roja,\u00a0Backlist,\u00a0Timun Mas\u00a0y\u00a0Seix Barral, entre otros. <\/p>\n\n\n\n<p>En 2014 fund\u00f3 Cd&#8217; Asesor\u00eda editorial desde donde contin\u00faa desarrollando contenidos editoriales y colabora con autores consolidados\u00a0y noveles ofreci\u00e9ndoles su asesoramiento durante el proceso de redacci\u00f3n de sus obras. Actualmente reside en Madrid.\u00a0<\/p>\n<\/div><\/div>\n<\/div><\/section>\n\n\n","protected":false},"excerpt":{"rendered":"","protected":false},"author":4,"featured_media":0,"parent":0,"menu_order":0,"comment_status":"closed","ping_status":"closed","template":"","meta":{"_acf_changed":false,"om_disable_all_campaigns":false,"_uag_custom_page_level_css":"","_monsterinsights_skip_tracking":false,"_monsterinsights_sitenote_active":false,"_monsterinsights_sitenote_note":"","_monsterinsights_sitenote_category":0,"_uf_show_specific_survey":0,"_uf_disable_surveys":false,"footnotes":""},"class_list":{"0":"post-3524","1":"page","2":"type-page","3":"status-publish","5":"no-featured-image-padding"},"acf":[],"aioseo_notices":[],"uagb_featured_image_src":{"full":false,"thumbnail":false,"medium":false,"medium_large":false,"large":false,"1536x1536":false,"2048x2048":false},"uagb_author_info":{"display_name":false,"author_link":"https:\/\/culturayciencia.org\/litterae\/author\/librerae\/"},"uagb_comment_info":0,"uagb_excerpt":null,"_links":{"self":[{"href":"https:\/\/culturayciencia.org\/litterae\/wp-json\/wp\/v2\/pages\/3524","targetHints":{"allow":["GET"]}}],"collection":[{"href":"https:\/\/culturayciencia.org\/litterae\/wp-json\/wp\/v2\/pages"}],"about":[{"href":"https:\/\/culturayciencia.org\/litterae\/wp-json\/wp\/v2\/types\/page"}],"author":[{"embeddable":true,"href":"https:\/\/culturayciencia.org\/litterae\/wp-json\/wp\/v2\/users\/4"}],"replies":[{"embeddable":true,"href":"https:\/\/culturayciencia.org\/litterae\/wp-json\/wp\/v2\/comments?post=3524"}],"version-history":[{"count":0,"href":"https:\/\/culturayciencia.org\/litterae\/wp-json\/wp\/v2\/pages\/3524\/revisions"}],"wp:attachment":[{"href":"https:\/\/culturayciencia.org\/litterae\/wp-json\/wp\/v2\/media?parent=3524"}],"curies":[{"name":"wp","href":"https:\/\/api.w.org\/{rel}","templated":true}]}}