{"id":3620,"date":"2022-04-19T18:10:26","date_gmt":"2022-04-19T16:10:26","guid":{"rendered":"https:\/\/culturayciencia.org\/litterae\/?page_id=3620"},"modified":"2022-04-19T18:30:45","modified_gmt":"2022-04-19T16:30:45","slug":"maria-angeles-lopez-amado","status":"publish","type":"page","link":"https:\/\/culturayciencia.org\/litterae\/maria-angeles-lopez-amado\/","title":{"rendered":"Mar\u00eda \u00c1ngeles L\u00f3pez Amado"},"content":{"rendered":"\n<section class=\"wp-block-uagb-columns uagb-columns__wrap uagb-columns__background-undefined uagb-columns__stack-mobile uagb-columns__valign-top uagb-columns__gap-10 alignundefined uagb-block-c3bacff3\"><div class=\"uagb-columns__overlay\"><\/div><div class=\"uagb-columns__inner-wrap uagb-columns__columns-2\">\n<div class=\"wp-block-uagb-column uagb-column__wrap uagb-column__background-color uagb-block-c7e08cf8\"><div class=\"uagb-column__overlay\"><\/div><div class=\"uagb-column__inner-wrap\">\n<div class=\"wp-block-image is-style-rounded\"><figure class=\"aligncenter size-full\"><img loading=\"lazy\" decoding=\"async\" width=\"393\" height=\"393\" src=\"https:\/\/culturayciencia.org\/litterae\/wp-content\/uploads\/2022\/04\/Maria-Angeles-Lopez-Amado_Litterae.png\" alt=\"\" class=\"wp-image-3619\" srcset=\"https:\/\/culturayciencia.org\/litterae\/wp-content\/uploads\/2022\/04\/Maria-Angeles-Lopez-Amado_Litterae.png 393w, https:\/\/culturayciencia.org\/litterae\/wp-content\/uploads\/2022\/04\/Maria-Angeles-Lopez-Amado_Litterae-300x300.png 300w, https:\/\/culturayciencia.org\/litterae\/wp-content\/uploads\/2022\/04\/Maria-Angeles-Lopez-Amado_Litterae-150x150.png 150w\" sizes=\"auto, (max-width: 393px) 100vw, 393px\" \/><\/figure><\/div>\n\n\n\n<h2 class=\"has-text-align-center has-medium-font-size wp-block-heading\"><strong><strong><strong><strong><strong><strong><strong><strong><strong>Mar\u00eda \u00c1ngeles L\u00f3pez Amado<\/strong><\/strong><\/strong><\/strong><\/strong><\/strong><\/strong><\/strong><\/strong><\/h2>\n\n\n\n<p class=\"has-text-align-center has-vivid-red-color has-text-color\">Directora General de Accesibilidad y Centros.<br>Consejer\u00eda de Sanidad y Servicios Sociales. Junta de Extremadura<\/p>\n<\/div><\/div>\n\n\n\n<div class=\"wp-block-uagb-column uagb-column__wrap uagb-column__background-undefined uagb-block-655c65ed\"><div class=\"uagb-column__overlay\"><\/div><div class=\"uagb-column__inner-wrap\">\n<p>Natural de Puebla de la Reina es Arquitecta y funcionaria de la Junta Extremadura.<\/p>\n\n\n\n<p>Adquiere experiencia profesional coordinando, dirigiendo obras y redactando proyectos en diversas Consejer\u00edas en el \u00e1mbito de la Restauraci\u00f3n, Patrimonio, Promoci\u00f3n Cultural, Educaci\u00f3n y Transporte, y en el campo de la gesti\u00f3n como Jefa de Servicios (2006-2009) en la Direcci\u00f3n General de Vivienda.<\/p>\n\n\n\n<p>En esa etapa destaca su intervenci\u00f3n como directora de las obras del Centro de Cirug\u00eda de M\u00ednima Invasi\u00f3n (CCMI) en C\u00e1ceres. En la legislatura 2015-2019 fue directora general de Arquitectura.<\/p>\n<\/div><\/div>\n<\/div><\/section>\n\n\n","protected":false},"excerpt":{"rendered":"","protected":false},"author":4,"featured_media":0,"parent":0,"menu_order":0,"comment_status":"closed","ping_status":"closed","template":"","meta":{"_acf_changed":false,"om_disable_all_campaigns":false,"_uag_custom_page_level_css":"","_monsterinsights_skip_tracking":false,"_monsterinsights_sitenote_active":false,"_monsterinsights_sitenote_note":"","_monsterinsights_sitenote_category":0,"_uf_show_specific_survey":0,"_uf_disable_surveys":false,"footnotes":""},"class_list":{"0":"post-3620","1":"page","2":"type-page","3":"status-publish","5":"no-featured-image-padding"},"acf":[],"aioseo_notices":[],"uagb_featured_image_src":{"full":false,"thumbnail":false,"medium":false,"medium_large":false,"large":false,"1536x1536":false,"2048x2048":false},"uagb_author_info":{"display_name":false,"author_link":"https:\/\/culturayciencia.org\/litterae\/author\/librerae\/"},"uagb_comment_info":0,"uagb_excerpt":null,"_links":{"self":[{"href":"https:\/\/culturayciencia.org\/litterae\/wp-json\/wp\/v2\/pages\/3620","targetHints":{"allow":["GET"]}}],"collection":[{"href":"https:\/\/culturayciencia.org\/litterae\/wp-json\/wp\/v2\/pages"}],"about":[{"href":"https:\/\/culturayciencia.org\/litterae\/wp-json\/wp\/v2\/types\/page"}],"author":[{"embeddable":true,"href":"https:\/\/culturayciencia.org\/litterae\/wp-json\/wp\/v2\/users\/4"}],"replies":[{"embeddable":true,"href":"https:\/\/culturayciencia.org\/litterae\/wp-json\/wp\/v2\/comments?post=3620"}],"version-history":[{"count":0,"href":"https:\/\/culturayciencia.org\/litterae\/wp-json\/wp\/v2\/pages\/3620\/revisions"}],"wp:attachment":[{"href":"https:\/\/culturayciencia.org\/litterae\/wp-json\/wp\/v2\/media?parent=3620"}],"curies":[{"name":"wp","href":"https:\/\/api.w.org\/{rel}","templated":true}]}}