{"id":3688,"date":"2022-04-20T18:35:32","date_gmt":"2022-04-20T16:35:32","guid":{"rendered":"https:\/\/culturayciencia.org\/litterae\/?page_id=3688"},"modified":"2022-04-20T18:35:33","modified_gmt":"2022-04-20T16:35:33","slug":"daniel-blanco","status":"publish","type":"page","link":"https:\/\/culturayciencia.org\/litterae\/daniel-blanco\/","title":{"rendered":"Daniel Blanco"},"content":{"rendered":"\n<section class=\"wp-block-uagb-columns uagb-columns__wrap uagb-columns__background-undefined uagb-columns__stack-mobile uagb-columns__valign-top uagb-columns__gap-10 alignundefined uagb-block-1a1c0fcd\"><div class=\"uagb-columns__overlay\"><\/div><div class=\"uagb-columns__inner-wrap uagb-columns__columns-2\">\n<div class=\"wp-block-uagb-column uagb-column__wrap uagb-column__background-color uagb-block-30cdd2fb\"><div class=\"uagb-column__overlay\"><\/div><div class=\"uagb-column__inner-wrap\">\n<div class=\"wp-block-image is-style-rounded\"><figure class=\"aligncenter size-full\"><img loading=\"lazy\" decoding=\"async\" width=\"393\" height=\"393\" src=\"https:\/\/culturayciencia.org\/litterae\/wp-content\/uploads\/2022\/04\/Daniel_blanco_Litterae.png\" alt=\"\" class=\"wp-image-3686\" srcset=\"https:\/\/culturayciencia.org\/litterae\/wp-content\/uploads\/2022\/04\/Daniel_blanco_Litterae.png 393w, https:\/\/culturayciencia.org\/litterae\/wp-content\/uploads\/2022\/04\/Daniel_blanco_Litterae-300x300.png 300w, https:\/\/culturayciencia.org\/litterae\/wp-content\/uploads\/2022\/04\/Daniel_blanco_Litterae-150x150.png 150w\" sizes=\"auto, (max-width: 393px) 100vw, 393px\" \/><\/figure><\/div>\n\n\n\n<h2 class=\"has-text-align-center has-medium-font-size wp-block-heading\"><strong><strong><strong><strong><strong><strong><strong><strong><strong>Daniel Blanco<\/strong><\/strong><\/strong><\/strong><\/strong><\/strong><\/strong><\/strong><\/strong><\/h2>\n\n\n\n<p class=\"has-text-align-center has-vivid-red-color has-text-color\">Ilustrador, escritor y editor<\/p>\n<\/div><\/div>\n\n\n\n<div class=\"wp-block-uagb-column uagb-column__wrap uagb-column__background-undefined uagb-block-7b05aab6\"><div class=\"uagb-column__overlay\"><\/div><div class=\"uagb-column__inner-wrap\">\n<p>Su constante investigaci\u00f3n y desarrollo interdisciplinar lo ha llevado a colaborar en proyectos de m\u00fasica, cine y teatro.<\/p>\n\n\n\n<p>Ha sido incluido en la Lista de Honor IBBY (2012, 2018), en la lista White Ravens (2017) y ganado dos veces la Medalla Colibr\u00ed-IBBY Chile (2015, 2017) por el trabajo realizado para las publicaciones <em>Milt\u00edn 1934<\/em> (Pehu\u00e9n Editores), <em>Animal <\/em>(Erdosain Ediciones) <em>y Un diamante en el fondo de la tierra<\/em> (Editorial Amanuta).<\/p>\n\n\n\n<p>Es director de Erdosain Ediciones, sello especializado en la publicaci\u00f3n de libros ilustrados de literatura, arte y ensayo.<\/p>\n\n\n\n<p>Ha dado clases y talleres sobre ilustraci\u00f3n y literatura en ferias y universidades de Guadalajara, Ciudad de M\u00e9xico, Santiago de Chile, en Medell\u00edn y Lima. Desde el a\u00f1o 2017 es profesor del Diplomado de Ilustraci\u00f3n de la Universidad de Chile y desde el 2021 es profesor de Extensi\u00f3n de la Universidad Cat\u00f3lica de Chile.<\/p>\n<\/div><\/div>\n<\/div><\/section>\n\n\n","protected":false},"excerpt":{"rendered":"","protected":false},"author":4,"featured_media":0,"parent":0,"menu_order":0,"comment_status":"closed","ping_status":"closed","template":"","meta":{"_acf_changed":false,"om_disable_all_campaigns":false,"_uag_custom_page_level_css":"","_monsterinsights_skip_tracking":false,"_monsterinsights_sitenote_active":false,"_monsterinsights_sitenote_note":"","_monsterinsights_sitenote_category":0,"_uf_show_specific_survey":0,"_uf_disable_surveys":false,"footnotes":""},"class_list":{"0":"post-3688","1":"page","2":"type-page","3":"status-publish","5":"no-featured-image-padding"},"acf":[],"aioseo_notices":[],"uagb_featured_image_src":{"full":false,"thumbnail":false,"medium":false,"medium_large":false,"large":false,"1536x1536":false,"2048x2048":false},"uagb_author_info":{"display_name":false,"author_link":"https:\/\/culturayciencia.org\/litterae\/author\/librerae\/"},"uagb_comment_info":0,"uagb_excerpt":null,"_links":{"self":[{"href":"https:\/\/culturayciencia.org\/litterae\/wp-json\/wp\/v2\/pages\/3688","targetHints":{"allow":["GET"]}}],"collection":[{"href":"https:\/\/culturayciencia.org\/litterae\/wp-json\/wp\/v2\/pages"}],"about":[{"href":"https:\/\/culturayciencia.org\/litterae\/wp-json\/wp\/v2\/types\/page"}],"author":[{"embeddable":true,"href":"https:\/\/culturayciencia.org\/litterae\/wp-json\/wp\/v2\/users\/4"}],"replies":[{"embeddable":true,"href":"https:\/\/culturayciencia.org\/litterae\/wp-json\/wp\/v2\/comments?post=3688"}],"version-history":[{"count":0,"href":"https:\/\/culturayciencia.org\/litterae\/wp-json\/wp\/v2\/pages\/3688\/revisions"}],"wp:attachment":[{"href":"https:\/\/culturayciencia.org\/litterae\/wp-json\/wp\/v2\/media?parent=3688"}],"curies":[{"name":"wp","href":"https:\/\/api.w.org\/{rel}","templated":true}]}}