{"id":392,"date":"2019-09-04T18:14:51","date_gmt":"2019-09-04T16:14:51","guid":{"rendered":"https:\/\/culturayciencia.org\/litterae\/?page_id=392"},"modified":"2019-09-13T10:22:29","modified_gmt":"2019-09-13T08:22:29","slug":"dos-bigotes","status":"publish","type":"page","link":"https:\/\/culturayciencia.org\/litterae\/dos-bigotes\/","title":{"rendered":"DOS BIGOTES (GONZALO Y ALBERTO)"},"content":{"rendered":"\n<div class=\"wp-block-image\"><figure class=\"alignleft\"><img loading=\"lazy\" decoding=\"async\" width=\"400\" height=\"400\" src=\"https:\/\/culturayciencia.org\/litterae\/wp-content\/uploads\/2019\/09\/Dos_Bigotes_Litterae-2.jpg\" alt=\"\" class=\"wp-image-331\" srcset=\"https:\/\/culturayciencia.org\/litterae\/wp-content\/uploads\/2019\/09\/Dos_Bigotes_Litterae-2.jpg 400w, https:\/\/culturayciencia.org\/litterae\/wp-content\/uploads\/2019\/09\/Dos_Bigotes_Litterae-2-150x150.jpg 150w, https:\/\/culturayciencia.org\/litterae\/wp-content\/uploads\/2019\/09\/Dos_Bigotes_Litterae-2-300x300.jpg 300w\" sizes=\"auto, (max-width: 400px) 100vw, 400px\" \/><\/figure><\/div>\n\n\n\n<h2 class=\"wp-block-heading\" style=\"text-align:center\"><strong> Gonzalo Izquierdo y Alberto Rodr\u00edguez<\/strong><\/h2>\n\n\n\n<p style=\"text-align:center\"><strong><em>Dos Bigotes<\/em><\/strong><\/p>\n\n\n\n<p style=\"text-align:justify\">Los art\u00edfices del contenido de estos comprimidos culturales somos Gonzalo Izquierdo y Alberto Rodr\u00edguez, dos periodistas que en 2014 nos embarcamos en la creaci\u00f3n de una editorial independiente movidos por nuestro amor por la literatura. Dos Bigotes est\u00e1 especializada en tem\u00e1tica LGTBIQ, feminismo y g\u00e9nero. Nuestro objetivo es acercar a los lectores libros que aborden la diversidad desde m\u00faltiples perspectivas, pero no pretendemos excluir a nadie, sino todo lo contrario: creemos que la buena literatura interesa a todo tipo de lectores, m\u00e1s all\u00e1 de cuestiones de g\u00e9nero, orientaci\u00f3n o identidad sexual. Y estamos seguros de que la literatura es un arma muy eficaz para derribar prejuicios, empatizar y descubrir nuevas realidades, a la vez que sirve para ofrecer referentes e historias con las que sentirse identificado.<\/p>\n\n\n\n<p style=\"text-align:justify\">En Dos Bigotes, apostamos por cuidar al m\u00e1ximo la selecci\u00f3n de autores y la edici\u00f3n de nuestros t\u00edtulos, y reivindicamos el valor del libro como un objeto que merece ser mimado en cada detalle. Convencidos de que el entretenimiento y la calidad literaria son dos conceptos que pueden ir de la mano, en estos cinco a\u00f1os hemos publicado m\u00e1s de cuarenta t\u00edtulos con los que hemos logrado conformar un grupo de lectores fieles que va creciendo cada d\u00eda. Entre nuestros libros, podemos destacar <em>A Virginia le gustaba Vita<\/em> de Pilar Bellver, <em>C\u00f3mo acabar con la escritura de las mujeres <\/em>de Joanna Russ o <em>Boy Erased (Identidad borrada)<\/em> de Garrard Conley.<\/p>\n\n\n\n<div class=\"wp-block-uagb-team uagb-team uagb-team__outer-wrap uagb-team__image-position-above uagb-team__align-center uagb-team__stack-tablet\" id=\"uagb-team-9edc3546-7e83-4b73-9729-90ebd5c0ae98\"><div class=\"uagb-team__wrap\"><div class=\"uagb-team__content\"><div class=\"uagb-team__title-wrap\"><h4 class=\"uagb-team__title\"><\/h4><span class=\"uagb-team__prefix\"><strong>Los enlaces a nuestra web y redes son:<\/strong><\/span><\/div><div class=\"uagb-team__desc-wrap\"><p class=\"uagb-team__desc\">Web: <a href=\"http:\/\/www.dosbigotes.es\/\">www.dosbigotes.es<\/a> <\/p><\/div><div class=\"uagb-team__social-icon-wrap\"><ul class=\"uagb-team__social-list\"><li class=\"uagb-team__social-icon\"><a href=\"www.twitter.com\/DosBigotesEdit\" target=\"_self\" title=\"\" rel=\"noopener noreferrer\"><svg xmlns=\"http:\/\/www.w3.org\/2000\/svg\" viewbox=\"0 0 512 512\"><path d=\"M459.37 151.716c.325 4.548.325 9.097.325 13.645 0 138.72-105.583 298.558-298.558 298.558-59.452 0-114.68-17.219-161.137-47.106 8.447.974 16.568 1.299 25.34 1.299 49.055 0 94.213-16.568 130.274-44.832-46.132-.975-84.792-31.188-98.112-72.772 6.498.974 12.995 1.624 19.818 1.624 9.421 0 18.843-1.3 27.614-3.573-48.081-9.747-84.143-51.98-84.143-102.985v-1.299c13.969 7.797 30.214 12.67 47.431 13.319-28.264-18.843-46.781-51.005-46.781-87.391 0-19.492 5.197-37.36 14.294-52.954 51.655 63.675 129.3 105.258 216.365 109.807-1.624-7.797-2.599-15.918-2.599-24.04 0-57.828 46.782-104.934 104.934-104.934 30.213 0 57.502 12.67 76.67 33.137 23.715-4.548 46.456-13.32 66.599-25.34-7.798 24.366-24.366 44.833-46.132 57.827 21.117-2.273 41.584-8.122 60.426-16.243-14.292 20.791-32.161 39.308-52.628 54.253z\"><\/path><\/svg><\/a><\/li><li class=\"uagb-team__social-icon\"><a href=\"www.facebook.com\/dosbigoteseditorial\" target=\"_self\" title=\"\" rel=\"noopener noreferrer\"><svg xmlns=\"http:\/\/www.w3.org\/2000\/svg\" viewbox=\"0 0 448 512\"><path d=\"M448 56.7v398.5c0 13.7-11.1 24.7-24.7 24.7H309.1V306.5h58.2l8.7-67.6h-67v-43.2c0-19.6 5.4-32.9 33.5-32.9h35.8v-60.5c-6.2-.8-27.4-2.7-52.2-2.7-51.6 0-87 31.5-87 89.4v49.9h-58.4v67.6h58.4V480H24.7C11.1 480 0 468.9 0 455.3V56.7C0 43.1 11.1 32 24.7 32h398.5c13.7 0 24.8 11.1 24.8 24.7z\"><\/path><\/svg><\/a><\/li><li class=\"uagb-team__social-icon\"><a href=\"www.instagram.com\/editorialdosbigotes\" target=\"_self\" title=\"\" rel=\"noopener noreferrer\"><svg xmlns=\"http:\/\/www.w3.org\/2000\/svg\" viewbox=\"0 0 448 512\"><path d=\"M224.1 141c-63.6 0-114.9 51.3-114.9 114.9s51.3 114.9 114.9 114.9S339 319.5 339 255.9 287.7 141 224.1 141zm0 189.6c-41.1 0-74.7-33.5-74.7-74.7s33.5-74.7 74.7-74.7 74.7 33.5 74.7 74.7-33.6 74.7-74.7 74.7zm146.4-194.3c0 14.9-12 26.8-26.8 26.8-14.9 0-26.8-12-26.8-26.8s12-26.8 26.8-26.8 26.8 12 26.8 26.8zm76.1 27.2c-1.7-35.9-9.9-67.7-36.2-93.9-26.2-26.2-58-34.4-93.9-36.2-37-2.1-147.9-2.1-184.9 0-35.8 1.7-67.6 9.9-93.9 36.1s-34.4 58-36.2 93.9c-2.1 37-2.1 147.9 0 184.9 1.7 35.9 9.9 67.7 36.2 93.9s58 34.4 93.9 36.2c37 2.1 147.9 2.1 184.9 0 35.9-1.7 67.7-9.9 93.9-36.2 26.2-26.2 34.4-58 36.2-93.9 2.1-37 2.1-147.8 0-184.8zM398.8 388c-7.8 19.6-22.9 34.7-42.6 42.6-29.5 11.7-99.5 9-132.1 9s-102.7 2.6-132.1-9c-19.6-7.8-34.7-22.9-42.6-42.6-11.7-29.5-9-99.5-9-132.1s-2.6-102.7 9-132.1c7.8-19.6 22.9-34.7 42.6-42.6 29.5-11.7 99.5-9 132.1-9s102.7-2.6 132.1 9c19.6 7.8 34.7 22.9 42.6 42.6 11.7 29.5 9 99.5 9 132.1s2.7 102.7-9 132.1z\"><\/path><\/svg><\/a><\/li><\/ul><\/div><\/div><\/div><\/div>\n","protected":false},"excerpt":{"rendered":"","protected":false},"author":4,"featured_media":0,"parent":0,"menu_order":0,"comment_status":"closed","ping_status":"closed","template":"","meta":{"_acf_changed":false,"om_disable_all_campaigns":false,"_uag_custom_page_level_css":"","_monsterinsights_skip_tracking":false,"_monsterinsights_sitenote_active":false,"_monsterinsights_sitenote_note":"","_monsterinsights_sitenote_category":0,"_uf_show_specific_survey":0,"_uf_disable_surveys":false,"footnotes":""},"class_list":{"0":"post-392","1":"page","2":"type-page","3":"status-publish","5":"no-featured-image-padding"},"acf":[],"aioseo_notices":[],"uagb_featured_image_src":{"full":false,"thumbnail":false,"medium":false,"medium_large":false,"large":false,"1536x1536":false,"2048x2048":false},"uagb_author_info":{"display_name":false,"author_link":"https:\/\/culturayciencia.org\/litterae\/author\/librerae\/"},"uagb_comment_info":0,"uagb_excerpt":null,"_links":{"self":[{"href":"https:\/\/culturayciencia.org\/litterae\/wp-json\/wp\/v2\/pages\/392","targetHints":{"allow":["GET"]}}],"collection":[{"href":"https:\/\/culturayciencia.org\/litterae\/wp-json\/wp\/v2\/pages"}],"about":[{"href":"https:\/\/culturayciencia.org\/litterae\/wp-json\/wp\/v2\/types\/page"}],"author":[{"embeddable":true,"href":"https:\/\/culturayciencia.org\/litterae\/wp-json\/wp\/v2\/users\/4"}],"replies":[{"embeddable":true,"href":"https:\/\/culturayciencia.org\/litterae\/wp-json\/wp\/v2\/comments?post=392"}],"version-history":[{"count":0,"href":"https:\/\/culturayciencia.org\/litterae\/wp-json\/wp\/v2\/pages\/392\/revisions"}],"wp:attachment":[{"href":"https:\/\/culturayciencia.org\/litterae\/wp-json\/wp\/v2\/media?parent=392"}],"curies":[{"name":"wp","href":"https:\/\/api.w.org\/{rel}","templated":true}]}}