{"id":3982,"date":"2023-05-02T12:58:05","date_gmt":"2023-05-02T10:58:05","guid":{"rendered":"https:\/\/culturayciencia.org\/litterae\/?page_id=3982"},"modified":"2024-05-13T15:00:35","modified_gmt":"2024-05-13T13:00:35","slug":"programa-2023","status":"publish","type":"page","link":"https:\/\/culturayciencia.org\/litterae\/programa-2023\/","title":{"rendered":"PROGRAMA 2023"},"content":{"rendered":"\n<div style=\"height:20px\" aria-hidden=\"true\" class=\"wp-block-spacer\"><\/div>\n\n\n\n<section class=\"wp-block-uagb-section uagb-section__wrap uagb-section__background-undefined uagb-block-0396895c\"><div class=\"uagb-section__overlay\"><\/div><div class=\"uagb-section__inner-wrap\">\n<h1 class=\"wp-block-heading has-text-align-center has-vivid-red-color has-text-color\"><strong><strong>PROGRAMA 202<\/strong>3<\/strong><\/h1>\n\n\n\n<div class=\"wp-block-columns is-layout-flex wp-container-core-columns-is-layout-9d6595d7 wp-block-columns-is-layout-flex\">\n<div class=\"wp-block-column is-layout-flow wp-block-column-is-layout-flow\"><\/div>\n<\/div>\n<\/div><\/section>\n\n\n\n<div class=\"wp-block-uagb-buttons uagb-buttons__outer-wrap uagb-btn__default-btn uagb-btn-tablet__default-btn uagb-btn-mobile__default-btn uagb-block-05e41c1e\"><div class=\"uagb-buttons__wrap uagb-buttons-layout-wrap\">\n<div class=\"wp-block-uagb-buttons-child uagb-buttons__outer-wrap uagb-block-c582f989 wp-block-button\"><div class=\"uagb-button__wrapper\"><a class=\"uagb-buttons-repeater wp-block-button__link\" href=\"https:\/\/culturayciencia.org\/litterae\/edicion-2023-videos\/\" rel=\"follow noopener\" target=\"_blank\"><div class=\"uagb-button__link\">Ver videos de la mesas<\/div><\/a><\/div><\/div>\n<\/div><\/div>\n\n\n\n<div style=\"height:34px\" aria-hidden=\"true\" class=\"wp-block-spacer\"><\/div>\n\n\n\n<div class=\"wp-block-uagb-advanced-heading uagb-block-5b6cf151\"><h2 class=\"uagb-heading-text\"><strong>Viernes 1 de septiembre<\/strong><\/h2><div class=\"uagb-separator\"><\/div><\/div>\n\n\n\n<div class=\"wp-block-columns is-layout-flex wp-container-core-columns-is-layout-9d6595d7 wp-block-columns-is-layout-flex\">\n<div class=\"wp-block-column is-layout-flow wp-block-column-is-layout-flow\">\n<div class=\"wp-block-uagb-advanced-heading uagb-block-5d6a248f\"><h2 class=\"uagb-heading-text\"><strong>17:00 hrs.<\/strong><\/h2><\/div>\n\n\n\n<div class=\"wp-block-uagb-advanced-heading uagb-block-6723f1c4\"><h1 class=\"uagb-heading-text\"><strong>INTERNACIONALIZACI\u00d3N <\/strong><br><strong>DEL LIBRO ESPA\u00d1OL<\/strong><\/h1><div class=\"uagb-separator\"><\/div><p class=\"uagb-desc-text\">Movilidad de obras y autores\/as espa\u00f1oles\/as. El mercado de venta de derechos.<\/p><\/div>\n\n\n\n<figure class=\"wp-block-image size-large\"><img loading=\"lazy\" decoding=\"async\" width=\"1024\" height=\"533\" src=\"https:\/\/culturayciencia.org\/litterae\/wp-content\/uploads\/2023\/08\/Internacional_libro_espanol_litterae_2023_01-1024x533.jpg\" alt=\"\" class=\"wp-image-4265\" srcset=\"https:\/\/culturayciencia.org\/litterae\/wp-content\/uploads\/2023\/08\/Internacional_libro_espanol_litterae_2023_01-1024x533.jpg 1024w, https:\/\/culturayciencia.org\/litterae\/wp-content\/uploads\/2023\/08\/Internacional_libro_espanol_litterae_2023_01-300x156.jpg 300w, https:\/\/culturayciencia.org\/litterae\/wp-content\/uploads\/2023\/08\/Internacional_libro_espanol_litterae_2023_01-768x400.jpg 768w, https:\/\/culturayciencia.org\/litterae\/wp-content\/uploads\/2023\/08\/Internacional_libro_espanol_litterae_2023_01-1536x800.jpg 1536w, https:\/\/culturayciencia.org\/litterae\/wp-content\/uploads\/2023\/08\/Internacional_libro_espanol_litterae_2023_01-2048x1066.jpg 2048w\" sizes=\"auto, (max-width: 1024px) 100vw, 1024px\" \/><\/figure>\n\n\n\n<p><\/p>\n\n\n\n<div class=\"wp-block-uagb-buttons uagb-buttons__outer-wrap uagb-btn__default-btn uagb-btn-tablet__default-btn uagb-btn-mobile__default-btn uagb-block-1df46e32\"><div class=\"uagb-buttons__wrap uagb-buttons-layout-wrap\">\n<div class=\"wp-block-uagb-buttons-child uagb-buttons__outer-wrap uagb-block-c5fe8c3b wp-block-button\"><div class=\"uagb-button__wrapper\"><a class=\"uagb-buttons-repeater wp-block-button__link\" href=\"https:\/\/culturayciencia.org\/litterae\/internacionalizacion-del-libro-espanol\/\" rel=\"follow noopener\" target=\"_blank\"><div class=\"uagb-button__link\">M\u00e1s informaci\u00f3n<\/div><\/a><\/div><\/div>\n<\/div><\/div>\n\n\n\n<p><\/p>\n\n\n\n<div class=\"wp-block-uagb-advanced-heading uagb-block-20273c1e\"><h5 class=\"uagb-heading-text\"><a href=\"https:\/\/culturayciencia.org\/litterae\/pablo-sanhermelando\/\">\u2022 <\/a><a href=\"https:\/\/culturayciencia.org\/litterae\/silvia-reig\/\">Silvia Reig<\/a><a href=\"https:\/\/culturayciencia.org\/litterae\/pablo-sanhermelando\/\"><br><\/a><em>Levoir<\/em><\/h5><\/div>\n\n\n\n<div class=\"wp-block-uagb-advanced-heading uagb-block-9ce49d23\"><h5 class=\"uagb-heading-text\"><a href=\"https:\/\/culturayciencia.org\/litterae\/sophie-savary\/\">\u2022 Sophie Savary<br><\/a><em>Sosavbooks Agencia Editorial<\/em><\/h5><\/div>\n\n\n\n<div class=\"wp-block-uagb-advanced-heading uagb-block-ddbbeb62\"><h5 class=\"uagb-heading-text\"><a href=\"https:\/\/culturayciencia.org\/litterae\/karolina-jaszecka\/\">\u2022 <\/a><a href=\"https:\/\/culturayciencia.org\/litterae\/almudena-hernandez-de-la-torre-chicote\/\">Almudena Hern\u00e1ndez de la Torre Chicote<\/a><a href=\"https:\/\/culturayciencia.org\/litterae\/karolina-jaszecka\/\"><br><\/a><em>Direcci\u00f3n General del Libro, el C\u00f3mic y la Lectura<\/em><\/h5><\/div>\n\n\n\n<div class=\"wp-block-uagb-advanced-heading uagb-block-a3841193\"><h5 class=\"uagb-heading-text\"><a href=\"https:\/\/culturayciencia.org\/litterae\/arturo-tendero\/\">\u2022 Arturo Tendero<br><\/a><em>Moderador<\/em><br><em>Escritor. Cr\u00edtico literario<\/em><\/h5><\/div>\n<\/div>\n\n\n\n<div class=\"wp-block-column is-layout-flow wp-block-column-is-layout-flow\">\n<div class=\"wp-block-uagb-advanced-heading uagb-block-88fb9b5a\"><h2 class=\"uagb-heading-text\"><strong>18:30 hrs.<\/strong><\/h2><\/div>\n\n\n\n<div class=\"wp-block-uagb-advanced-heading uagb-block-b5851c5c\"><h2 class=\"uagb-heading-text\"><strong>NETWORKING <\/strong><br><strong>(ONE-TO-ONE)<\/strong><\/h2><div class=\"uagb-separator\"><\/div><p class=\"uagb-desc-text\">Encuentros bilaterales, de 10 minutos, entre los\/as distintos\/as agentes de la cadena del libro.<\/p><\/div>\n\n\n\n<div class=\"wp-block-uagb-buttons uagb-buttons__outer-wrap uagb-btn__default-btn uagb-btn-tablet__default-btn uagb-btn-mobile__default-btn uagb-block-3c897ba7\"><div class=\"uagb-buttons__wrap uagb-buttons-layout-wrap\">\n<div class=\"wp-block-uagb-buttons-child uagb-buttons__outer-wrap uagb-block-2e493945 wp-block-button\"><div class=\"uagb-button__wrapper\"><a class=\"uagb-buttons-repeater wp-block-button__link\" href=\"https:\/\/docs.google.com\/forms\/d\/e\/1FAIpQLSdM6qvZTBfu7AUyiuJYH2afofpI5jmMz47hZZDSGTxNEbc38g\/viewform?usp=sf_link\" rel=\"follow noopener\" target=\"_blank\"><div class=\"uagb-button__link\">Inscr\u00edbete aqu\u00ed<\/div><\/a><\/div><\/div>\n<\/div><\/div>\n<\/div>\n\n\n\n<div class=\"wp-block-column is-layout-flow wp-block-column-is-layout-flow\"><\/div>\n<\/div>\n\n\n\n<div style=\"height:15px\" aria-hidden=\"true\" class=\"wp-block-spacer\"><\/div>\n\n\n\n<div class=\"wp-block-uagb-advanced-heading uagb-block-f25cc933\"><h2 class=\"uagb-heading-text\"><strong>S\u00e1bado 2 de septiembre<\/strong><\/h2><div class=\"uagb-separator\"><\/div><\/div>\n\n\n\n<div class=\"wp-block-columns is-layout-flex wp-container-core-columns-is-layout-9d6595d7 wp-block-columns-is-layout-flex\">\n<div class=\"wp-block-column is-layout-flow wp-block-column-is-layout-flow\">\n<div class=\"wp-block-uagb-advanced-heading uagb-block-8ebbe10a\"><h2 class=\"uagb-heading-text\"><strong>10:30 hrs.<\/strong><\/h2><\/div>\n\n\n\n<div class=\"wp-block-uagb-advanced-heading uagb-block-998cbbcb\"><h2 class=\"uagb-heading-text\"><strong>ADAPTACIONES AUDIOVISUALES DE OBRAS LITERARIAS<\/strong><\/h2><div class=\"uagb-separator\"><\/div><p class=\"uagb-desc-text\">Obras literarias como fuente de inspiraci\u00f3n para cine, series de televisi\u00f3n y plataformas.<\/p><\/div>\n\n\n\n<figure class=\"wp-block-image size-large\"><img loading=\"lazy\" decoding=\"async\" width=\"1024\" height=\"533\" src=\"https:\/\/culturayciencia.org\/litterae\/wp-content\/uploads\/2023\/08\/Adaptaciones_visuales_litterae_2023-1024x533.jpg\" alt=\"\" class=\"wp-image-4272\" srcset=\"https:\/\/culturayciencia.org\/litterae\/wp-content\/uploads\/2023\/08\/Adaptaciones_visuales_litterae_2023-1024x533.jpg 1024w, https:\/\/culturayciencia.org\/litterae\/wp-content\/uploads\/2023\/08\/Adaptaciones_visuales_litterae_2023-300x156.jpg 300w, https:\/\/culturayciencia.org\/litterae\/wp-content\/uploads\/2023\/08\/Adaptaciones_visuales_litterae_2023-768x400.jpg 768w, https:\/\/culturayciencia.org\/litterae\/wp-content\/uploads\/2023\/08\/Adaptaciones_visuales_litterae_2023-1536x800.jpg 1536w, https:\/\/culturayciencia.org\/litterae\/wp-content\/uploads\/2023\/08\/Adaptaciones_visuales_litterae_2023-2048x1066.jpg 2048w\" sizes=\"auto, (max-width: 1024px) 100vw, 1024px\" \/><\/figure>\n\n\n\n<p><\/p>\n\n\n\n<div class=\"wp-block-uagb-buttons uagb-buttons__outer-wrap uagb-btn__default-btn uagb-btn-tablet__default-btn uagb-btn-mobile__default-btn uagb-block-01209047\"><div class=\"uagb-buttons__wrap uagb-buttons-layout-wrap\">\n<div class=\"wp-block-uagb-buttons-child uagb-buttons__outer-wrap uagb-block-16012030 wp-block-button\"><div class=\"uagb-button__wrapper\"><a class=\"uagb-buttons-repeater wp-block-button__link\" href=\"https:\/\/culturayciencia.org\/litterae\/adaptaciones-audiovisuales-de-obras-literarias\/\" rel=\"follow noopener\" target=\"_blank\"><div class=\"uagb-button__link\">M\u00e1s informaci\u00f3n<\/div><\/a><\/div><\/div>\n<\/div><\/div>\n\n\n\n<p><\/p>\n\n\n\n<div class=\"wp-block-uagb-advanced-heading uagb-block-b2d20abc\"><h5 class=\"uagb-heading-text\"><a href=\"https:\/\/culturayciencia.org\/litterae\/humberto-miro\/\">\u2022 Humberto Mir\u00f3<br><\/a><em>Producci\u00f3n Ejecutiva de Ficci\u00f3n<\/em><br>Boomerang TV Producciones<\/h5><\/div>\n\n\n\n<div class=\"wp-block-uagb-advanced-heading uagb-block-c44bf83d\"><h5 class=\"uagb-heading-text\"><a href=\"https:\/\/culturayciencia.org\/litterae\/antonio-corzo\/\">\u2022 Antonio Corzo<br><\/a><em>Director derechos autor<\/em><br>Grupo Urano<\/h5><\/div>\n\n\n\n<div class=\"wp-block-uagb-advanced-heading uagb-block-2b3b6286\"><h5 class=\"uagb-heading-text\"><a href=\"https:\/\/culturayciencia.org\/litterae\/mario-madueno\/\">\u2022 Mario Madue\u00f1o<br><\/a><em>Coordinador Rodando P\u00e1ginas<\/em><br>Rodando p\u00e1ginas<\/h5><\/div>\n\n\n\n<div class=\"wp-block-uagb-advanced-heading uagb-block-abd267aa\"><h5 class=\"uagb-heading-text\"><a href=\"https:\/\/culturayciencia.org\/litterae\/valentina-pozzoli\/\">\u2022 Valentina Pozzoli<br><\/a><em>VP de desarrollo y coproducciones internacionales<\/em><br>Onza Entertainment<\/h5><\/div>\n<\/div>\n\n\n\n<div class=\"wp-block-column is-layout-flow wp-block-column-is-layout-flow\">\n<div class=\"wp-block-uagb-advanced-heading uagb-block-499b983b\"><h2 class=\"uagb-heading-text\"><strong>12:30 hrs.<\/strong><\/h2><\/div>\n\n\n\n<div class=\"wp-block-uagb-advanced-heading uagb-block-5c25be81\"><h2 class=\"uagb-heading-text\"><strong>OBRAS SIN FRONTERAS: LA IMPORTANTE LABOR DEL\/A TRADUCTOR\/A<\/strong><\/h2><div class=\"uagb-separator\"><\/div><p class=\"uagb-desc-text\">Conocedor del mercado editorial y de la literatura adem\u00e1s de descubridor, introductor y divulgador de obras.<\/p><\/div>\n\n\n\n<figure class=\"wp-block-image size-large\"><img loading=\"lazy\" decoding=\"async\" width=\"1024\" height=\"533\" src=\"https:\/\/culturayciencia.org\/litterae\/wp-content\/uploads\/2023\/08\/Obras_sin_fronteras_litterae_2023_01-1024x533.jpg\" alt=\"\" class=\"wp-image-4328\" srcset=\"https:\/\/culturayciencia.org\/litterae\/wp-content\/uploads\/2023\/08\/Obras_sin_fronteras_litterae_2023_01-1024x533.jpg 1024w, https:\/\/culturayciencia.org\/litterae\/wp-content\/uploads\/2023\/08\/Obras_sin_fronteras_litterae_2023_01-300x156.jpg 300w, https:\/\/culturayciencia.org\/litterae\/wp-content\/uploads\/2023\/08\/Obras_sin_fronteras_litterae_2023_01-768x400.jpg 768w, https:\/\/culturayciencia.org\/litterae\/wp-content\/uploads\/2023\/08\/Obras_sin_fronteras_litterae_2023_01-1536x800.jpg 1536w, https:\/\/culturayciencia.org\/litterae\/wp-content\/uploads\/2023\/08\/Obras_sin_fronteras_litterae_2023_01-2048x1066.jpg 2048w\" sizes=\"auto, (max-width: 1024px) 100vw, 1024px\" \/><\/figure>\n\n\n\n<p><\/p>\n\n\n\n<div class=\"wp-block-uagb-buttons uagb-buttons__outer-wrap uagb-btn__default-btn uagb-btn-tablet__default-btn uagb-btn-mobile__default-btn uagb-block-b8f03ffb\"><div class=\"uagb-buttons__wrap uagb-buttons-layout-wrap\">\n<div class=\"wp-block-uagb-buttons-child uagb-buttons__outer-wrap uagb-block-95e2f939 wp-block-button\"><div class=\"uagb-button__wrapper\"><a class=\"uagb-buttons-repeater wp-block-button__link\" href=\"https:\/\/culturayciencia.org\/litterae\/obras-sin-fronteras-la-importante-labor-del-a-traductor-a\/\" rel=\"follow noopener\" target=\"_blank\"><div class=\"uagb-button__link\">M\u00e1s informaci\u00f3n<\/div><\/a><\/div><\/div>\n<\/div><\/div>\n\n\n\n<p><\/p>\n\n\n\n<div class=\"wp-block-uagb-advanced-heading uagb-block-b31f0ba5\"><h5 class=\"uagb-heading-text\"><a href=\"https:\/\/culturayciencia.org\/litterae\/diego-moreno-zambrana\/\">\u2022 Diego Moreno Zambrana<br><\/a>N\u00f3rdica Libros<\/h5><\/div>\n\n\n\n<div class=\"wp-block-uagb-advanced-heading uagb-block-43e9863b\"><h5 class=\"uagb-heading-text\"><a href=\"https:\/\/culturayciencia.org\/litterae\/natalia-zarco\/\">\u2022 Natalia Zarco<br><\/a><em>Traductora ingl\u00e9s e italiano<\/em><\/h5><\/div>\n\n\n\n<div class=\"wp-block-uagb-advanced-heading uagb-block-71a4c521\"><h5 class=\"uagb-heading-text\"><a href=\"https:\/\/culturayciencia.org\/litterae\/karolina-jaszecka\/\">\u2022 Karolina Jaszecka<br><\/a><em>Traductora polaco<\/em><\/h5><\/div>\n\n\n\n<div class=\"wp-block-uagb-advanced-heading uagb-block-f9cbe143\"><h5 class=\"uagb-heading-text\"><a href=\"https:\/\/culturayciencia.org\/litterae\/eva-boj\/\">\u2022 Eva Boj Bragado<\/a><br><em>Moderador<\/em>a<a href=\"https:\/\/culturayciencia.org\/litterae\/eva-boj\/\"><br><\/a>Promotora. Mediadora cultural<\/h5><\/div>\n<\/div>\n\n\n\n<div class=\"wp-block-column is-layout-flow wp-block-column-is-layout-flow\">\n<div class=\"wp-block-uagb-advanced-heading uagb-block-1ce0cdad\"><h2 class=\"uagb-heading-text\"><strong>17:00 hrs.<\/strong><\/h2><\/div>\n\n\n\n<div class=\"wp-block-uagb-advanced-heading uagb-block-c62fd00a\"><h2 class=\"uagb-heading-text\"><strong>DISTRIBUCI\u00d3N DE LIBROS DIGITALES: V\u00cdAS DE COMERCIALIZACI\u00d3N<\/strong><\/h2><div class=\"uagb-separator\"><\/div><p class=\"uagb-desc-text\">Ecosistema digital que facilita el acceso de contenidos a lectores, oyentes y audiencias locales, nacionales e internacionales.<\/p><\/div>\n\n\n\n<figure class=\"wp-block-image size-large\"><img loading=\"lazy\" decoding=\"async\" width=\"1024\" height=\"533\" src=\"https:\/\/culturayciencia.org\/litterae\/wp-content\/uploads\/2023\/08\/Distribuicion_digital_litterae_2023_01-1024x533.jpg\" alt=\"\" class=\"wp-image-4338\" srcset=\"https:\/\/culturayciencia.org\/litterae\/wp-content\/uploads\/2023\/08\/Distribuicion_digital_litterae_2023_01-1024x533.jpg 1024w, https:\/\/culturayciencia.org\/litterae\/wp-content\/uploads\/2023\/08\/Distribuicion_digital_litterae_2023_01-300x156.jpg 300w, https:\/\/culturayciencia.org\/litterae\/wp-content\/uploads\/2023\/08\/Distribuicion_digital_litterae_2023_01-768x400.jpg 768w, https:\/\/culturayciencia.org\/litterae\/wp-content\/uploads\/2023\/08\/Distribuicion_digital_litterae_2023_01-1536x800.jpg 1536w, https:\/\/culturayciencia.org\/litterae\/wp-content\/uploads\/2023\/08\/Distribuicion_digital_litterae_2023_01-2048x1066.jpg 2048w\" sizes=\"auto, (max-width: 1024px) 100vw, 1024px\" \/><\/figure>\n\n\n\n<p><\/p>\n\n\n\n<div class=\"wp-block-uagb-buttons uagb-buttons__outer-wrap uagb-btn__default-btn uagb-btn-tablet__default-btn uagb-btn-mobile__default-btn uagb-block-4c3f7052\"><div class=\"uagb-buttons__wrap uagb-buttons-layout-wrap\">\n<div class=\"wp-block-uagb-buttons-child uagb-buttons__outer-wrap uagb-block-e4e8c8dd wp-block-button\"><div class=\"uagb-button__wrapper\"><a class=\"uagb-buttons-repeater wp-block-button__link\" href=\"https:\/\/culturayciencia.org\/litterae\/distribucion-de-libros-digitales-vias-de-comercializacion\/\" rel=\"follow noopener\" target=\"_blank\"><div class=\"uagb-button__link\">M\u00e1s informaci\u00f3n<\/div><\/a><\/div><\/div>\n<\/div><\/div>\n\n\n\n<p><\/p>\n\n\n\n<div class=\"wp-block-uagb-advanced-heading uagb-block-52c7ad75\"><h5 class=\"uagb-heading-text\"><a href=\"https:\/\/culturayciencia.org\/litterae\/matias-chimirri\/\">\u2022 Mat\u00edas Chimirri<br><\/a><em>Director comercial<\/em><br>Libranda<\/h5><\/div>\n\n\n\n<div class=\"wp-block-uagb-advanced-heading uagb-block-c104adbf\"><h5 class=\"uagb-heading-text\"><a href=\"https:\/\/culturayciencia.org\/litterae\/laura-guindal-martinez\/\">\u2022 Laura Guindal<br><\/a><em>Subdirectora General de Coordinaci\u00f3n Bibliotecaria. Ministerio de Cultura y Deporte.<\/em><\/h5><\/div>\n\n\n\n<div class=\"wp-block-uagb-advanced-heading uagb-block-d7775d9c\"><h5 class=\"uagb-heading-text\"><a href=\"#\">\u2022 <\/a><a href=\"#\">Covado<\/a><a href=\"https:\/\/culturayciencia.org\/litterae\/covadonga-dlom\/\">nga D\u00b4lom<\/a><br><em><em><em>Asesora editorial<\/em><\/em><\/em><\/h5><\/div>\n\n\n\n<div class=\"wp-block-uagb-advanced-heading uagb-block-54e20704\"><h5 class=\"uagb-heading-text\"><a href=\"#\">\u2022 Antonio Li<\/a><a href=\"https:\/\/culturayciencia.org\/litterae\/antonio-liu-yang\/\">u Yang<\/a><br><em><em><em>Facilitador intercultural<\/em><\/em><\/em><\/h5><\/div>\n<\/div>\n<\/div>\n\n\n\n<div class=\"wp-block-columns is-layout-flex wp-container-core-columns-is-layout-9d6595d7 wp-block-columns-is-layout-flex\">\n<div class=\"wp-block-column is-layout-flow wp-block-column-is-layout-flow\">\n<div class=\"wp-block-uagb-advanced-heading uagb-block-76f9eb10\"><h2 class=\"uagb-heading-text\"><strong>18:30 hrs.<\/strong><\/h2><\/div>\n\n\n\n<div class=\"wp-block-uagb-advanced-heading uagb-block-fc5773d0\"><h2 class=\"uagb-heading-text\"><strong>INTELIGENCIA ARTIFICIAL <\/strong><br><strong>VS <br>PROPIEDAD INTELECTUAL<\/strong><\/h2><div class=\"uagb-separator\"><\/div><p class=\"uagb-desc-text\">Evoluci\u00f3n y retos futuros del derecho de propiedad intelectual ante la irrupci\u00f3n de la inteligencia artificial.<\/p><\/div>\n\n\n\n<figure class=\"wp-block-image size-large\"><img loading=\"lazy\" decoding=\"async\" width=\"1024\" height=\"533\" src=\"https:\/\/culturayciencia.org\/litterae\/wp-content\/uploads\/2023\/08\/inteligencia_artificial_vs_propiedad_intelectual_litterae_2023-1024x533.jpg\" alt=\"\" class=\"wp-image-4300\" srcset=\"https:\/\/culturayciencia.org\/litterae\/wp-content\/uploads\/2023\/08\/inteligencia_artificial_vs_propiedad_intelectual_litterae_2023-1024x533.jpg 1024w, https:\/\/culturayciencia.org\/litterae\/wp-content\/uploads\/2023\/08\/inteligencia_artificial_vs_propiedad_intelectual_litterae_2023-300x156.jpg 300w, https:\/\/culturayciencia.org\/litterae\/wp-content\/uploads\/2023\/08\/inteligencia_artificial_vs_propiedad_intelectual_litterae_2023-768x400.jpg 768w, https:\/\/culturayciencia.org\/litterae\/wp-content\/uploads\/2023\/08\/inteligencia_artificial_vs_propiedad_intelectual_litterae_2023-1536x800.jpg 1536w, https:\/\/culturayciencia.org\/litterae\/wp-content\/uploads\/2023\/08\/inteligencia_artificial_vs_propiedad_intelectual_litterae_2023-2048x1066.jpg 2048w\" sizes=\"auto, (max-width: 1024px) 100vw, 1024px\" \/><\/figure>\n\n\n\n<p><\/p>\n\n\n\n<div class=\"wp-block-uagb-buttons uagb-buttons__outer-wrap uagb-btn__default-btn uagb-btn-tablet__default-btn uagb-btn-mobile__default-btn uagb-block-b3623442\"><div class=\"uagb-buttons__wrap uagb-buttons-layout-wrap\">\n<div class=\"wp-block-uagb-buttons-child uagb-buttons__outer-wrap uagb-block-6d3a6b8c wp-block-button\"><div class=\"uagb-button__wrapper\"><a class=\"uagb-buttons-repeater wp-block-button__link\" href=\"https:\/\/culturayciencia.org\/litterae\/inteligencia-artificial-vs-propiedad-intelectual\/\" rel=\"follow noopener\" target=\"_blank\"><div class=\"uagb-button__link\">M\u00e1s informaci\u00f3n<\/div><\/a><\/div><\/div>\n<\/div><\/div>\n\n\n\n<p><\/p>\n\n\n\n<div class=\"wp-block-uagb-advanced-heading uagb-block-5552595c\"><h5 class=\"uagb-heading-text\"><a href=\"https:\/\/culturayciencia.org\/litterae\/pedro-meseguer\/\" rel=\"sponsored nofollow\">\u2022 Pedro Meseguer<br><\/a><em>Instituto IA<\/em> &#8211; CSIC<\/h5><\/div>\n\n\n\n<div class=\"wp-block-uagb-advanced-heading uagb-block-d10083ad\"><h5 class=\"uagb-heading-text\"><a href=\"https:\/\/culturayciencia.org\/litterae\/antonio-maria-avila-alvarez\/\">\u2022 Antonio M\u00aa \u00c1vila<br><\/a><em>Presidente<\/em><br>Federaci\u00f3n de Gremios de Editores de Espa\u00f1a<\/h5><\/div>\n\n\n\n<div class=\"wp-block-uagb-advanced-heading uagb-block-8abca72e\"><h5 class=\"uagb-heading-text\"><a href=\"https:\/\/culturayciencia.org\/litterae\/mercedes-moran-ruiz\/\">\u2022 Mercedes Mor\u00e1n Ruiz<br><\/a>CEDRO<\/h5><\/div>\n\n\n\n<div class=\"wp-block-uagb-advanced-heading uagb-block-589530a3\"><h5 class=\"uagb-heading-text\"><a href=\"https:\/\/culturayciencia.org\/litterae\/raul-herrero\/\">\u2022 Ra\u00fal Herrero<br><\/a><em>Moderador<\/em><br>Escritor. Facilitador intercultural<\/h5><\/div>\n<\/div>\n\n\n\n<div class=\"wp-block-column is-layout-flow wp-block-column-is-layout-flow\"><\/div>\n\n\n\n<div class=\"wp-block-column is-layout-flow wp-block-column-is-layout-flow\"><\/div>\n<\/div>\n","protected":false},"excerpt":{"rendered":"","protected":false},"author":4,"featured_media":4020,"parent":0,"menu_order":0,"comment_status":"closed","ping_status":"closed","template":"","meta":{"_acf_changed":false,"om_disable_all_campaigns":false,"_uag_custom_page_level_css":"","_monsterinsights_skip_tracking":false,"_monsterinsights_sitenote_active":false,"_monsterinsights_sitenote_note":"","_monsterinsights_sitenote_category":0,"_uf_show_specific_survey":0,"_uf_disable_surveys":false,"footnotes":""},"class_list":{"0":"post-3982","1":"page","2":"type-page","3":"status-publish","4":"has-post-thumbnail","6":"no-featured-image-padding"},"acf":[],"aioseo_notices":[],"uagb_featured_image_src":{"full":["https:\/\/culturayciencia.org\/litterae\/wp-content\/uploads\/2023\/05\/Cartel_Litterae_2023_facebook_01-1-scaled.jpg",2560,1293,false],"thumbnail":["https:\/\/culturayciencia.org\/litterae\/wp-content\/uploads\/2023\/05\/Cartel_Litterae_2023_facebook_01-1-150x150.jpg",150,150,true],"medium":["https:\/\/culturayciencia.org\/litterae\/wp-content\/uploads\/2023\/05\/Cartel_Litterae_2023_facebook_01-1-300x151.jpg",300,151,true],"medium_large":["https:\/\/culturayciencia.org\/litterae\/wp-content\/uploads\/2023\/05\/Cartel_Litterae_2023_facebook_01-1-768x388.jpg",768,388,true],"large":["https:\/\/culturayciencia.org\/litterae\/wp-content\/uploads\/2023\/05\/Cartel_Litterae_2023_facebook_01-1-1024x517.jpg",1024,517,true],"1536x1536":["https:\/\/culturayciencia.org\/litterae\/wp-content\/uploads\/2023\/05\/Cartel_Litterae_2023_facebook_01-1-1536x776.jpg",1536,776,true],"2048x2048":["https:\/\/culturayciencia.org\/litterae\/wp-content\/uploads\/2023\/05\/Cartel_Litterae_2023_facebook_01-1-2048x1034.jpg",2048,1034,true]},"uagb_author_info":{"display_name":false,"author_link":"https:\/\/culturayciencia.org\/litterae\/author\/librerae\/"},"uagb_comment_info":0,"uagb_excerpt":null,"_links":{"self":[{"href":"https:\/\/culturayciencia.org\/litterae\/wp-json\/wp\/v2\/pages\/3982","targetHints":{"allow":["GET"]}}],"collection":[{"href":"https:\/\/culturayciencia.org\/litterae\/wp-json\/wp\/v2\/pages"}],"about":[{"href":"https:\/\/culturayciencia.org\/litterae\/wp-json\/wp\/v2\/types\/page"}],"author":[{"embeddable":true,"href":"https:\/\/culturayciencia.org\/litterae\/wp-json\/wp\/v2\/users\/4"}],"replies":[{"embeddable":true,"href":"https:\/\/culturayciencia.org\/litterae\/wp-json\/wp\/v2\/comments?post=3982"}],"version-history":[{"count":0,"href":"https:\/\/culturayciencia.org\/litterae\/wp-json\/wp\/v2\/pages\/3982\/revisions"}],"wp:featuredmedia":[{"embeddable":true,"href":"https:\/\/culturayciencia.org\/litterae\/wp-json\/wp\/v2\/media\/4020"}],"wp:attachment":[{"href":"https:\/\/culturayciencia.org\/litterae\/wp-json\/wp\/v2\/media?parent=3982"}],"curies":[{"name":"wp","href":"https:\/\/api.w.org\/{rel}","templated":true}]}}