{"id":403,"date":"2019-09-04T18:37:27","date_gmt":"2019-09-04T16:37:27","guid":{"rendered":"https:\/\/culturayciencia.org\/litterae\/?page_id=403"},"modified":"2019-09-13T10:20:55","modified_gmt":"2019-09-13T08:20:55","slug":"carmen-moreno","status":"publish","type":"page","link":"https:\/\/culturayciencia.org\/litterae\/carmen-moreno\/","title":{"rendered":"Carmen Moreno"},"content":{"rendered":"\n<div class=\"wp-block-image\"><figure class=\"alignleft\"><img loading=\"lazy\" decoding=\"async\" width=\"400\" height=\"400\" src=\"https:\/\/culturayciencia.org\/litterae\/wp-content\/uploads\/2019\/09\/Carmen_Moreno_Litterae.jpg\" alt=\"\" class=\"wp-image-302\" srcset=\"https:\/\/culturayciencia.org\/litterae\/wp-content\/uploads\/2019\/09\/Carmen_Moreno_Litterae.jpg 400w, https:\/\/culturayciencia.org\/litterae\/wp-content\/uploads\/2019\/09\/Carmen_Moreno_Litterae-150x150.jpg 150w, https:\/\/culturayciencia.org\/litterae\/wp-content\/uploads\/2019\/09\/Carmen_Moreno_Litterae-300x300.jpg 300w\" sizes=\"auto, (max-width: 400px) 100vw, 400px\" \/><\/figure><\/div>\n\n\n\n<h2 class=\"wp-block-heading\" style=\"text-align:center\"><strong>Carmen Moreno <\/strong><\/h2>\n\n\n\n<p style=\"text-align:center\"><strong><em>Cazador de Ratas<\/em><\/strong><\/p>\n\n\n\n<p style=\"text-align:justify\">Nac\u00ed en C\u00e1diz y me licenci\u00e9 en Filolog\u00eda Hisp\u00e1nica en la UCA. Siempre me interes\u00f3 la parte m\u00e1s creativa de las finanzas, as\u00ed que hice un m\u00e1ster en Contabilidad y Finanzas por el CEREM en Madrid y m\u00e1s tarde el m\u00e1ster en edici\u00f3n de la USAL. <\/p>\n\n\n\n<p style=\"text-align:justify\">He trabajado y sigo haci\u00e9ndolo para algunas de las editoriales m\u00e1s importantes de este pa\u00eds, he sido Asesora T\u00e9cnica de Cultura de la Ministra de Igualdad, Bibiana Aido y de editora de contenidos para la Fundaci\u00f3n Giner de los R\u00edos. <\/p>\n\n\n\n<p style=\"text-align:justify\">Pero no se dejen enga\u00f1ar tambi\u00e9n trabaj\u00e9 de jefa de administraci\u00f3n de una empresa de calderer\u00eda y mec\u00e1nica naval y de camarera en Madrid. Porque una cosa es la vocaci\u00f3n y otra la necesidad. <\/p>\n\n\n\n<p style=\"text-align:justify\">En el mundo del periodismo trabaj\u00e9 para revistas como Efe\nEme, Cambio 16; para la radio con la SER; para televisi\u00f3n fue guionista de\nCifras y Letras.<\/p>\n\n\n\n<p style=\"text-align:justify\">Decid\u00ed volver a C\u00e1diz para montar mi editorial porque me parec\u00eda que Madrid ya ten\u00eda suficientes.<\/p>\n\n\n\n<div class=\"wp-block-uagb-team uagb-team uagb-team__outer-wrap uagb-team__image-position-above uagb-team__align-center uagb-team__stack-tablet\" id=\"uagb-team-7a73476a-c8df-432b-97b5-9116e853444b\"><div class=\"uagb-team__wrap\"><div class=\"uagb-team__content\"><div class=\"uagb-team__title-wrap\"><h3 class=\"uagb-team__title\"><\/h3><span class=\"uagb-team__prefix\"><\/span><\/div><div class=\"uagb-team__desc-wrap\"><p class=\"uagb-team__desc\"> Web: <a href=\"http:\/\/www.cazadorderataseditorial.com\">www.cazadorderataseditorial.com<\/a><\/p><\/div><div class=\"uagb-team__social-icon-wrap\"><ul class=\"uagb-team__social-list\"><li class=\"uagb-team__social-icon\"><a href=\"https:\/\/twitter.com\/cazadorderata\" target=\"_self\" title=\"\" rel=\"noopener noreferrer\"><svg xmlns=\"http:\/\/www.w3.org\/2000\/svg\" viewbox=\"0 0 512 512\"><path d=\"M459.37 151.716c.325 4.548.325 9.097.325 13.645 0 138.72-105.583 298.558-298.558 298.558-59.452 0-114.68-17.219-161.137-47.106 8.447.974 16.568 1.299 25.34 1.299 49.055 0 94.213-16.568 130.274-44.832-46.132-.975-84.792-31.188-98.112-72.772 6.498.974 12.995 1.624 19.818 1.624 9.421 0 18.843-1.3 27.614-3.573-48.081-9.747-84.143-51.98-84.143-102.985v-1.299c13.969 7.797 30.214 12.67 47.431 13.319-28.264-18.843-46.781-51.005-46.781-87.391 0-19.492 5.197-37.36 14.294-52.954 51.655 63.675 129.3 105.258 216.365 109.807-1.624-7.797-2.599-15.918-2.599-24.04 0-57.828 46.782-104.934 104.934-104.934 30.213 0 57.502 12.67 76.67 33.137 23.715-4.548 46.456-13.32 66.599-25.34-7.798 24.366-24.366 44.833-46.132 57.827 21.117-2.273 41.584-8.122 60.426-16.243-14.292 20.791-32.161 39.308-52.628 54.253z\"><\/path><\/svg><\/a><\/li><li class=\"uagb-team__social-icon\"><a href=\"https:\/\/www.facebook.com\/cazadorderataseditorial\/\" target=\"_self\" title=\"\" rel=\"noopener noreferrer\"><svg xmlns=\"http:\/\/www.w3.org\/2000\/svg\" viewbox=\"0 0 448 512\"><path d=\"M448 56.7v398.5c0 13.7-11.1 24.7-24.7 24.7H309.1V306.5h58.2l8.7-67.6h-67v-43.2c0-19.6 5.4-32.9 33.5-32.9h35.8v-60.5c-6.2-.8-27.4-2.7-52.2-2.7-51.6 0-87 31.5-87 89.4v49.9h-58.4v67.6h58.4V480H24.7C11.1 480 0 468.9 0 455.3V56.7C0 43.1 11.1 32 24.7 32h398.5c13.7 0 24.8 11.1 24.8 24.7z\"><\/path><\/svg><\/a><\/li><\/ul><\/div><\/div><\/div><\/div>\n","protected":false},"excerpt":{"rendered":"","protected":false},"author":4,"featured_media":0,"parent":0,"menu_order":0,"comment_status":"closed","ping_status":"closed","template":"","meta":{"_acf_changed":false,"om_disable_all_campaigns":false,"_uag_custom_page_level_css":"","_monsterinsights_skip_tracking":false,"_monsterinsights_sitenote_active":false,"_monsterinsights_sitenote_note":"","_monsterinsights_sitenote_category":0,"_uf_show_specific_survey":0,"_uf_disable_surveys":false,"footnotes":""},"class_list":{"0":"post-403","1":"page","2":"type-page","3":"status-publish","5":"no-featured-image-padding"},"acf":[],"aioseo_notices":[],"uagb_featured_image_src":{"full":false,"thumbnail":false,"medium":false,"medium_large":false,"large":false,"1536x1536":false,"2048x2048":false},"uagb_author_info":{"display_name":false,"author_link":"https:\/\/culturayciencia.org\/litterae\/author\/librerae\/"},"uagb_comment_info":0,"uagb_excerpt":null,"_links":{"self":[{"href":"https:\/\/culturayciencia.org\/litterae\/wp-json\/wp\/v2\/pages\/403","targetHints":{"allow":["GET"]}}],"collection":[{"href":"https:\/\/culturayciencia.org\/litterae\/wp-json\/wp\/v2\/pages"}],"about":[{"href":"https:\/\/culturayciencia.org\/litterae\/wp-json\/wp\/v2\/types\/page"}],"author":[{"embeddable":true,"href":"https:\/\/culturayciencia.org\/litterae\/wp-json\/wp\/v2\/users\/4"}],"replies":[{"embeddable":true,"href":"https:\/\/culturayciencia.org\/litterae\/wp-json\/wp\/v2\/comments?post=403"}],"version-history":[{"count":0,"href":"https:\/\/culturayciencia.org\/litterae\/wp-json\/wp\/v2\/pages\/403\/revisions"}],"wp:attachment":[{"href":"https:\/\/culturayciencia.org\/litterae\/wp-json\/wp\/v2\/media?parent=403"}],"curies":[{"name":"wp","href":"https:\/\/api.w.org\/{rel}","templated":true}]}}