{"id":406,"date":"2019-09-04T19:05:25","date_gmt":"2019-09-04T17:05:25","guid":{"rendered":"https:\/\/culturayciencia.org\/litterae\/?page_id=406"},"modified":"2019-09-13T10:26:16","modified_gmt":"2019-09-13T08:26:16","slug":"isabel-ruiz","status":"publish","type":"page","link":"https:\/\/culturayciencia.org\/litterae\/isabel-ruiz\/","title":{"rendered":"Isabel Ruiz"},"content":{"rendered":"\n<div class=\"wp-block-image\"><figure class=\"alignleft\"><img loading=\"lazy\" decoding=\"async\" width=\"400\" height=\"400\" src=\"https:\/\/culturayciencia.org\/litterae\/wp-content\/uploads\/2019\/09\/Isabel_Ruiz_Litterae.jpg\" alt=\"\" class=\"wp-image-304\" srcset=\"https:\/\/culturayciencia.org\/litterae\/wp-content\/uploads\/2019\/09\/Isabel_Ruiz_Litterae.jpg 400w, https:\/\/culturayciencia.org\/litterae\/wp-content\/uploads\/2019\/09\/Isabel_Ruiz_Litterae-150x150.jpg 150w, https:\/\/culturayciencia.org\/litterae\/wp-content\/uploads\/2019\/09\/Isabel_Ruiz_Litterae-300x300.jpg 300w\" sizes=\"auto, (max-width: 400px) 100vw, 400px\" \/><\/figure><\/div>\n\n\n\n<h2 class=\"wp-block-heading\" style=\"text-align:center\"><strong>Isabel Ruiz <\/strong><\/h2>\n\n\n\n<p style=\"text-align:center\"><strong><em>Autora e ilustradora <\/em><\/strong><\/p>\n\n\n\n<p style=\"text-align:justify\">Nacida en \u00dabeda en 1977<strong>,\nIsabel Ruiz Ruiz <\/strong>es licenciada en Bellas Artes en la especialidad de Artes\nPl\u00e1sticas en la Universidad Alonso Cano de Granada y diplomada en Direcci\u00f3n de\nFotograf\u00eda por la E.C.A.M.<\/p>\n\n\n\n<p style=\"text-align:justify\">Compagina su trabajo como directora de fotograf\u00eda en el\naudiovisual con la ilustraci\u00f3n.<\/p>\n\n\n\n<p style=\"text-align:justify\">Como autora e ilustradora tiene cinco t\u00edtulos publicados: <strong><em>La\nestaci\u00f3n de las hojas <\/em><\/strong>(2014 ILUSTROPOS, 2015 bookolia)<em>,<\/em> <strong><em>Mujeres<\/em><\/strong>(2015 ILUSTROPOS)<em>,<\/em> <strong><em>Mujeres\n2<\/em><\/strong> (2016 ILUSTROPOS)<em>, <strong>Mujeres 3<\/strong><\/em> (2017 ILUSTROPOS)<em>,<\/em> y<em>\n<strong>Mujeres 4<\/strong><\/em> (2018 ILUSTROPOS)<em>.<\/em> <\/p>\n\n\n\n<p style=\"text-align:justify\">En los \u00faltimos a\u00f1os su trabajo como ilustradora se ha\ncentrado en dar visibilidad a la mujer para lo que ha creado el sello editorial\nILUSTROPOS, desde donde publica su obra. Con la colecci\u00f3n Mujeres, rescata a\ngrandes mujeres del olvido, en un intento de mostrar un mundo m\u00e1s equilibrado\ndonde encontrar referentes femeninos, en el que la historia tambi\u00e9n se cuente\ncon nombres de mujer. <\/p>\n\n\n\n<p style=\"text-align:justify\">En 2018, gracias a esta colecci\u00f3n, recibi\u00f3 el premio \u201cMujer\nCreativa\u201d del diario Ja\u00e9n. Ese mismo a\u00f1o recibi\u00f3 el premio del Consejo de\nMujeres \u201cParticipando creamos espacios de igualdad\u201d en la categor\u00eda arte y cultura.<\/p>\n\n\n\n<p style=\"text-align:justify\">Como ilustradora tiene cuatro t\u00edtulos m\u00e1s: <strong><em>Cuentos\ny leyendas de Sierra M\u00e1gina<\/em><\/strong> de Jos\u00e9 Gregorio Hidalgo Herrera (2002, El\nOlivo), <strong><em>Cuentos y leyendas de Sierra Cazorla<\/em><\/strong> de Juan Antonio Bueno\nCuadros y Manuel Molina Gonz\u00e1lez (2003, El Olivo) <strong><em>Cuentos de la selva <\/em><\/strong>de\nHoracio Quiroga (2015 bookolia) y <strong><em>El viejo cocinero <\/em><\/strong>de Fernando G.\nMancha (2017)<\/p>\n\n\n\n<p style=\"text-align:justify\">Es la autora de las ilustraciones para la exposici\u00f3n <strong><em>Las mujeres\nen el anarquismo espa\u00f1ol<\/em><\/strong> organizada por la CGT, sindicato para el que\nha dise\u00f1ado numerosos carteles.<\/p>\n\n\n\n<p style=\"text-align:justify\">Es la ilustradora de la campa\u00f1a participativa <strong><em>Vallecas\ncon nombre de mujer<\/em><\/strong>, proceso participativo para poner nombres de mujer\na las calles de Puente de Vallecas.<\/p>\n\n\n\n<div class=\"wp-block-uagb-team uagb-team uagb-team__outer-wrap uagb-team__image-position-above uagb-team__align-center uagb-team__stack-tablet\" id=\"uagb-team-d99ed10c-6d95-4e4f-af9b-0258b4dd3d81\"><div class=\"uagb-team__wrap\"><div class=\"uagb-team__content\"><div class=\"uagb-team__title-wrap\"><h4 class=\"uagb-team__title\"><\/h4><span class=\"uagb-team__prefix\"><\/span><\/div><div class=\"uagb-team__desc-wrap\"><p class=\"uagb-team__desc\">Web:  <a href=\"http:\/\/www.isabelruizruizilustracion.com\/\">http:\/\/www.isabelruizruizilustracion.com\/ <\/a><\/p><\/div><div class=\"uagb-team__social-icon-wrap\"><ul class=\"uagb-team__social-list\"><li class=\"uagb-team__social-icon\"><a href=\"https:\/\/twitter.com\/isabelrrilustra\" target=\"_self\" title=\"\" rel=\"noopener noreferrer\"><svg xmlns=\"http:\/\/www.w3.org\/2000\/svg\" viewbox=\"0 0 512 512\"><path d=\"M459.37 151.716c.325 4.548.325 9.097.325 13.645 0 138.72-105.583 298.558-298.558 298.558-59.452 0-114.68-17.219-161.137-47.106 8.447.974 16.568 1.299 25.34 1.299 49.055 0 94.213-16.568 130.274-44.832-46.132-.975-84.792-31.188-98.112-72.772 6.498.974 12.995 1.624 19.818 1.624 9.421 0 18.843-1.3 27.614-3.573-48.081-9.747-84.143-51.98-84.143-102.985v-1.299c13.969 7.797 30.214 12.67 47.431 13.319-28.264-18.843-46.781-51.005-46.781-87.391 0-19.492 5.197-37.36 14.294-52.954 51.655 63.675 129.3 105.258 216.365 109.807-1.624-7.797-2.599-15.918-2.599-24.04 0-57.828 46.782-104.934 104.934-104.934 30.213 0 57.502 12.67 76.67 33.137 23.715-4.548 46.456-13.32 66.599-25.34-7.798 24.366-24.366 44.833-46.132 57.827 21.117-2.273 41.584-8.122 60.426-16.243-14.292 20.791-32.161 39.308-52.628 54.253z\"><\/path><\/svg><\/a><\/li><li class=\"uagb-team__social-icon\"><a href=\"https:\/\/www.facebook.com\/isabelruizruizilustracion\/\" target=\"_self\" title=\"\" rel=\"noopener noreferrer\"><svg xmlns=\"http:\/\/www.w3.org\/2000\/svg\" viewbox=\"0 0 448 512\"><path d=\"M448 56.7v398.5c0 13.7-11.1 24.7-24.7 24.7H309.1V306.5h58.2l8.7-67.6h-67v-43.2c0-19.6 5.4-32.9 33.5-32.9h35.8v-60.5c-6.2-.8-27.4-2.7-52.2-2.7-51.6 0-87 31.5-87 89.4v49.9h-58.4v67.6h58.4V480H24.7C11.1 480 0 468.9 0 455.3V56.7C0 43.1 11.1 32 24.7 32h398.5c13.7 0 24.8 11.1 24.8 24.7z\"><\/path><\/svg><\/a><\/li><li class=\"uagb-team__social-icon\"><a href=\"https:\/\/www.instagram.com\/ruizruizisabel\/\" target=\"_self\" title=\"\" rel=\"noopener noreferrer\"><svg xmlns=\"http:\/\/www.w3.org\/2000\/svg\" viewbox=\"0 0 448 512\"><path d=\"M224.1 141c-63.6 0-114.9 51.3-114.9 114.9s51.3 114.9 114.9 114.9S339 319.5 339 255.9 287.7 141 224.1 141zm0 189.6c-41.1 0-74.7-33.5-74.7-74.7s33.5-74.7 74.7-74.7 74.7 33.5 74.7 74.7-33.6 74.7-74.7 74.7zm146.4-194.3c0 14.9-12 26.8-26.8 26.8-14.9 0-26.8-12-26.8-26.8s12-26.8 26.8-26.8 26.8 12 26.8 26.8zm76.1 27.2c-1.7-35.9-9.9-67.7-36.2-93.9-26.2-26.2-58-34.4-93.9-36.2-37-2.1-147.9-2.1-184.9 0-35.8 1.7-67.6 9.9-93.9 36.1s-34.4 58-36.2 93.9c-2.1 37-2.1 147.9 0 184.9 1.7 35.9 9.9 67.7 36.2 93.9s58 34.4 93.9 36.2c37 2.1 147.9 2.1 184.9 0 35.9-1.7 67.7-9.9 93.9-36.2 26.2-26.2 34.4-58 36.2-93.9 2.1-37 2.1-147.8 0-184.8zM398.8 388c-7.8 19.6-22.9 34.7-42.6 42.6-29.5 11.7-99.5 9-132.1 9s-102.7 2.6-132.1-9c-19.6-7.8-34.7-22.9-42.6-42.6-11.7-29.5-9-99.5-9-132.1s-2.6-102.7 9-132.1c7.8-19.6 22.9-34.7 42.6-42.6 29.5-11.7 99.5-9 132.1-9s102.7-2.6 132.1 9c19.6 7.8 34.7 22.9 42.6 42.6 11.7 29.5 9 99.5 9 132.1s2.7 102.7-9 132.1z\"><\/path><\/svg><\/a><\/li><li class=\"uagb-team__social-icon\"><a href=\"https:\/\/www.behance.net\/iruizruizilustradora\" target=\"_self\" title=\"\" rel=\"noopener noreferrer\"><svg xmlns=\"http:\/\/www.w3.org\/2000\/svg\" viewbox=\"0 0 576 512\"><path d=\"M232 237.2c31.8-15.2 48.4-38.2 48.4-74 0-70.6-52.6-87.8-113.3-87.8H0v354.4h171.8c64.4 0 124.9-30.9 124.9-102.9 0-44.5-21.1-77.4-64.7-89.7zM77.9 135.9H151c28.1 0 53.4 7.9 53.4 40.5 0 30.1-19.7 42.2-47.5 42.2h-79v-82.7zm83.3 233.7H77.9V272h84.9c34.3 0 56 14.3 56 50.6 0 35.8-25.9 47-57.6 47zm358.5-240.7H376V94h143.7v34.9zM576 305.2c0-75.9-44.4-139.2-124.9-139.2-78.2 0-131.3 58.8-131.3 135.8 0 79.9 50.3 134.7 131.3 134.7 61.3 0 101-27.6 120.1-86.3H509c-6.7 21.9-34.3 33.5-55.7 33.5-41.3 0-63-24.2-63-65.3h185.1c.3-4.2.6-8.7.6-13.2zM390.4 274c2.3-33.7 24.7-54.8 58.5-54.8 35.4 0 53.2 20.8 56.2 54.8H390.4z\"><\/path><\/svg><\/a><\/li><\/ul><\/div><\/div><\/div><\/div>\n","protected":false},"excerpt":{"rendered":"","protected":false},"author":4,"featured_media":0,"parent":0,"menu_order":0,"comment_status":"closed","ping_status":"closed","template":"","meta":{"_acf_changed":false,"om_disable_all_campaigns":false,"_uag_custom_page_level_css":"","_monsterinsights_skip_tracking":false,"_monsterinsights_sitenote_active":false,"_monsterinsights_sitenote_note":"","_monsterinsights_sitenote_category":0,"_uf_show_specific_survey":0,"_uf_disable_surveys":false,"footnotes":""},"class_list":{"0":"post-406","1":"page","2":"type-page","3":"status-publish","5":"no-featured-image-padding"},"acf":[],"aioseo_notices":[],"uagb_featured_image_src":{"full":false,"thumbnail":false,"medium":false,"medium_large":false,"large":false,"1536x1536":false,"2048x2048":false},"uagb_author_info":{"display_name":false,"author_link":"https:\/\/culturayciencia.org\/litterae\/author\/librerae\/"},"uagb_comment_info":0,"uagb_excerpt":null,"_links":{"self":[{"href":"https:\/\/culturayciencia.org\/litterae\/wp-json\/wp\/v2\/pages\/406","targetHints":{"allow":["GET"]}}],"collection":[{"href":"https:\/\/culturayciencia.org\/litterae\/wp-json\/wp\/v2\/pages"}],"about":[{"href":"https:\/\/culturayciencia.org\/litterae\/wp-json\/wp\/v2\/types\/page"}],"author":[{"embeddable":true,"href":"https:\/\/culturayciencia.org\/litterae\/wp-json\/wp\/v2\/users\/4"}],"replies":[{"embeddable":true,"href":"https:\/\/culturayciencia.org\/litterae\/wp-json\/wp\/v2\/comments?post=406"}],"version-history":[{"count":0,"href":"https:\/\/culturayciencia.org\/litterae\/wp-json\/wp\/v2\/pages\/406\/revisions"}],"wp:attachment":[{"href":"https:\/\/culturayciencia.org\/litterae\/wp-json\/wp\/v2\/media?parent=406"}],"curies":[{"name":"wp","href":"https:\/\/api.w.org\/{rel}","templated":true}]}}